{"id":2160,"date":"2024-04-24T07:31:12","date_gmt":"2024-04-24T07:31:12","guid":{"rendered":"https:\/\/www.manticeramicitalia.it\/aquaproof\/"},"modified":"2025-11-03T11:06:50","modified_gmt":"2025-11-03T11:06:50","slug":"aquaproof","status":"publish","type":"page","link":"https:\/\/www.manticeramicitalia.it\/es\/construccion\/aquaproof\/","title":{"rendered":"Aquaproof"},"content":{"rendered":"\n<style type=\"text\/css\" data-created_by=\"avia_inline_auto\" id=\"style-css-av-m14yp3hx-c257dd626dc4911ff1d8093d86d74810\">\n.avia-section.av-m14yp3hx-c257dd626dc4911ff1d8093d86d74810{\nbackground-color:#181a7c;\nbackground-image:unset;\n}\n<\/style>\n<div id='av_section_1'  class='avia-section av-m14yp3hx-c257dd626dc4911ff1d8093d86d74810 main_color avia-section-default avia-no-border-styling  avia-builder-el-0  el_before_av_section  avia-builder-el-first  avia-bg-style-scroll container_wrap sidebar_right'  ><div class='container av-section-cont-open' ><main  role=\"main\" itemprop=\"mainContentOfPage\"  class='template-page content  av-content-small alpha units'><div class='post-entry post-entry-type-page post-entry-2160'><div class='entry-content-wrapper clearfix'>\n\n<style type=\"text\/css\" data-created_by=\"avia_inline_auto\" id=\"style-css-av-m166qgvi-ede0a6e77af195010de10294de9fef4f\">\n#top .av_textblock_section.av-m166qgvi-ede0a6e77af195010de10294de9fef4f .avia_textblock{\ncolor:#ffffff;\n}\n<\/style>\n<section  class='av_textblock_section av-m166qgvi-ede0a6e77af195010de10294de9fef4f '   itemscope=\"itemscope\" itemtype=\"https:\/\/schema.org\/CreativeWork\" ><div class='avia_textblock av_inherit_color'  itemprop=\"text\" ><h1 style=\"text-align: center;\"><strong>AQUAPROOF<\/strong><\/h1>\n<\/div><\/section>\n\n<\/div><\/div><\/main><!-- close content main element --><\/div><\/div><div id='av_section_2'  class='avia-section av-azpcpb-0758c731ed3422812bcecc12a3406c9a main_color avia-section-default avia-no-border-styling  avia-builder-el-2  el_after_av_section  avia-builder-el-last  avia-bg-style-scroll container_wrap sidebar_right'  ><div class='container av-section-cont-open' ><div class='template-page content  av-content-small alpha units'><div class='post-entry post-entry-type-page post-entry-2160'><div class='entry-content-wrapper clearfix'>\n<div  class='flex_column av-7ai98v-14456bd252001250737ef116e7798b1f av_one_half  avia-builder-el-3  el_before_av_one_half  avia-builder-el-first  first flex_column_div  '     ><style type=\"text\/css\" data-created_by=\"avia_inline_auto\" id=\"style-css-av-m14yqb49-ad37526734e3097dbd430e5586157ea3\">\n.avia-image-container.av-m14yqb49-ad37526734e3097dbd430e5586157ea3 img.avia_image{\nbox-shadow:none;\n}\n.avia-image-container.av-m14yqb49-ad37526734e3097dbd430e5586157ea3 .av-image-caption-overlay-center{\ncolor:#ffffff;\n}\n<\/style>\n<div  class='avia-image-container av-m14yqb49-ad37526734e3097dbd430e5586157ea3 av-styling- avia-align-center  avia-builder-el-4  avia-builder-el-no-sibling '   itemprop=\"image\" itemscope=\"itemscope\" itemtype=\"https:\/\/schema.org\/ImageObject\" ><div class=\"avia-image-container-inner\"><div class=\"avia-image-overlay-wrap\"><img decoding=\"async\" fetchpriority=\"high\" class='wp-image-1891 avia-img-lazy-loading-not-1891 avia_image ' src=\"https:\/\/www.manticeramicitalia.it\/wp-content\/uploads\/2024\/05\/7.-mock-up-Aquaproof.jpg\" alt='Aquaproof' title='mock up secchio'  height=\"400\" width=\"400\"  itemprop=\"thumbnailUrl\" srcset=\"https:\/\/www.manticeramicitalia.it\/wp-content\/uploads\/2024\/05\/7.-mock-up-Aquaproof.jpg 900w, https:\/\/www.manticeramicitalia.it\/wp-content\/uploads\/2024\/05\/7.-mock-up-Aquaproof-300x300.jpg 300w, https:\/\/www.manticeramicitalia.it\/wp-content\/uploads\/2024\/05\/7.-mock-up-Aquaproof-150x150.jpg 150w, https:\/\/www.manticeramicitalia.it\/wp-content\/uploads\/2024\/05\/7.-mock-up-Aquaproof-768x768.jpg 768w\" sizes=\"(max-width: 400px) 100vw, 400px\" \/><\/div><\/div><\/div><\/div><div  class='flex_column av-58pktb-a91b13dad5b1c7fc6b913ca2595054c4 av_one_half  avia-builder-el-5  el_after_av_one_half  el_before_av_one_half  flex_column_div  '     ><p>\n<style type=\"text\/css\" data-created_by=\"avia_inline_auto\" id=\"style-css-av-m14yqzrp-72d681a3fad21280f50f24e98824f307\">\n#top .av-special-heading.av-m14yqzrp-72d681a3fad21280f50f24e98824f307{\npadding-bottom:10px;\ncolor:#181a7c;\n}\nbody .av-special-heading.av-m14yqzrp-72d681a3fad21280f50f24e98824f307 .av-special-heading-tag .heading-char{\nfont-size:25px;\n}\n.av-special-heading.av-m14yqzrp-72d681a3fad21280f50f24e98824f307 .special-heading-inner-border{\nborder-color:#181a7c;\n}\n.av-special-heading.av-m14yqzrp-72d681a3fad21280f50f24e98824f307 .av-subheading{\nfont-size:15px;\n}\nbody .av-special-heading.av-m14yqzrp-72d681a3fad21280f50f24e98824f307 .av-special-heading-tag .heading-wrap:before{\nborder-color:#181a7c;\n}\nbody .av-special-heading.av-m14yqzrp-72d681a3fad21280f50f24e98824f307 .av-special-heading-tag .heading-wrap:after{\nborder-color:#181a7c;\n}\n<\/style>\n<div  class='av-special-heading av-m14yqzrp-72d681a3fad21280f50f24e98824f307 av-special-heading-h2 custom-color-heading  avia-builder-el-6  el_before_av_textblock  avia-builder-el-first '><h2 class='av-special-heading-tag '  itemprop=\"headline\"  >Descripci\u00f3n del producto<\/h2><div class=\"special-heading-border\"><div class=\"special-heading-inner-border\"><\/div><\/div><\/div><br \/>\n<section  class='av_textblock_section av-m14yr8p7-e746f44fd1fae338e8f620cb769f47cd '   itemscope=\"itemscope\" itemtype=\"https:\/\/schema.org\/CreativeWork\" ><div class='avia_textblock'  itemprop=\"text\" ><p>Es un r<strong>evestimiento impermeabilizante de resina elastom\u00e9rica<\/strong>, a base de <strong>resinas <\/strong>acr\u00edlicas modificadas. <strong>Resistente <\/strong>incluso a atm\u00f3sferas agresivas, impermeable pero <strong>permeable <\/strong>al vapor de agua. Espec\u00edficamente utilizado para <strong>revestimientos impermeabilizantes<\/strong> con capacidad de puenteo de fisuras, sobre la superficie de <strong>estructuras portantes<\/strong> de hormig\u00f3n sometidas a flexi\u00f3n y compresi\u00f3n, ya fisuradas o con riesgo de fisuraci\u00f3n. Puede utilizarse para la <strong>protecci\u00f3n <\/strong> y anticarbonataci\u00f3n frente a los agentes atmosf\u00e9ricos del hormig\u00f3n in situ y prefabricado de puentes, viaductos y estructuras de diversa \u00edndole. Adecuado para la <strong>protecci\u00f3n <\/strong>de losas solares, terrazas, cubiertas planas bajo pavimento y, espec\u00edficamente, sobre el aislamiento nanotecnol\u00f3gico <strong>Manti Ceramic<\/strong>. Tambi\u00e9n es adecuado para el <strong>revestimiento <\/strong>de estructuras de hormig\u00f3n como torres piezom\u00e9tricas, torres de evaporaci\u00f3n, exterior de dep\u00f3sitos de depuraci\u00f3n, incluso en atm\u00f3sferas industriales agresivas. Tiene una <strong>excelente <\/strong><strong>adherencia <\/strong>directa sobre sustratos cementosos limpios y secos.<\/p>\n<\/div><\/section><br \/>\n<div  class='avia-button-wrap av-m14ytnjm-c42213c52c045834d4cfe9edebb755e7-wrap avia-button-center  avia-builder-el-8  el_after_av_textblock  avia-builder-el-last '>\n<style type=\"text\/css\" data-created_by=\"avia_inline_auto\" id=\"style-css-av-m14ytnjm-c42213c52c045834d4cfe9edebb755e7\">\n#top #wrap_all .avia-button.av-m14ytnjm-c42213c52c045834d4cfe9edebb755e7{\nbackground-color:#181a7c;\nborder-color:#181a7c;\ntransition:all 0.4s ease-in-out;\n}\n#top #wrap_all .avia-button.av-m14ytnjm-c42213c52c045834d4cfe9edebb755e7:hover{\nbackground-color:#e80d0f;\ncolor:white;\ntransition:all 0.4s ease-in-out;\n}\n#top #wrap_all .avia-button.av-m14ytnjm-c42213c52c045834d4cfe9edebb755e7:hover .avia-svg-icon svg:first-child{\nfill:white;\nstroke:white;\n}\n<\/style>\n<a href='https:\/\/www.manticeramicitalia.it\/wp-content\/uploads\/2025\/11\/Ficha-tecnica-AQUAPROOF-3.pdf'  class='avia-button av-m14ytnjm-c42213c52c045834d4cfe9edebb755e7 av-link-btn avia-icon_select-no avia-size-medium avia-position-center avia-font-color-theme-color'   aria-label=\"DESCARGAR FICHA T\u00c9CNICA\"><span class='avia_iconbox_title' >DESCARGAR FICHA T\u00c9CNICA<\/span><\/a><\/div><\/p><\/div><div  class='flex_column av-a5w7j-8909aa57acc7121a10341d802d0ad224 av_one_half  avia-builder-el-9  el_after_av_one_half  el_before_av_one_half  first flex_column_div  column-top-margin'     ><p>\n<style type=\"text\/css\" data-created_by=\"avia_inline_auto\" id=\"style-css-av-m14yvghb-579e4f4c3c24bd6a176e96c677a067ae\">\n#top .av-special-heading.av-m14yvghb-579e4f4c3c24bd6a176e96c677a067ae{\npadding-bottom:10px;\ncolor:#e80d0fff;\n}\nbody .av-special-heading.av-m14yvghb-579e4f4c3c24bd6a176e96c677a067ae .av-special-heading-tag .heading-char{\nfont-size:25px;\n}\n.av-special-heading.av-m14yvghb-579e4f4c3c24bd6a176e96c677a067ae .special-heading-inner-border{\nborder-color:#e80d0fff;\n}\n.av-special-heading.av-m14yvghb-579e4f4c3c24bd6a176e96c677a067ae .av-subheading{\nfont-size:15px;\n}\n<\/style>\n<div  class='av-special-heading av-m14yvghb-579e4f4c3c24bd6a176e96c677a067ae av-special-heading-h3 custom-color-heading blockquote modern-quote  avia-builder-el-10  el_before_av_heading  avia-builder-el-first '><h3 class='av-special-heading-tag '  itemprop=\"headline\"  >Contacta con nosotros<\/h3><div class=\"special-heading-border\"><div class=\"special-heading-inner-border\"><\/div><\/div><\/div><br \/>\n\n<style type=\"text\/css\" data-created_by=\"avia_inline_auto\" id=\"style-css-av-m14yvpru-e15e8fa5ccf19cdf8bcc4ed3d3ec3a4f\">\n#top .av-special-heading.av-m14yvpru-e15e8fa5ccf19cdf8bcc4ed3d3ec3a4f{\npadding-bottom:10px;\ncolor:#e80d0fff;\n}\nbody .av-special-heading.av-m14yvpru-e15e8fa5ccf19cdf8bcc4ed3d3ec3a4f .av-special-heading-tag .heading-char{\nfont-size:25px;\n}\n.av-special-heading.av-m14yvpru-e15e8fa5ccf19cdf8bcc4ed3d3ec3a4f .special-heading-inner-border{\nborder-color:#e80d0fff;\n}\n.av-special-heading.av-m14yvpru-e15e8fa5ccf19cdf8bcc4ed3d3ec3a4f .av-subheading{\nfont-size:15px;\n}\n<\/style>\n<div  class='av-special-heading av-m14yvpru-e15e8fa5ccf19cdf8bcc4ed3d3ec3a4f av-special-heading-h1 custom-color-heading blockquote modern-quote  avia-builder-el-11  el_after_av_heading  el_before_av_font_icon '><h1 class='av-special-heading-tag '  itemprop=\"headline\"  >Rellena el formulario para recibir m\u00e1s informaci\u00f3n<\/h1><div class=\"special-heading-border\"><div class=\"special-heading-inner-border\"><\/div><\/div><\/div><br \/>\n\n<style type=\"text\/css\" data-created_by=\"avia_inline_auto\" id=\"style-css-av-m14ywcwy-5f7497266e59cb11d48e0a097377e49c\">\n.av_font_icon.av-m14ywcwy-5f7497266e59cb11d48e0a097377e49c{\ncolor:#e80d0f;\nborder-color:#e80d0f;\n}\n.avia-svg-icon.av-m14ywcwy-5f7497266e59cb11d48e0a097377e49c svg:first-child{\nstroke:#e80d0f;\nfill:#e80d0f;\n}\n.av_font_icon.av-m14ywcwy-5f7497266e59cb11d48e0a097377e49c .av-icon-char{\nfont-size:40px;\nline-height:40px;\n}\n<\/style>\n<span  class='av_font_icon av-m14ywcwy-5f7497266e59cb11d48e0a097377e49c avia_animate_when_visible av-icon-style- avia-icon-pos-left avia-iconfont avia-font-entypo-fontello avia-icon-animate'><span class='av-icon-char' data-av_icon='\ue889' data-av_iconfont='entypo-fontello' aria-hidden=\"true\" ><\/span><\/span><\/p><\/div><div  class='flex_column av-m14yzvbv-f2ad2eda90d2a6834e097c565c0c81c1 av_one_half  avia-builder-el-13  el_after_av_one_half  avia-builder-el-last  flex_column_div  column-top-margin'     ><form action=\"https:\/\/www.manticeramicitalia.it\/es\/construccion\/aquaproof\/\" method=\"post\" data-fields-with-error=\"Found errors in the following field(s):\" class=\"avia_ajax_form av-form-labels-hidden   avia-builder-el-14  avia-builder-el-no-sibling  av-show-form-errors  av-custom-form-color av-dark-form \" data-avia-form-id=\"1\" data-avia-redirect=''  aria-label='Modulo di contatto' ><h3 class=''>Env\u00edanos un correo electr\u00f3nico<\/h3><fieldset><p class='  first_form  form_element form_element_half' id='element_avia_1_1'><label for=\"avia_1_1\">Nombre y apellidos <abbr class=\"required\" title=\"requerido\">*<\/abbr><\/label> <input name=\"avia_1_1\" class=\"text_input is_empty\" type=\"text\" id=\"avia_1_1\" value=\"\"  placeholder='Nombre y apellidos*'\/><\/p><p class='  form_element form_element_half' id='element_avia_2_1'><label for=\"avia_2_1\">Correo electr\u00f3nico <abbr class=\"required\" title=\"requerido\">*<\/abbr><\/label> <input name=\"avia_2_1\" class=\"text_input is_email\" type=\"text\" id=\"avia_2_1\" value=\"\"  placeholder='Correo electr\u00f3nico*'\/><\/p><p class='  first_form  form_element form_element_half' id='element_avia_3_1'><label for=\"avia_3_1\">Provincia <abbr class=\"required\" title=\"requerido\">*<\/abbr><\/label> <input name=\"avia_3_1\" class=\"text_input is_empty\" type=\"text\" id=\"avia_3_1\" value=\"\"  placeholder='Provincia*'\/><\/p><p class='  form_element form_element_half' id='element_avia_4_1'><label for=\"avia_4_1\">Tel\u00e9fono m\u00f3vil <abbr class=\"required\" title=\"requerido\">*<\/abbr><\/label> <input name=\"avia_4_1\" class=\"text_input is_phone\" type=\"text\" id=\"avia_4_1\" value=\"\"  placeholder='Tel\u00e9fono m\u00f3vil*'\/><\/p><p class='  first_form  form_element form_fullwidth' id='element_avia_5_1'><label for=\"avia_5_1\" class=\"textare_label hidden textare_label_avia_5_1\">Mensaje <abbr class=\"required\" title=\"requerido\">*<\/abbr><\/label><textarea  placeholder='Mensaje*' name=\"avia_5_1\" class=\"text_area is_empty\" cols=\"40\" rows=\"7\" id=\"avia_5_1\" ><\/textarea><\/p><p class='  first_form  form_element form_fullwidth' id='element_avia_6_1'><label for=\"avia_6_1\" class=\"textare_label hidden textare_label_avia_6_1\">Mensaje <abbr class=\"required\" title=\"requerido\">*<\/abbr><\/label><textarea  placeholder='Mensaje*' name=\"avia_6_1\" class=\"text_area is_empty\" cols=\"40\" rows=\"7\" id=\"avia_6_1\" ><\/textarea><\/p><p class='  first_form  form_element form_fullwidth' id='element_avia_7_1'><input  name=\"avia_7_1\" class=\"input_checkbox is_empty\" type=\"checkbox\" id=\"avia_7_1\" value=\"true\"\/><label class=\"input_checkbox_label\" for=\"avia_7_1\">Acconsento al trattamento dei dati personali per le finalit\u00e0 indicate nell\u2019<a href=\"https:\/\/www.manticeramicitalia.it\/privacy-policy\/\">informativa<\/a> <abbr class=\"required\" title=\"requerido\">*<\/abbr><\/label><\/p><h6 id='element_avia_8_1' class=' first_form  form_element form_fullwidth av-form-headline '>Demuestra que no eres un robot<\/h6><p class=\"hidden\"><input type=\"text\" name=\"avia_9_1\" class=\"hidden \" id=\"avia_9_1\" value=\"\" \/><\/p><p class='   form_element form_fullwidth' id='element_avia_10_1'><span class='value_verifier_label'>3 + 5 = ?<\/span><input name=\"avia_10_1_verifier\" type=\"hidden\" id=\"avia_10_1_verifier\" value=\"254778487\"\/><label for=\"avia_10_1\">Para mayor seguridad, responde la siguiente pregunta <abbr class=\"required\" title=\"requerido\">*<\/abbr><\/label><input name=\"avia_10_1\" class=\"text_input captcha\" type=\"text\" id=\"avia_10_1\" value=\"\"\/><\/p><p class=\"form_element \"><input type=\"hidden\" value=\"1\" name=\"avia_generated_form1\" \/><input type=\"submit\" value=\"ENVIAR\" class=\"button\"  data-sending-label=\"Enviando\"\/><\/p><\/fieldset><\/form><div id=\"ajaxresponse_1\" class=\"ajaxresponse ajaxresponse_1 hidden\"><\/div><\/div><\/div><\/div><\/div><!-- close content main div --><\/div><\/div><div id='after_section_2'  class='main_color av_default_container_wrap container_wrap sidebar_right'  ><div class='container av-section-cont-open' ><div class='template-page content  av-content-small alpha units'><div class='post-entry post-entry-type-page post-entry-2160'><div class='entry-content-wrapper clearfix'>\n","protected":false},"excerpt":{"rendered":"","protected":false},"author":1,"featured_media":0,"parent":2193,"menu_order":0,"comment_status":"closed","ping_status":"closed","template":"","meta":{"two_page_speed":[],"footnotes":""},"class_list":["post-2160","page","type-page","status-publish","hentry"],"yoast_head":"<!-- This site is optimized with the Yoast SEO Premium plugin v27.6 (Yoast SEO v27.6) - https:\/\/yoast.com\/product\/yoast-seo-premium-wordpress\/ -->\n<title>Aquaproof - Revestimiento cer\u00e1mico impermeabilizante Manti<\/title>\n<meta name=\"description\" content=\"Aquaproof - Manti Revestimiento cer\u00e1mico elastom\u00e9rico impermeabilizante, ideal para proteger hormig\u00f3n y estructuras diversas.\" \/>\n<meta name=\"robots\" content=\"index, follow, max-snippet:-1, max-image-preview:large, max-video-preview:-1\" \/>\n<link rel=\"canonical\" href=\"https:\/\/www.manticeramicitalia.it\/es\/construccion\/aquaproof\/\" \/>\n<meta property=\"og:locale\" content=\"es_ES\" \/>\n<meta property=\"og:type\" content=\"article\" \/>\n<meta property=\"og:title\" content=\"Aquaproof\" \/>\n<meta property=\"og:description\" content=\"Aquaproof - Manti Revestimiento cer\u00e1mico elastom\u00e9rico impermeabilizante, ideal para proteger hormig\u00f3n y estructuras diversas.\" \/>\n<meta property=\"og:url\" content=\"https:\/\/www.manticeramicitalia.it\/es\/construccion\/aquaproof\/\" \/>\n<meta property=\"og:site_name\" content=\"Manti Ceramic Italia\" \/>\n<meta property=\"article:modified_time\" content=\"2025-11-03T11:06:50+00:00\" \/>\n<meta name=\"twitter:card\" content=\"summary_large_image\" \/>\n<meta name=\"twitter:label1\" content=\"Tiempo de lectura\" \/>\n\t<meta name=\"twitter:data1\" content=\"2 minutos\" \/>\n<script type=\"application\/ld+json\" class=\"yoast-schema-graph\">{\"@context\":\"https:\\\/\\\/schema.org\",\"@graph\":[{\"@type\":\"WebPage\",\"@id\":\"https:\\\/\\\/www.manticeramicitalia.it\\\/es\\\/construccion\\\/aquaproof\\\/\",\"url\":\"https:\\\/\\\/www.manticeramicitalia.it\\\/es\\\/construccion\\\/aquaproof\\\/\",\"name\":\"Aquaproof - Revestimiento cer\u00e1mico impermeabilizante Manti\",\"isPartOf\":{\"@id\":\"https:\\\/\\\/www.manticeramicitalia.it\\\/es\\\/#website\"},\"datePublished\":\"2024-04-24T07:31:12+00:00\",\"dateModified\":\"2025-11-03T11:06:50+00:00\",\"description\":\"Aquaproof - Manti Revestimiento cer\u00e1mico elastom\u00e9rico impermeabilizante, ideal para proteger hormig\u00f3n y estructuras diversas.\",\"breadcrumb\":{\"@id\":\"https:\\\/\\\/www.manticeramicitalia.it\\\/es\\\/construccion\\\/aquaproof\\\/#breadcrumb\"},\"inLanguage\":\"es\",\"potentialAction\":[{\"@type\":\"ReadAction\",\"target\":[\"https:\\\/\\\/www.manticeramicitalia.it\\\/es\\\/construccion\\\/aquaproof\\\/\"]}]},{\"@type\":\"BreadcrumbList\",\"@id\":\"https:\\\/\\\/www.manticeramicitalia.it\\\/es\\\/construccion\\\/aquaproof\\\/#breadcrumb\",\"itemListElement\":[{\"@type\":\"ListItem\",\"position\":1,\"name\":\"Home\",\"item\":\"https:\\\/\\\/www.manticeramicitalia.it\\\/es\\\/home\\\/\"},{\"@type\":\"ListItem\",\"position\":2,\"name\":\"Construcci\u00f3n\",\"item\":\"https:\\\/\\\/www.manticeramicitalia.it\\\/es\\\/construccion\\\/\"},{\"@type\":\"ListItem\",\"position\":3,\"name\":\"Aquaproof\"}]},{\"@type\":\"WebSite\",\"@id\":\"https:\\\/\\\/www.manticeramicitalia.it\\\/es\\\/#website\",\"url\":\"https:\\\/\\\/www.manticeramicitalia.it\\\/es\\\/\",\"name\":\"Manti Ceramic Italia\",\"description\":\"\",\"publisher\":{\"@id\":\"https:\\\/\\\/www.manticeramicitalia.it\\\/es\\\/#organization\"},\"potentialAction\":[{\"@type\":\"SearchAction\",\"target\":{\"@type\":\"EntryPoint\",\"urlTemplate\":\"https:\\\/\\\/www.manticeramicitalia.it\\\/es\\\/?s={search_term_string}\"},\"query-input\":{\"@type\":\"PropertyValueSpecification\",\"valueRequired\":true,\"valueName\":\"search_term_string\"}}],\"inLanguage\":\"es\"},{\"@type\":\"Organization\",\"@id\":\"https:\\\/\\\/www.manticeramicitalia.it\\\/es\\\/#organization\",\"name\":\"Manti Ceramic Italia\",\"url\":\"https:\\\/\\\/www.manticeramicitalia.it\\\/es\\\/\",\"logo\":{\"@type\":\"ImageObject\",\"inLanguage\":\"es\",\"@id\":\"https:\\\/\\\/www.manticeramicitalia.it\\\/es\\\/#\\\/schema\\\/logo\\\/image\\\/\",\"url\":\"https:\\\/\\\/www.manticeramicitalia.it\\\/wp-content\\\/uploads\\\/2024\\\/03\\\/cropped-cropped-Logo-Web.png\",\"contentUrl\":\"https:\\\/\\\/www.manticeramicitalia.it\\\/wp-content\\\/uploads\\\/2024\\\/03\\\/cropped-cropped-Logo-Web.png\",\"width\":180,\"height\":60,\"caption\":\"Manti Ceramic Italia\"},\"image\":{\"@id\":\"https:\\\/\\\/www.manticeramicitalia.it\\\/es\\\/#\\\/schema\\\/logo\\\/image\\\/\"}}]}<\/script>\n<!-- \/ Yoast SEO Premium plugin. -->","yoast_head_json":{"title":"Aquaproof - Revestimiento cer\u00e1mico impermeabilizante Manti","description":"Aquaproof - Manti Revestimiento cer\u00e1mico elastom\u00e9rico impermeabilizante, ideal para proteger hormig\u00f3n y estructuras diversas.","robots":{"index":"index","follow":"follow","max-snippet":"max-snippet:-1","max-image-preview":"max-image-preview:large","max-video-preview":"max-video-preview:-1"},"canonical":"https:\/\/www.manticeramicitalia.it\/es\/construccion\/aquaproof\/","og_locale":"es_ES","og_type":"article","og_title":"Aquaproof","og_description":"Aquaproof - Manti Revestimiento cer\u00e1mico elastom\u00e9rico impermeabilizante, ideal para proteger hormig\u00f3n y estructuras diversas.","og_url":"https:\/\/www.manticeramicitalia.it\/es\/construccion\/aquaproof\/","og_site_name":"Manti Ceramic Italia","article_modified_time":"2025-11-03T11:06:50+00:00","twitter_card":"summary_large_image","twitter_misc":{"Tiempo de lectura":"2 minutos"},"schema":{"@context":"https:\/\/schema.org","@graph":[{"@type":"WebPage","@id":"https:\/\/www.manticeramicitalia.it\/es\/construccion\/aquaproof\/","url":"https:\/\/www.manticeramicitalia.it\/es\/construccion\/aquaproof\/","name":"Aquaproof - Revestimiento cer\u00e1mico impermeabilizante Manti","isPartOf":{"@id":"https:\/\/www.manticeramicitalia.it\/es\/#website"},"datePublished":"2024-04-24T07:31:12+00:00","dateModified":"2025-11-03T11:06:50+00:00","description":"Aquaproof - Manti Revestimiento cer\u00e1mico elastom\u00e9rico impermeabilizante, ideal para proteger hormig\u00f3n y estructuras diversas.","breadcrumb":{"@id":"https:\/\/www.manticeramicitalia.it\/es\/construccion\/aquaproof\/#breadcrumb"},"inLanguage":"es","potentialAction":[{"@type":"ReadAction","target":["https:\/\/www.manticeramicitalia.it\/es\/construccion\/aquaproof\/"]}]},{"@type":"BreadcrumbList","@id":"https:\/\/www.manticeramicitalia.it\/es\/construccion\/aquaproof\/#breadcrumb","itemListElement":[{"@type":"ListItem","position":1,"name":"Home","item":"https:\/\/www.manticeramicitalia.it\/es\/home\/"},{"@type":"ListItem","position":2,"name":"Construcci\u00f3n","item":"https:\/\/www.manticeramicitalia.it\/es\/construccion\/"},{"@type":"ListItem","position":3,"name":"Aquaproof"}]},{"@type":"WebSite","@id":"https:\/\/www.manticeramicitalia.it\/es\/#website","url":"https:\/\/www.manticeramicitalia.it\/es\/","name":"Manti Ceramic Italia","description":"","publisher":{"@id":"https:\/\/www.manticeramicitalia.it\/es\/#organization"},"potentialAction":[{"@type":"SearchAction","target":{"@type":"EntryPoint","urlTemplate":"https:\/\/www.manticeramicitalia.it\/es\/?s={search_term_string}"},"query-input":{"@type":"PropertyValueSpecification","valueRequired":true,"valueName":"search_term_string"}}],"inLanguage":"es"},{"@type":"Organization","@id":"https:\/\/www.manticeramicitalia.it\/es\/#organization","name":"Manti Ceramic Italia","url":"https:\/\/www.manticeramicitalia.it\/es\/","logo":{"@type":"ImageObject","inLanguage":"es","@id":"https:\/\/www.manticeramicitalia.it\/es\/#\/schema\/logo\/image\/","url":"https:\/\/www.manticeramicitalia.it\/wp-content\/uploads\/2024\/03\/cropped-cropped-Logo-Web.png","contentUrl":"https:\/\/www.manticeramicitalia.it\/wp-content\/uploads\/2024\/03\/cropped-cropped-Logo-Web.png","width":180,"height":60,"caption":"Manti Ceramic Italia"},"image":{"@id":"https:\/\/www.manticeramicitalia.it\/es\/#\/schema\/logo\/image\/"}}]}},"_links":{"self":[{"href":"https:\/\/www.manticeramicitalia.it\/es\/wp-json\/wp\/v2\/pages\/2160","targetHints":{"allow":["GET"]}}],"collection":[{"href":"https:\/\/www.manticeramicitalia.it\/es\/wp-json\/wp\/v2\/pages"}],"about":[{"href":"https:\/\/www.manticeramicitalia.it\/es\/wp-json\/wp\/v2\/types\/page"}],"author":[{"embeddable":true,"href":"https:\/\/www.manticeramicitalia.it\/es\/wp-json\/wp\/v2\/users\/1"}],"replies":[{"embeddable":true,"href":"https:\/\/www.manticeramicitalia.it\/es\/wp-json\/wp\/v2\/comments?post=2160"}],"version-history":[{"count":5,"href":"https:\/\/www.manticeramicitalia.it\/es\/wp-json\/wp\/v2\/pages\/2160\/revisions"}],"predecessor-version":[{"id":7394,"href":"https:\/\/www.manticeramicitalia.it\/es\/wp-json\/wp\/v2\/pages\/2160\/revisions\/7394"}],"up":[{"embeddable":true,"href":"https:\/\/www.manticeramicitalia.it\/es\/wp-json\/wp\/v2\/pages\/2193"}],"wp:attachment":[{"href":"https:\/\/www.manticeramicitalia.it\/es\/wp-json\/wp\/v2\/media?parent=2160"}],"curies":[{"name":"wp","href":"https:\/\/api.w.org\/{rel}","templated":true}]}}