{"id":2166,"date":"2021-11-04T10:21:53","date_gmt":"2021-11-04T10:21:53","guid":{"rendered":"https:\/\/www.manticeramicitalia.it\/quienes-somos\/"},"modified":"2025-12-10T14:10:42","modified_gmt":"2025-12-10T14:10:42","slug":"quienes-somos","status":"publish","type":"page","link":"https:\/\/www.manticeramicitalia.it\/es\/quienes-somos\/","title":{"rendered":"Qui\u00e9nes Somos"},"content":{"rendered":"\n<style type=\"text\/css\" data-created_by=\"avia_inline_auto\" id=\"style-css-av-m2a35adi-5fece3342c867743f5f53d6d42ce1cb3\">\n.avia-section.av-m2a35adi-5fece3342c867743f5f53d6d42ce1cb3{\nbackground-repeat:no-repeat;\nbackground-image:url(https:\/\/www.manticeramicitalia.it\/wp-content\/uploads\/2024\/04\/Slide-chi-siamo.jpg);\nbackground-position:50% 50%;\nbackground-attachment:fixed;\n}\n<\/style>\n<div id='av_section_1'  class='avia-section av-m2a35adi-5fece3342c867743f5f53d6d42ce1cb3 main_color avia-section-default avia-no-border-styling  avia-builder-el-0  el_before_av_section  avia-builder-el-first  avia-full-stretch avia-bg-style-fixed av-minimum-height av-minimum-height-50 av-height-50  container_wrap sidebar_right'  data-section-bg-repeat='stretch' data-av_minimum_height_pc='50' data-av_min_height_opt='50'><div class='container av-section-cont-open' ><main  role=\"main\" itemprop=\"mainContentOfPage\"  class='template-page content  av-content-small alpha units'><div class='post-entry post-entry-type-page post-entry-2166'><div class='entry-content-wrapper clearfix'>\n\n<style type=\"text\/css\" data-created_by=\"avia_inline_auto\" id=\"style-css-av-m2a35pkt-7bb83b7bda83ece37ff9863a7bccf7be\">\n#top .av-special-heading.av-m2a35pkt-7bb83b7bda83ece37ff9863a7bccf7be{\npadding-bottom:10px;\ncolor:#ffffff;\n}\nbody .av-special-heading.av-m2a35pkt-7bb83b7bda83ece37ff9863a7bccf7be .av-special-heading-tag .heading-char{\nfont-size:25px;\n}\n.av-special-heading.av-m2a35pkt-7bb83b7bda83ece37ff9863a7bccf7be .special-heading-inner-border{\nborder-color:#ffffff;\n}\n.av-special-heading.av-m2a35pkt-7bb83b7bda83ece37ff9863a7bccf7be .av-subheading{\nfont-size:15px;\n}\n<\/style>\n<div  class='av-special-heading av-m2a35pkt-7bb83b7bda83ece37ff9863a7bccf7be av-special-heading-h2 custom-color-heading blockquote modern-quote  avia-builder-el-1  avia-builder-el-no-sibling '><h2 class='av-special-heading-tag '  itemprop=\"headline\"  >QUI\u00c9NES SOMOS<\/h2><div class=\"special-heading-border\"><div class=\"special-heading-inner-border\"><\/div><\/div><\/div>\n\n<\/div><\/div><\/main><!-- close content main element --><\/div><\/div><div id='av_section_2'  class='avia-section av-micb2-edf1a41755841f78cd59a90c44989b77 main_color avia-section-default avia-no-border-styling  avia-builder-el-2  el_after_av_section  avia-builder-el-last  avia-bg-style-scroll container_wrap sidebar_right'  ><div class='container av-section-cont-open' ><div class='template-page content  av-content-small alpha units'><div class='post-entry post-entry-type-page post-entry-2166'><div class='entry-content-wrapper clearfix'>\n<div  class='flex_column av-haub2-45d4dbbee5de62616b75af43b90a54ce av_one_half  avia-builder-el-3  el_before_av_one_half  avia-builder-el-first  first flex_column_div  '     ><p>\n<style type=\"text\/css\" data-created_by=\"avia_inline_auto\" id=\"style-css-av-m16bd2nd-4fc13fa5888a02c77d89376987c500bc\">\n#top .av-special-heading.av-m16bd2nd-4fc13fa5888a02c77d89376987c500bc{\npadding-bottom:10px;\n}\nbody .av-special-heading.av-m16bd2nd-4fc13fa5888a02c77d89376987c500bc .av-special-heading-tag .heading-char{\nfont-size:25px;\n}\n.av-special-heading.av-m16bd2nd-4fc13fa5888a02c77d89376987c500bc .av-subheading{\nfont-size:15px;\n}\n<\/style>\n<div  class='av-special-heading av-m16bd2nd-4fc13fa5888a02c77d89376987c500bc av-special-heading-h2 blockquote modern-quote  avia-builder-el-4  el_before_av_heading  avia-builder-el-first '><h2 class='av-special-heading-tag '  itemprop=\"headline\"  >Savenergy Nanotech S.L.:<\/h2><div class=\"special-heading-border\"><div class=\"special-heading-inner-border\"><\/div><\/div><\/div><br \/>\n\n<style type=\"text\/css\" data-created_by=\"avia_inline_auto\" id=\"style-css-av-m16bda24-9ab87b76e855e58dad0920bc79fe4fc7\">\n#top .av-special-heading.av-m16bda24-9ab87b76e855e58dad0920bc79fe4fc7{\npadding-bottom:10px;\n}\nbody .av-special-heading.av-m16bda24-9ab87b76e855e58dad0920bc79fe4fc7 .av-special-heading-tag .heading-char{\nfont-size:25px;\n}\n.av-special-heading.av-m16bda24-9ab87b76e855e58dad0920bc79fe4fc7 .av-subheading{\nfont-size:15px;\n}\n<\/style>\n<div  class='av-special-heading av-m16bda24-9ab87b76e855e58dad0920bc79fe4fc7 av-special-heading-h2 blockquote modern-quote  avia-builder-el-5  el_after_av_heading  el_before_av_textblock '><h2 class='av-special-heading-tag '  itemprop=\"headline\"  >DISTRIBUIDORES CERTIFICADOS<\/h2><div class=\"special-heading-border\"><div class=\"special-heading-inner-border\"><\/div><\/div><\/div><br \/>\n<section  class='av_textblock_section av-m16bdjrd-507851a3b1cb35a5f149bb6cfe815ef3 '   itemscope=\"itemscope\" itemtype=\"https:\/\/schema.org\/CreativeWork\" ><div class='avia_textblock'  itemprop=\"text\" ><h3 data-css=\"tve-u-622614de99a3a7\"><strong>SAVENERGY NANOTECH SE DEDICA AL AHORRO ENERG\u00c9TICO DESDE ENERO DE<\/strong> <strong>2005 Y A LA NANOTECNOLOG\u00cdA DESDE 2014.<\/strong><\/h3>\n<p data-css=\"tve-u-622614de99a3c7\">La empresa se centra en el <b>aislamiento <\/b>t\u00e9rmico de<b> bajo espesor<\/b> derivado de la <b>aeron\u00e1utica<\/b>, los productos de renovaci\u00f3n de mamposter\u00eda y el dise\u00f1o e instalaci\u00f3n de sistemas fotovoltaicos y geot\u00e9rmicos.<\/p>\n<p data-css=\"tve-u-622614de99a3c7\"><b>Savenergy <\/b>se convierte en el socio ideal para la realizaci\u00f3n de <b>SOLUCIONES DE AHORRO ENERG\u00c9TICO para los sectores de la <a href=\"https:\/\/www.manticeramicitalia.it\/es\/construccion\/\">CONSTRUCCI\u00d3N<\/a> y la <a href=\"https:\/\/www.manticeramicitalia.it\/es\/industria\/\">INDUSTRIA<\/a><\/b>, desde capas t\u00e9rmicas de bajo espesor (pocos mil\u00edmetros) con caracter\u00edsticas incomparables respecto a las tradicionales, basadas en la <b>nanotecnolog\u00eda<\/b>, hasta el aprovechamiento de la energ\u00eda solar y geot\u00e9rmica en sustituci\u00f3n de las fuentes energ\u00e9ticas tradicionales, derrochadoras e ineficientes.<\/p>\n<p data-css=\"tve-u-622614de99a3c7\"><b>Savenergy\u00a0 <\/b>act\u00faa como <b>socio <\/b>para estudios t\u00e9cnicos y de dise\u00f1o en el campo del ahorro energ\u00e9tico.<\/p>\n<\/div><\/section><br \/>\n<div  class='avia-button-wrap av-m16beovg-49bcf064f62fb20dacfdb01c26bebde4-wrap avia-button-center  avia-builder-el-7  el_after_av_textblock  avia-builder-el-last '>\n<style type=\"text\/css\" data-created_by=\"avia_inline_auto\" id=\"style-css-av-m16beovg-49bcf064f62fb20dacfdb01c26bebde4\">\n#top #wrap_all .avia-button.av-m16beovg-49bcf064f62fb20dacfdb01c26bebde4:hover{\ncolor:white;\ntransition:all 0.4s ease-in-out;\n}\n#top #wrap_all .avia-button.av-m16beovg-49bcf064f62fb20dacfdb01c26bebde4:hover .avia-svg-icon svg:first-child{\nfill:white;\nstroke:white;\n}\n<\/style>\n<a href='https:\/\/www.manticeramicitalia.it\/es\/productos\/'  class='avia-button av-m16beovg-49bcf064f62fb20dacfdb01c26bebde4 av-link-btn avia-icon_select-no avia-size-medium avia-position-center avia-color-theme-color avia-font-color-theme-color'   aria-label=\"DESCUBRA LOS PRODUCTOS\"><span class='avia_iconbox_title' >DESCUBRA LOS PRODUCTOS<\/span><span class='avia_button_background avia-button avia-color-theme-color-highlight' ><\/span><\/a><\/div><\/p><\/div>\n<style type=\"text\/css\" data-created_by=\"avia_inline_auto\" id=\"style-css-av-9w252-cc393397272fc65149304b36c9f6958a\">\n.flex_column.av-9w252-cc393397272fc65149304b36c9f6958a{\npadding:100px 0 0 0;\n}\n<\/style>\n<div  class='flex_column av-9w252-cc393397272fc65149304b36c9f6958a av_one_half  avia-builder-el-8  el_after_av_one_half  avia-builder-el-last  flex_column_div  '     ><style type=\"text\/css\" data-created_by=\"avia_inline_auto\" id=\"style-css-av-m16bhse1-f626994268ccb7e31ee550a58e06f804\">\n#top .avia-icon-list-container.av-m16bhse1-f626994268ccb7e31ee550a58e06f804 .iconlist_icon{\ncolor:#ffffff;\nbackground-color:#181a7c;\n}\n#top .avia-icon-list-container.av-m16bhse1-f626994268ccb7e31ee550a58e06f804 .iconlist_icon svg:first-child{\nstroke:#ffffff;\nfill:#ffffff;\n}\n<\/style>\n<div  class='avia-icon-list-container av-m16bhse1-f626994268ccb7e31ee550a58e06f804  avia-builder-el-9  avia-builder-el-no-sibling '><ul class='avia-icon-list avia_animate_when_almost_visible avia-icon-list-left av-iconlist-big av-m16bhse1-f626994268ccb7e31ee550a58e06f804 avia-iconlist-animate'>\n<li><div class='iconlist_icon av-m16bghg2-6ca8fb94b69119fda1c703b842fdb6a0 avia-font-entypo-fontello avia-iconfont avia-font-entypo-fontello'><span class='av-icon-char' data-av_icon='\ue84d' data-av_iconfont='entypo-fontello' aria-hidden=\"true\"><\/span><\/div><article class=\"article-icon-entry \"  itemscope=\"itemscope\" itemtype=\"https:\/\/schema.org\/CreativeWork\" ><div class=\"iconlist_content_wrap\"><header class=\"entry-content-header\" aria-label=\"Icon: \"><\/header><div class='iconlist_content '  itemprop=\"text\" ><h2 class=\"elementor-icon-box-title\">+20 a\u00f1os de experiencia<\/h2>\n<p class=\"elementor-icon-box-description\">Los t\u00e9cnicos especializados en energ\u00edas renovables y nanotecnolog\u00eda ofrecen las oportunidades m\u00e1s fiables y vanguardistas<\/p>\n<\/div><\/div><footer class=\"entry-footer\"><\/footer><\/article><div class=\"iconlist-timeline\"><\/div><\/li>\n<li><div class='iconlist_icon av-m16bgw2h-842ab35dd49790d5b3d8d078594272f2 avia-font-entypo-fontello avia-iconfont avia-font-entypo-fontello'><span class='av-icon-char' data-av_icon='\ue80b' data-av_iconfont='entypo-fontello' aria-hidden=\"true\"><\/span><\/div><article class=\"article-icon-entry \"  itemscope=\"itemscope\" itemtype=\"https:\/\/schema.org\/CreativeWork\" ><div class=\"iconlist_content_wrap\"><header class=\"entry-content-header\" aria-label=\"Icon: \"><\/header><div class='iconlist_content '  itemprop=\"text\" ><h2 class=\"elementor-icon-box-title\">Equipo t\u00e9cnico<\/h2>\n<p class=\"elementor-icon-box-description\">Cada sector cuenta con su propio departamento t\u00e9cnico especializado para garantizar un servicio eficaz .<\/p>\n<\/div><\/div><footer class=\"entry-footer\"><\/footer><\/article><div class=\"iconlist-timeline\"><\/div><\/li>\n<li><div class='iconlist_icon av-m16bhr58-b54a21aacb6083e4ae54581ae61be438 avia-font-entypo-fontello avia-iconfont avia-font-entypo-fontello'><span class='av-icon-char' data-av_icon='\ue856' data-av_iconfont='entypo-fontello' aria-hidden=\"true\"><\/span><\/div><article class=\"article-icon-entry \"  itemscope=\"itemscope\" itemtype=\"https:\/\/schema.org\/CreativeWork\" ><div class=\"iconlist_content_wrap\"><header class=\"entry-content-header\" aria-label=\"Icon: \"><\/header><div class='iconlist_content '  itemprop=\"text\" ><h2 class=\"elementor-icon-box-title\">Atenci\u00f3n al cliente<\/h2>\n<p class=\"elementor-icon-box-description\">Una red de t\u00e9cnicos en todos los territorios gestionados por la empresa garantizan el control de las obras y la formaci\u00f3n de las empresas<\/p>\n<\/div><\/div><footer class=\"entry-footer\"><\/footer><\/article><div class=\"iconlist-timeline\"><\/div><\/li>\n<\/ul><\/div><\/div><\/div><\/div><\/div><!-- close content main div --><\/div><\/div><div id='after_section_2'  class='main_color av_default_container_wrap container_wrap sidebar_right'  ><div class='container av-section-cont-open' ><div class='template-page content  av-content-small alpha units'><div class='post-entry post-entry-type-page post-entry-2166'><div class='entry-content-wrapper clearfix'>\n","protected":false},"excerpt":{"rendered":"","protected":false},"author":1,"featured_media":0,"parent":0,"menu_order":0,"comment_status":"closed","ping_status":"closed","template":"","meta":{"two_page_speed":[],"footnotes":""},"class_list":["post-2166","page","type-page","status-publish","hentry"],"yoast_head":"<!-- This site is optimized with the Yoast SEO Premium plugin v27.6 (Yoast SEO v27.6) - https:\/\/yoast.com\/product\/yoast-seo-premium-wordpress\/ -->\n<title>\u00bfQui\u00e9nes somos? - distribuidor oficial de Manti Ceramic<\/title>\n<meta name=\"description\" content=\"\u00bfQui\u00e9nes somos? Savenergy Nanotech S.L. es especializadoa en el aislamiento t\u00e9rmico nanotecnol\u00f3gico. Distribuidor certificado Manti Ceramic\" \/>\n<meta name=\"robots\" content=\"index, follow, max-snippet:-1, max-image-preview:large, max-video-preview:-1\" \/>\n<link rel=\"canonical\" href=\"https:\/\/www.manticeramicitalia.it\/es\/quienes-somos\/\" \/>\n<meta property=\"og:locale\" content=\"es_ES\" \/>\n<meta property=\"og:type\" content=\"article\" \/>\n<meta property=\"og:title\" content=\"Qui\u00e9nes Somos\" \/>\n<meta property=\"og:description\" content=\"\u00bfQui\u00e9nes somos? Savenergy Nanotech S.L. es especializadoa en el aislamiento t\u00e9rmico nanotecnol\u00f3gico. Distribuidor certificado Manti Ceramic\" \/>\n<meta property=\"og:url\" content=\"https:\/\/www.manticeramicitalia.it\/es\/quienes-somos\/\" \/>\n<meta property=\"og:site_name\" content=\"Manti Ceramic Italia\" \/>\n<meta property=\"article:modified_time\" content=\"2025-12-10T14:10:42+00:00\" \/>\n<meta name=\"twitter:card\" content=\"summary_large_image\" \/>\n<meta name=\"twitter:label1\" content=\"Tiempo de lectura\" \/>\n\t<meta name=\"twitter:data1\" content=\"2 minutos\" \/>\n<script type=\"application\/ld+json\" class=\"yoast-schema-graph\">{\"@context\":\"https:\\\/\\\/schema.org\",\"@graph\":[{\"@type\":\"WebPage\",\"@id\":\"https:\\\/\\\/www.manticeramicitalia.it\\\/es\\\/quienes-somos\\\/\",\"url\":\"https:\\\/\\\/www.manticeramicitalia.it\\\/es\\\/quienes-somos\\\/\",\"name\":\"\u00bfQui\u00e9nes somos? - distribuidor oficial de Manti Ceramic\",\"isPartOf\":{\"@id\":\"https:\\\/\\\/www.manticeramicitalia.it\\\/es\\\/#website\"},\"datePublished\":\"2021-11-04T10:21:53+00:00\",\"dateModified\":\"2025-12-10T14:10:42+00:00\",\"description\":\"\u00bfQui\u00e9nes somos? Savenergy Nanotech S.L. es especializadoa en el aislamiento t\u00e9rmico nanotecnol\u00f3gico. Distribuidor certificado Manti Ceramic\",\"breadcrumb\":{\"@id\":\"https:\\\/\\\/www.manticeramicitalia.it\\\/es\\\/quienes-somos\\\/#breadcrumb\"},\"inLanguage\":\"es\",\"potentialAction\":[{\"@type\":\"ReadAction\",\"target\":[\"https:\\\/\\\/www.manticeramicitalia.it\\\/es\\\/quienes-somos\\\/\"]}]},{\"@type\":\"BreadcrumbList\",\"@id\":\"https:\\\/\\\/www.manticeramicitalia.it\\\/es\\\/quienes-somos\\\/#breadcrumb\",\"itemListElement\":[{\"@type\":\"ListItem\",\"position\":1,\"name\":\"Home\",\"item\":\"https:\\\/\\\/www.manticeramicitalia.it\\\/es\\\/home\\\/\"},{\"@type\":\"ListItem\",\"position\":2,\"name\":\"Qui\u00e9nes Somos\"}]},{\"@type\":\"WebSite\",\"@id\":\"https:\\\/\\\/www.manticeramicitalia.it\\\/es\\\/#website\",\"url\":\"https:\\\/\\\/www.manticeramicitalia.it\\\/es\\\/\",\"name\":\"Manti Ceramic Italia\",\"description\":\"\",\"publisher\":{\"@id\":\"https:\\\/\\\/www.manticeramicitalia.it\\\/es\\\/#organization\"},\"potentialAction\":[{\"@type\":\"SearchAction\",\"target\":{\"@type\":\"EntryPoint\",\"urlTemplate\":\"https:\\\/\\\/www.manticeramicitalia.it\\\/es\\\/?s={search_term_string}\"},\"query-input\":{\"@type\":\"PropertyValueSpecification\",\"valueRequired\":true,\"valueName\":\"search_term_string\"}}],\"inLanguage\":\"es\"},{\"@type\":\"Organization\",\"@id\":\"https:\\\/\\\/www.manticeramicitalia.it\\\/es\\\/#organization\",\"name\":\"Manti Ceramic Italia\",\"url\":\"https:\\\/\\\/www.manticeramicitalia.it\\\/es\\\/\",\"logo\":{\"@type\":\"ImageObject\",\"inLanguage\":\"es\",\"@id\":\"https:\\\/\\\/www.manticeramicitalia.it\\\/es\\\/#\\\/schema\\\/logo\\\/image\\\/\",\"url\":\"https:\\\/\\\/www.manticeramicitalia.it\\\/wp-content\\\/uploads\\\/2024\\\/03\\\/cropped-cropped-Logo-Web.png\",\"contentUrl\":\"https:\\\/\\\/www.manticeramicitalia.it\\\/wp-content\\\/uploads\\\/2024\\\/03\\\/cropped-cropped-Logo-Web.png\",\"width\":180,\"height\":60,\"caption\":\"Manti Ceramic Italia\"},\"image\":{\"@id\":\"https:\\\/\\\/www.manticeramicitalia.it\\\/es\\\/#\\\/schema\\\/logo\\\/image\\\/\"}}]}<\/script>\n<!-- \/ Yoast SEO Premium plugin. -->","yoast_head_json":{"title":"\u00bfQui\u00e9nes somos? - distribuidor oficial de Manti Ceramic","description":"\u00bfQui\u00e9nes somos? Savenergy Nanotech S.L. es especializadoa en el aislamiento t\u00e9rmico nanotecnol\u00f3gico. Distribuidor certificado Manti Ceramic","robots":{"index":"index","follow":"follow","max-snippet":"max-snippet:-1","max-image-preview":"max-image-preview:large","max-video-preview":"max-video-preview:-1"},"canonical":"https:\/\/www.manticeramicitalia.it\/es\/quienes-somos\/","og_locale":"es_ES","og_type":"article","og_title":"Qui\u00e9nes Somos","og_description":"\u00bfQui\u00e9nes somos? Savenergy Nanotech S.L. es especializadoa en el aislamiento t\u00e9rmico nanotecnol\u00f3gico. Distribuidor certificado Manti Ceramic","og_url":"https:\/\/www.manticeramicitalia.it\/es\/quienes-somos\/","og_site_name":"Manti Ceramic Italia","article_modified_time":"2025-12-10T14:10:42+00:00","twitter_card":"summary_large_image","twitter_misc":{"Tiempo de lectura":"2 minutos"},"schema":{"@context":"https:\/\/schema.org","@graph":[{"@type":"WebPage","@id":"https:\/\/www.manticeramicitalia.it\/es\/quienes-somos\/","url":"https:\/\/www.manticeramicitalia.it\/es\/quienes-somos\/","name":"\u00bfQui\u00e9nes somos? - distribuidor oficial de Manti Ceramic","isPartOf":{"@id":"https:\/\/www.manticeramicitalia.it\/es\/#website"},"datePublished":"2021-11-04T10:21:53+00:00","dateModified":"2025-12-10T14:10:42+00:00","description":"\u00bfQui\u00e9nes somos? Savenergy Nanotech S.L. es especializadoa en el aislamiento t\u00e9rmico nanotecnol\u00f3gico. Distribuidor certificado Manti Ceramic","breadcrumb":{"@id":"https:\/\/www.manticeramicitalia.it\/es\/quienes-somos\/#breadcrumb"},"inLanguage":"es","potentialAction":[{"@type":"ReadAction","target":["https:\/\/www.manticeramicitalia.it\/es\/quienes-somos\/"]}]},{"@type":"BreadcrumbList","@id":"https:\/\/www.manticeramicitalia.it\/es\/quienes-somos\/#breadcrumb","itemListElement":[{"@type":"ListItem","position":1,"name":"Home","item":"https:\/\/www.manticeramicitalia.it\/es\/home\/"},{"@type":"ListItem","position":2,"name":"Qui\u00e9nes Somos"}]},{"@type":"WebSite","@id":"https:\/\/www.manticeramicitalia.it\/es\/#website","url":"https:\/\/www.manticeramicitalia.it\/es\/","name":"Manti Ceramic Italia","description":"","publisher":{"@id":"https:\/\/www.manticeramicitalia.it\/es\/#organization"},"potentialAction":[{"@type":"SearchAction","target":{"@type":"EntryPoint","urlTemplate":"https:\/\/www.manticeramicitalia.it\/es\/?s={search_term_string}"},"query-input":{"@type":"PropertyValueSpecification","valueRequired":true,"valueName":"search_term_string"}}],"inLanguage":"es"},{"@type":"Organization","@id":"https:\/\/www.manticeramicitalia.it\/es\/#organization","name":"Manti Ceramic Italia","url":"https:\/\/www.manticeramicitalia.it\/es\/","logo":{"@type":"ImageObject","inLanguage":"es","@id":"https:\/\/www.manticeramicitalia.it\/es\/#\/schema\/logo\/image\/","url":"https:\/\/www.manticeramicitalia.it\/wp-content\/uploads\/2024\/03\/cropped-cropped-Logo-Web.png","contentUrl":"https:\/\/www.manticeramicitalia.it\/wp-content\/uploads\/2024\/03\/cropped-cropped-Logo-Web.png","width":180,"height":60,"caption":"Manti Ceramic Italia"},"image":{"@id":"https:\/\/www.manticeramicitalia.it\/es\/#\/schema\/logo\/image\/"}}]}},"_links":{"self":[{"href":"https:\/\/www.manticeramicitalia.it\/es\/wp-json\/wp\/v2\/pages\/2166","targetHints":{"allow":["GET"]}}],"collection":[{"href":"https:\/\/www.manticeramicitalia.it\/es\/wp-json\/wp\/v2\/pages"}],"about":[{"href":"https:\/\/www.manticeramicitalia.it\/es\/wp-json\/wp\/v2\/types\/page"}],"author":[{"embeddable":true,"href":"https:\/\/www.manticeramicitalia.it\/es\/wp-json\/wp\/v2\/users\/1"}],"replies":[{"embeddable":true,"href":"https:\/\/www.manticeramicitalia.it\/es\/wp-json\/wp\/v2\/comments?post=2166"}],"version-history":[{"count":5,"href":"https:\/\/www.manticeramicitalia.it\/es\/wp-json\/wp\/v2\/pages\/2166\/revisions"}],"predecessor-version":[{"id":7813,"href":"https:\/\/www.manticeramicitalia.it\/es\/wp-json\/wp\/v2\/pages\/2166\/revisions\/7813"}],"wp:attachment":[{"href":"https:\/\/www.manticeramicitalia.it\/es\/wp-json\/wp\/v2\/media?parent=2166"}],"curies":[{"name":"wp","href":"https:\/\/api.w.org\/{rel}","templated":true}]}}