{"id":2168,"date":"2024-05-06T16:25:21","date_gmt":"2024-05-06T16:25:21","guid":{"rendered":"https:\/\/www.manticeramicitalia.it\/industria\/"},"modified":"2025-01-28T14:04:42","modified_gmt":"2025-01-28T14:04:42","slug":"industria","status":"publish","type":"page","link":"https:\/\/www.manticeramicitalia.it\/es\/industria\/","title":{"rendered":"Industria"},"content":{"rendered":"\n<style type=\"text\/css\" data-created_by=\"avia_inline_auto\" id=\"style-css-av-m19aq32r-2a989300e3c384c7ac28a489b3662545\">\n.avia-section.av-m19aq32r-2a989300e3c384c7ac28a489b3662545{\nbackground-color:#181a7c;\nbackground-image:unset;\n}\n<\/style>\n<div id='av_section_1'  class='avia-section av-m19aq32r-2a989300e3c384c7ac28a489b3662545 main_color avia-section-default avia-no-border-styling  avia-builder-el-0  el_before_av_one_third  avia-builder-el-first  avia-bg-style-scroll container_wrap sidebar_right'  ><div class='container av-section-cont-open' ><main  role=\"main\" itemprop=\"mainContentOfPage\"  class='template-page content  av-content-small alpha units'><div class='post-entry post-entry-type-page post-entry-2168'><div class='entry-content-wrapper clearfix'>\n\n<style type=\"text\/css\" data-created_by=\"avia_inline_auto\" id=\"style-css-av-m19aprct-cd37459873723e0f82e317c6362db0a1\">\n#top .av-special-heading.av-m19aprct-cd37459873723e0f82e317c6362db0a1{\npadding-bottom:10px;\ncolor:#ffffff;\n}\nbody .av-special-heading.av-m19aprct-cd37459873723e0f82e317c6362db0a1 .av-special-heading-tag .heading-char{\nfont-size:25px;\n}\n.av-special-heading.av-m19aprct-cd37459873723e0f82e317c6362db0a1 .special-heading-inner-border{\nborder-color:#ffffff;\n}\n.av-special-heading.av-m19aprct-cd37459873723e0f82e317c6362db0a1 .av-subheading{\nfont-size:15px;\n}\n<\/style>\n<div  class='av-special-heading av-m19aprct-cd37459873723e0f82e317c6362db0a1 av-special-heading-h1 custom-color-heading blockquote modern-quote modern-centered  avia-builder-el-1  avia-builder-el-no-sibling '><h1 class='av-special-heading-tag '  itemprop=\"headline\"  >INDUSTRIA<\/h1><div class=\"special-heading-border\"><div class=\"special-heading-inner-border\"><\/div><\/div><\/div>\n<\/div><\/div><\/main><!-- close content main element --><\/div><\/div><div id='after_section_1'  class='main_color av_default_container_wrap container_wrap sidebar_right'  ><div class='container av-section-cont-open' ><div class='template-page content  av-content-small alpha units'><div class='post-entry post-entry-type-page post-entry-2168'><div class='entry-content-wrapper clearfix'>\n<div  class='flex_column av-2uonui-90015166a22ac0dc5f56cbecf0f08c0e av_one_third  avia-builder-el-2  el_after_av_section  el_before_av_two_third  avia-builder-el-first  first flex_column_div  '     ><p>\n<style type=\"text\/css\" data-created_by=\"avia_inline_auto\" id=\"style-css-av-m19aqeq7-127f2694aaf2f16e9bb991281424a505\">\n.avia-image-container.av-m19aqeq7-127f2694aaf2f16e9bb991281424a505 img.avia_image{\nbox-shadow:none;\n}\n.avia-image-container.av-m19aqeq7-127f2694aaf2f16e9bb991281424a505 .av-image-caption-overlay-center{\ncolor:#ffffff;\n}\n<\/style>\n<div  class='avia-image-container av-m19aqeq7-127f2694aaf2f16e9bb991281424a505 av-styling- avia-align-center  avia-builder-el-3  el_before_av_heading  avia-builder-el-first '   itemprop=\"image\" itemscope=\"itemscope\" itemtype=\"https:\/\/schema.org\/ImageObject\" ><div class=\"avia-image-container-inner\"><div class=\"avia-image-overlay-wrap\"><img decoding=\"async\" fetchpriority=\"high\" class='wp-image-1747 avia-img-lazy-loading-not-1747 avia_image ' src=\"https:\/\/www.manticeramicitalia.it\/wp-content\/uploads\/2024\/03\/Technological-M-300x300.png\" alt='Industria' title='Technological M'  height=\"300\" width=\"300\"  itemprop=\"thumbnailUrl\" srcset=\"https:\/\/www.manticeramicitalia.it\/wp-content\/uploads\/2024\/03\/Technological-M-300x300.png 300w, https:\/\/www.manticeramicitalia.it\/wp-content\/uploads\/2024\/03\/Technological-M-150x150.png 150w, https:\/\/www.manticeramicitalia.it\/wp-content\/uploads\/2024\/03\/Technological-M.png 500w\" sizes=\"(max-width: 300px) 100vw, 300px\" \/><\/div><\/div><\/div><br \/>\n\n<style type=\"text\/css\" data-created_by=\"avia_inline_auto\" id=\"style-css-av-m19aqpwi-e20da7af2e6efb6dc5c0a3a6a9e31a90\">\n#top .av-special-heading.av-m19aqpwi-e20da7af2e6efb6dc5c0a3a6a9e31a90{\npadding-bottom:10px;\n}\nbody .av-special-heading.av-m19aqpwi-e20da7af2e6efb6dc5c0a3a6a9e31a90 .av-special-heading-tag .heading-char{\nfont-size:25px;\n}\n.av-special-heading.av-m19aqpwi-e20da7af2e6efb6dc5c0a3a6a9e31a90 .av-subheading{\nfont-size:15px;\n}\n<\/style>\n<div  class='av-special-heading av-m19aqpwi-e20da7af2e6efb6dc5c0a3a6a9e31a90 av-special-heading-h2 blockquote modern-quote  avia-builder-el-4  el_after_av_image  el_before_av_textblock '><h2 class='av-special-heading-tag '  itemprop=\"headline\"  >Manti Technological M<\/h2><div class=\"special-heading-border\"><div class=\"special-heading-inner-border\"><\/div><\/div><\/div><br \/>\n<section  class='av_textblock_section av-m19aqsb9-53c118f0719e37a23b6e2f96039c2f4f '   itemscope=\"itemscope\" itemtype=\"https:\/\/schema.org\/CreativeWork\" ><div class='avia_textblock'  itemprop=\"text\" ><p>El revestimiento protector t\u00e9rmico impermeabilizante es a base de agua, sin disolventes, similar a la pintura, de capa fina y estable, y contiene microesferas cer\u00e1micas con interior hueco. Reduce significativamente la carga t\u00e9rmica, debido principalmente a su capacidad termorreflectante.<br \/>\nProducto para aplicaciones industriales.<\/p>\n<\/div><\/section><br \/>\n<div  class='avia-button-wrap av-m19aqxla-5d1186b851a15da4888b5ee5f1c2049e-wrap avia-button-left  avia-builder-el-6  el_after_av_textblock  avia-builder-el-last '>\n<style type=\"text\/css\" data-created_by=\"avia_inline_auto\" id=\"style-css-av-m19aqxla-5d1186b851a15da4888b5ee5f1c2049e\">\n#top #wrap_all .avia-button.av-m19aqxla-5d1186b851a15da4888b5ee5f1c2049e:hover{\nbackground-color:#e80d0d;\ncolor:white;\ntransition:all 0.4s ease-in-out;\n}\n#top #wrap_all .avia-button.av-m19aqxla-5d1186b851a15da4888b5ee5f1c2049e:hover .avia-svg-icon svg:first-child{\nfill:white;\nstroke:white;\n}\n<\/style>\n<a href='https:\/\/www.manticeramicitalia.it\/es\/industria\/manti-technological-m\/'  class='avia-button av-m19aqxla-5d1186b851a15da4888b5ee5f1c2049e av-link-btn avia-icon_select-yes-left-icon avia-size-small avia-position-left avia-color-theme-color avia-font-color-theme-color'   aria-label=\"Saber m\u00e1s \"><span class='avia_button_icon avia_button_icon_left avia-iconfont avia-font-entypo-fontello' data-av_icon='\ue881' data-av_iconfont='entypo-fontello' ><\/span><span class='avia_iconbox_title' >Saber m\u00e1s <\/span><\/a><\/div><\/p><\/div>\n<div  class='flex_column av-jd2jx6-7a259c9c53921ed690abdf31b2628243 av_two_third  avia-builder-el-7  el_after_av_one_third  el_before_av_one_half  flex_column_div  '     ><\/div>\n<div  class='flex_column av-grfxbu-ad8eb2592ba25658862b68699ce1bb06 av_one_half  avia-builder-el-8  el_after_av_two_third  el_before_av_one_half  first flex_column_div  column-top-margin'     ><p>\n<style type=\"text\/css\" data-created_by=\"avia_inline_auto\" id=\"style-css-av-fadk6i-e4f2d0b0aba388ed3a1715ea2329fb35\">\n#top .av-special-heading.av-fadk6i-e4f2d0b0aba388ed3a1715ea2329fb35{\npadding-bottom:10px;\ncolor:#e80d0fff;\n}\nbody .av-special-heading.av-fadk6i-e4f2d0b0aba388ed3a1715ea2329fb35 .av-special-heading-tag .heading-char{\nfont-size:25px;\n}\n.av-special-heading.av-fadk6i-e4f2d0b0aba388ed3a1715ea2329fb35 .special-heading-inner-border{\nborder-color:#e80d0fff;\n}\n.av-special-heading.av-fadk6i-e4f2d0b0aba388ed3a1715ea2329fb35 .av-subheading{\nfont-size:15px;\n}\n<\/style>\n<div  class='av-special-heading av-fadk6i-e4f2d0b0aba388ed3a1715ea2329fb35 av-special-heading-h3 custom-color-heading blockquote modern-quote  avia-builder-el-9  el_before_av_heading  avia-builder-el-first '><h3 class='av-special-heading-tag '  itemprop=\"headline\"  >Contacta con nosotros<\/h3><div class=\"special-heading-border\"><div class=\"special-heading-inner-border\"><\/div><\/div><\/div><br \/>\n\n<style type=\"text\/css\" data-created_by=\"avia_inline_auto\" id=\"style-css-av-m1adp3cd-afd08ee0897496cb8979ad90a2acfd6c\">\n#top .av-special-heading.av-m1adp3cd-afd08ee0897496cb8979ad90a2acfd6c{\npadding-bottom:10px;\ncolor:#e80d0fff;\n}\nbody .av-special-heading.av-m1adp3cd-afd08ee0897496cb8979ad90a2acfd6c .av-special-heading-tag .heading-char{\nfont-size:25px;\n}\n.av-special-heading.av-m1adp3cd-afd08ee0897496cb8979ad90a2acfd6c .special-heading-inner-border{\nborder-color:#e80d0fff;\n}\n.av-special-heading.av-m1adp3cd-afd08ee0897496cb8979ad90a2acfd6c .av-subheading{\nfont-size:15px;\n}\n<\/style>\n<div  class='av-special-heading av-m1adp3cd-afd08ee0897496cb8979ad90a2acfd6c av-special-heading-h2 custom-color-heading blockquote modern-quote  avia-builder-el-10  el_after_av_heading  el_before_av_font_icon '><h2 class='av-special-heading-tag '  itemprop=\"headline\"  >Rellena el formulario para recibir m\u00e1s informaci\u00f3n<\/h2><div class=\"special-heading-border\"><div class=\"special-heading-inner-border\"><\/div><\/div><\/div><br \/>\n\n<style type=\"text\/css\" data-created_by=\"avia_inline_auto\" id=\"style-css-av-eblmqi-093e0e35fd944f718d6f8ea35ea96c9c\">\n.av_font_icon.av-eblmqi-093e0e35fd944f718d6f8ea35ea96c9c{\ncolor:#e80d0f;\nborder-color:#e80d0f;\n}\n.avia-svg-icon.av-eblmqi-093e0e35fd944f718d6f8ea35ea96c9c svg:first-child{\nstroke:#e80d0f;\nfill:#e80d0f;\n}\n.av_font_icon.av-eblmqi-093e0e35fd944f718d6f8ea35ea96c9c .av-icon-char{\nfont-size:40px;\nline-height:40px;\n}\n<\/style>\n<span  class='av_font_icon av-eblmqi-093e0e35fd944f718d6f8ea35ea96c9c avia_animate_when_visible av-icon-style- avia-icon-pos-left avia-iconfont avia-font-entypo-fontello avia-icon-animate'><span class='av-icon-char' data-av_icon='\ue889' data-av_iconfont='entypo-fontello' aria-hidden=\"true\" ><\/span><\/span><\/p><\/div>\n<div  class='flex_column av-buqwey-00d93bc52ec5829601c810491f7e50b8 av_one_half  avia-builder-el-12  el_after_av_one_half  avia-builder-el-last  flex_column_div  column-top-margin'     ><form action=\"https:\/\/www.manticeramicitalia.it\/es\/industria\/\" method=\"post\" data-fields-with-error=\"Found errors in the following field(s):\" class=\"avia_ajax_form av-form-labels-hidden   avia-builder-el-13  avia-builder-el-no-sibling  av-show-form-errors  av-custom-form-color av-dark-form \" data-avia-form-id=\"1\" data-avia-redirect=''  aria-label='Modulo di contatto' ><h3 class=''>Env\u00edanos un correo electr\u00f3nico<\/h3><fieldset><p class='  first_form  form_element form_element_half' id='element_avia_1_1'><label for=\"avia_1_1\">Nombre y apellidos <abbr class=\"required\" title=\"requerido\">*<\/abbr><\/label> <input name=\"avia_1_1\" class=\"text_input is_empty\" type=\"text\" id=\"avia_1_1\" value=\"\"  placeholder='Nombre y apellidos*'\/><\/p><p class='  form_element form_element_half' id='element_avia_2_1'><label for=\"avia_2_1\">Correo electr\u00f3nico <abbr class=\"required\" title=\"requerido\">*<\/abbr><\/label> <input name=\"avia_2_1\" class=\"text_input is_email\" type=\"text\" id=\"avia_2_1\" value=\"\"  placeholder='Correo electr\u00f3nico*'\/><\/p><p class='  first_form  form_element form_element_half' id='element_avia_3_1'><label for=\"avia_3_1\">Provincia <abbr class=\"required\" title=\"requerido\">*<\/abbr><\/label> <input name=\"avia_3_1\" class=\"text_input is_empty\" type=\"text\" id=\"avia_3_1\" value=\"\"  placeholder='Provincia*'\/><\/p><p class='  form_element form_element_half' id='element_avia_4_1'><label for=\"avia_4_1\">Tel\u00e9fono m\u00f3vil <abbr class=\"required\" title=\"requerido\">*<\/abbr><\/label> <input name=\"avia_4_1\" class=\"text_input is_phone\" type=\"text\" id=\"avia_4_1\" value=\"\"  placeholder='Tel\u00e9fono m\u00f3vil*'\/><\/p><p class='  first_form  form_element form_fullwidth' id='element_avia_5_1'><label for=\"avia_5_1\" class=\"textare_label hidden textare_label_avia_5_1\">Mensaje <abbr class=\"required\" title=\"requerido\">*<\/abbr><\/label><textarea  placeholder='Mensaje*' name=\"avia_5_1\" class=\"text_area is_empty\" cols=\"40\" rows=\"7\" id=\"avia_5_1\" ><\/textarea><\/p><p class='  first_form  form_element form_fullwidth' id='element_avia_6_1'><input  name=\"avia_6_1\" class=\"input_checkbox is_empty\" type=\"checkbox\" id=\"avia_6_1\" value=\"true\"\/><label class=\"input_checkbox_label\" for=\"avia_6_1\">Doy mi consentimiento para el procesamiento de datos personales para los fines indicados en la <a>informaci\u00f3n<\/a> <abbr class=\"required\" title=\"requerido\">*<\/abbr><\/label><\/p><h6 id='element_avia_7_1' class=' first_form  form_element form_fullwidth av-form-headline '>Demuestra que no eres un robot<\/h6><p class=\"hidden\"><input type=\"text\" name=\"avia_8_1\" class=\"hidden \" id=\"avia_8_1\" value=\"\" \/><\/p><p class='   form_element form_fullwidth' id='element_avia_9_1'><span class='value_verifier_label'>0 + 8 = ?<\/span><input name=\"avia_9_1_verifier\" type=\"hidden\" id=\"avia_9_1_verifier\" value=\"167245388\"\/><label for=\"avia_9_1\">Para mayor seguridad, responde la siguiente pregunta <abbr class=\"required\" title=\"requerido\">*<\/abbr><\/label><input name=\"avia_9_1\" class=\"text_input captcha\" type=\"text\" id=\"avia_9_1\" value=\"\"\/><\/p><p class=\"form_element \"><input type=\"hidden\" value=\"1\" name=\"avia_generated_form1\" \/><input type=\"submit\" value=\"ENVIAR\" class=\"button\"  data-sending-label=\"Enviando\"\/><\/p><\/fieldset><\/form><div id=\"ajaxresponse_1\" class=\"ajaxresponse ajaxresponse_1 hidden\"><\/div><\/div>\n","protected":false},"excerpt":{"rendered":"","protected":false},"author":1,"featured_media":0,"parent":0,"menu_order":0,"comment_status":"closed","ping_status":"closed","template":"","meta":{"two_page_speed":[],"footnotes":""},"class_list":["post-2168","page","type-page","status-publish","hentry"],"yoast_head":"<!-- This site is optimized with the Yoast SEO Premium plugin v27.6 (Yoast SEO v27.6) - https:\/\/yoast.com\/product\/yoast-seo-premium-wordpress\/ -->\n<title>Aplicaciones industriales- Manti Ceramic<\/title>\n<meta name=\"description\" content=\"Aplicaciones Industriales de la Tecnolog\u00eda M, El Revestimiento T\u00e9rmico Impermeabilizante de Base Acuosa con Microesferas Cer\u00e1micas.\" \/>\n<meta name=\"robots\" content=\"index, follow, max-snippet:-1, max-image-preview:large, max-video-preview:-1\" \/>\n<link rel=\"canonical\" href=\"https:\/\/www.manticeramicitalia.it\/es\/industria\/\" \/>\n<meta property=\"og:locale\" content=\"es_ES\" \/>\n<meta property=\"og:type\" content=\"article\" \/>\n<meta property=\"og:title\" content=\"Industria\" \/>\n<meta property=\"og:description\" content=\"Aplicaciones Industriales de la Tecnolog\u00eda M, El Revestimiento T\u00e9rmico Impermeabilizante de Base Acuosa con Microesferas Cer\u00e1micas.\" \/>\n<meta property=\"og:url\" content=\"https:\/\/www.manticeramicitalia.it\/es\/industria\/\" \/>\n<meta property=\"og:site_name\" content=\"Manti Ceramic Italia\" \/>\n<meta property=\"article:modified_time\" content=\"2025-01-28T14:04:42+00:00\" \/>\n<meta name=\"twitter:card\" content=\"summary_large_image\" \/>\n<meta name=\"twitter:label1\" content=\"Tiempo de lectura\" \/>\n\t<meta name=\"twitter:data1\" content=\"1 minuto\" \/>\n<script type=\"application\/ld+json\" class=\"yoast-schema-graph\">{\"@context\":\"https:\\\/\\\/schema.org\",\"@graph\":[{\"@type\":\"WebPage\",\"@id\":\"https:\\\/\\\/www.manticeramicitalia.it\\\/es\\\/industria\\\/\",\"url\":\"https:\\\/\\\/www.manticeramicitalia.it\\\/es\\\/industria\\\/\",\"name\":\"Aplicaciones industriales- Manti Ceramic\",\"isPartOf\":{\"@id\":\"https:\\\/\\\/www.manticeramicitalia.it\\\/es\\\/#website\"},\"datePublished\":\"2024-05-06T16:25:21+00:00\",\"dateModified\":\"2025-01-28T14:04:42+00:00\",\"description\":\"Aplicaciones Industriales de la Tecnolog\u00eda M, El Revestimiento T\u00e9rmico Impermeabilizante de Base Acuosa con Microesferas Cer\u00e1micas.\",\"breadcrumb\":{\"@id\":\"https:\\\/\\\/www.manticeramicitalia.it\\\/es\\\/industria\\\/#breadcrumb\"},\"inLanguage\":\"es\",\"potentialAction\":[{\"@type\":\"ReadAction\",\"target\":[\"https:\\\/\\\/www.manticeramicitalia.it\\\/es\\\/industria\\\/\"]}]},{\"@type\":\"BreadcrumbList\",\"@id\":\"https:\\\/\\\/www.manticeramicitalia.it\\\/es\\\/industria\\\/#breadcrumb\",\"itemListElement\":[{\"@type\":\"ListItem\",\"position\":1,\"name\":\"Home\",\"item\":\"https:\\\/\\\/www.manticeramicitalia.it\\\/es\\\/home\\\/\"},{\"@type\":\"ListItem\",\"position\":2,\"name\":\"Industria\"}]},{\"@type\":\"WebSite\",\"@id\":\"https:\\\/\\\/www.manticeramicitalia.it\\\/es\\\/#website\",\"url\":\"https:\\\/\\\/www.manticeramicitalia.it\\\/es\\\/\",\"name\":\"Manti Ceramic Italia\",\"description\":\"\",\"publisher\":{\"@id\":\"https:\\\/\\\/www.manticeramicitalia.it\\\/es\\\/#organization\"},\"potentialAction\":[{\"@type\":\"SearchAction\",\"target\":{\"@type\":\"EntryPoint\",\"urlTemplate\":\"https:\\\/\\\/www.manticeramicitalia.it\\\/es\\\/?s={search_term_string}\"},\"query-input\":{\"@type\":\"PropertyValueSpecification\",\"valueRequired\":true,\"valueName\":\"search_term_string\"}}],\"inLanguage\":\"es\"},{\"@type\":\"Organization\",\"@id\":\"https:\\\/\\\/www.manticeramicitalia.it\\\/es\\\/#organization\",\"name\":\"Manti Ceramic Italia\",\"url\":\"https:\\\/\\\/www.manticeramicitalia.it\\\/es\\\/\",\"logo\":{\"@type\":\"ImageObject\",\"inLanguage\":\"es\",\"@id\":\"https:\\\/\\\/www.manticeramicitalia.it\\\/es\\\/#\\\/schema\\\/logo\\\/image\\\/\",\"url\":\"https:\\\/\\\/www.manticeramicitalia.it\\\/wp-content\\\/uploads\\\/2024\\\/03\\\/cropped-cropped-Logo-Web.png\",\"contentUrl\":\"https:\\\/\\\/www.manticeramicitalia.it\\\/wp-content\\\/uploads\\\/2024\\\/03\\\/cropped-cropped-Logo-Web.png\",\"width\":180,\"height\":60,\"caption\":\"Manti Ceramic Italia\"},\"image\":{\"@id\":\"https:\\\/\\\/www.manticeramicitalia.it\\\/es\\\/#\\\/schema\\\/logo\\\/image\\\/\"}}]}<\/script>\n<!-- \/ Yoast SEO Premium plugin. -->","yoast_head_json":{"title":"Aplicaciones industriales- Manti Ceramic","description":"Aplicaciones Industriales de la Tecnolog\u00eda M, El Revestimiento T\u00e9rmico Impermeabilizante de Base Acuosa con Microesferas Cer\u00e1micas.","robots":{"index":"index","follow":"follow","max-snippet":"max-snippet:-1","max-image-preview":"max-image-preview:large","max-video-preview":"max-video-preview:-1"},"canonical":"https:\/\/www.manticeramicitalia.it\/es\/industria\/","og_locale":"es_ES","og_type":"article","og_title":"Industria","og_description":"Aplicaciones Industriales de la Tecnolog\u00eda M, El Revestimiento T\u00e9rmico Impermeabilizante de Base Acuosa con Microesferas Cer\u00e1micas.","og_url":"https:\/\/www.manticeramicitalia.it\/es\/industria\/","og_site_name":"Manti Ceramic Italia","article_modified_time":"2025-01-28T14:04:42+00:00","twitter_card":"summary_large_image","twitter_misc":{"Tiempo de lectura":"1 minuto"},"schema":{"@context":"https:\/\/schema.org","@graph":[{"@type":"WebPage","@id":"https:\/\/www.manticeramicitalia.it\/es\/industria\/","url":"https:\/\/www.manticeramicitalia.it\/es\/industria\/","name":"Aplicaciones industriales- Manti Ceramic","isPartOf":{"@id":"https:\/\/www.manticeramicitalia.it\/es\/#website"},"datePublished":"2024-05-06T16:25:21+00:00","dateModified":"2025-01-28T14:04:42+00:00","description":"Aplicaciones Industriales de la Tecnolog\u00eda M, El Revestimiento T\u00e9rmico Impermeabilizante de Base Acuosa con Microesferas Cer\u00e1micas.","breadcrumb":{"@id":"https:\/\/www.manticeramicitalia.it\/es\/industria\/#breadcrumb"},"inLanguage":"es","potentialAction":[{"@type":"ReadAction","target":["https:\/\/www.manticeramicitalia.it\/es\/industria\/"]}]},{"@type":"BreadcrumbList","@id":"https:\/\/www.manticeramicitalia.it\/es\/industria\/#breadcrumb","itemListElement":[{"@type":"ListItem","position":1,"name":"Home","item":"https:\/\/www.manticeramicitalia.it\/es\/home\/"},{"@type":"ListItem","position":2,"name":"Industria"}]},{"@type":"WebSite","@id":"https:\/\/www.manticeramicitalia.it\/es\/#website","url":"https:\/\/www.manticeramicitalia.it\/es\/","name":"Manti Ceramic Italia","description":"","publisher":{"@id":"https:\/\/www.manticeramicitalia.it\/es\/#organization"},"potentialAction":[{"@type":"SearchAction","target":{"@type":"EntryPoint","urlTemplate":"https:\/\/www.manticeramicitalia.it\/es\/?s={search_term_string}"},"query-input":{"@type":"PropertyValueSpecification","valueRequired":true,"valueName":"search_term_string"}}],"inLanguage":"es"},{"@type":"Organization","@id":"https:\/\/www.manticeramicitalia.it\/es\/#organization","name":"Manti Ceramic Italia","url":"https:\/\/www.manticeramicitalia.it\/es\/","logo":{"@type":"ImageObject","inLanguage":"es","@id":"https:\/\/www.manticeramicitalia.it\/es\/#\/schema\/logo\/image\/","url":"https:\/\/www.manticeramicitalia.it\/wp-content\/uploads\/2024\/03\/cropped-cropped-Logo-Web.png","contentUrl":"https:\/\/www.manticeramicitalia.it\/wp-content\/uploads\/2024\/03\/cropped-cropped-Logo-Web.png","width":180,"height":60,"caption":"Manti Ceramic Italia"},"image":{"@id":"https:\/\/www.manticeramicitalia.it\/es\/#\/schema\/logo\/image\/"}}]}},"_links":{"self":[{"href":"https:\/\/www.manticeramicitalia.it\/es\/wp-json\/wp\/v2\/pages\/2168","targetHints":{"allow":["GET"]}}],"collection":[{"href":"https:\/\/www.manticeramicitalia.it\/es\/wp-json\/wp\/v2\/pages"}],"about":[{"href":"https:\/\/www.manticeramicitalia.it\/es\/wp-json\/wp\/v2\/types\/page"}],"author":[{"embeddable":true,"href":"https:\/\/www.manticeramicitalia.it\/es\/wp-json\/wp\/v2\/users\/1"}],"replies":[{"embeddable":true,"href":"https:\/\/www.manticeramicitalia.it\/es\/wp-json\/wp\/v2\/comments?post=2168"}],"version-history":[{"count":5,"href":"https:\/\/www.manticeramicitalia.it\/es\/wp-json\/wp\/v2\/pages\/2168\/revisions"}],"predecessor-version":[{"id":6228,"href":"https:\/\/www.manticeramicitalia.it\/es\/wp-json\/wp\/v2\/pages\/2168\/revisions\/6228"}],"wp:attachment":[{"href":"https:\/\/www.manticeramicitalia.it\/es\/wp-json\/wp\/v2\/media?parent=2168"}],"curies":[{"name":"wp","href":"https:\/\/api.w.org\/{rel}","templated":true}]}}