{"id":2186,"date":"2021-11-04T10:22:20","date_gmt":"2021-11-04T10:22:20","guid":{"rendered":"https:\/\/www.manticeramicitalia.it\/contactos\/"},"modified":"2026-05-12T11:01:32","modified_gmt":"2026-05-12T11:01:32","slug":"contactos","status":"publish","type":"page","link":"https:\/\/www.manticeramicitalia.it\/es\/contactos\/","title":{"rendered":"Contactos"},"content":{"rendered":"\n<style type=\"text\/css\" data-created_by=\"avia_inline_auto\" id=\"style-css-av-m16dhxj1-b5dc82da412fd591d3e16184fe549a49\">\n.avia-section.av-m16dhxj1-b5dc82da412fd591d3e16184fe549a49{\nbackground-color:#e80d0d;\nbackground-image:unset;\n}\n<\/style>\n<div id='av_section_1'  class='avia-section av-m16dhxj1-b5dc82da412fd591d3e16184fe549a49 main_color avia-section-default avia-no-border-styling  avia-builder-el-0  el_before_av_one_third  avia-builder-el-first  avia-bg-style-scroll container_wrap sidebar_right'  ><div class='container av-section-cont-open' ><main  role=\"main\" itemprop=\"mainContentOfPage\"  class='template-page content  av-content-small alpha units'><div class='post-entry post-entry-type-page post-entry-2186'><div class='entry-content-wrapper clearfix'>\n\n<style type=\"text\/css\" data-created_by=\"avia_inline_auto\" id=\"style-css-av-m16diag0-a0e76e0be437a4f0462b1fb19380ab20\">\n#top .av-special-heading.av-m16diag0-a0e76e0be437a4f0462b1fb19380ab20{\npadding-bottom:10px;\ncolor:#ffffff;\n}\nbody .av-special-heading.av-m16diag0-a0e76e0be437a4f0462b1fb19380ab20 .av-special-heading-tag .heading-char{\nfont-size:25px;\n}\n.av-special-heading.av-m16diag0-a0e76e0be437a4f0462b1fb19380ab20 .special-heading-inner-border{\nborder-color:#ffffff;\n}\n.av-special-heading.av-m16diag0-a0e76e0be437a4f0462b1fb19380ab20 .av-subheading{\nfont-size:15px;\n}\n<\/style>\n<div  class='av-special-heading av-m16diag0-a0e76e0be437a4f0462b1fb19380ab20 av-special-heading-h1 custom-color-heading blockquote modern-quote modern-centered  avia-builder-el-1  avia-builder-el-no-sibling '><h1 class='av-special-heading-tag '  itemprop=\"headline\"  >CONTACTO<\/h1><div class=\"special-heading-border\"><div class=\"special-heading-inner-border\"><\/div><\/div><\/div>\n<\/div><\/div><\/main><!-- close content main element --><\/div><\/div><div id='after_section_1'  class='main_color av_default_container_wrap container_wrap sidebar_right'  ><div class='container av-section-cont-open' ><div class='template-page content  av-content-small alpha units'><div class='post-entry post-entry-type-page post-entry-2186'><div class='entry-content-wrapper clearfix'>\n<div  class='flex_column av-d3xfr-6743aafe0573f34b907e579d9b3fdbb4 av_one_third  avia-builder-el-2  el_after_av_section  el_before_av_two_third  avia-builder-el-first  first flex_column_div  '     ><p>\n<style type=\"text\/css\" data-created_by=\"avia_inline_auto\" id=\"style-css-av-m16dj66n-83ba8e20f0b807d7e4dc33cc91270c88\">\n#top .av-special-heading.av-m16dj66n-83ba8e20f0b807d7e4dc33cc91270c88{\npadding-bottom:10px;\n}\nbody .av-special-heading.av-m16dj66n-83ba8e20f0b807d7e4dc33cc91270c88 .av-special-heading-tag .heading-char{\nfont-size:25px;\n}\n.av-special-heading.av-m16dj66n-83ba8e20f0b807d7e4dc33cc91270c88 .av-subheading{\nfont-size:15px;\n}\n<\/style>\n<div  class='av-special-heading av-m16dj66n-83ba8e20f0b807d7e4dc33cc91270c88 av-special-heading-h2 blockquote modern-quote  avia-builder-el-3  el_before_av_heading  avia-builder-el-first '><h2 class='av-special-heading-tag '  itemprop=\"headline\"  >Direcci\u00f2n<\/h2><div class='av-subheading av-subheading_below'><p>Carrer Aribau 171, 08036, Barcelona<\/p>\n<\/div><div class=\"special-heading-border\"><div class=\"special-heading-inner-border\"><\/div><\/div><\/div><br \/>\n\n<style type=\"text\/css\" data-created_by=\"avia_inline_auto\" id=\"style-css-av-m16djo74-cc712f291435d95ccb465c6c3f892d83\">\n#top .av-special-heading.av-m16djo74-cc712f291435d95ccb465c6c3f892d83{\npadding-bottom:10px;\n}\nbody .av-special-heading.av-m16djo74-cc712f291435d95ccb465c6c3f892d83 .av-special-heading-tag .heading-char{\nfont-size:25px;\n}\n.av-special-heading.av-m16djo74-cc712f291435d95ccb465c6c3f892d83 .av-subheading{\nfont-size:15px;\n}\n<\/style>\n<div  class='av-special-heading av-m16djo74-cc712f291435d95ccb465c6c3f892d83 av-special-heading-h2 blockquote modern-quote  avia-builder-el-4  el_after_av_heading  avia-builder-el-last '><h2 class='av-special-heading-tag '  itemprop=\"headline\"  >Env\u00eda un correo electr\u00f3nico a<\/h2><div class='av-subheading av-subheading_below'><p><a>contactos@manticeramic.es<\/a><\/p>\n<\/div><div class=\"special-heading-border\"><div class=\"special-heading-inner-border\"><\/div><\/div><\/div><\/p><\/div>\n<div  class='flex_column av-bu8dj-d9af3905bb022f1f374d35e1f9bc59de av_two_third  avia-builder-el-5  el_after_av_one_third  el_before_av_one_half  flex_column_div  '     ><div  class='av_gmaps_sc_main_wrap av_gmaps_main_wrap '><div id='av_gmap_0' class='avia-google-map-container avia-google-map-sc av_gmaps_show_unconditionally av-no-fallback-img ' data-mapid='av_gmap_0'  style='height: 400px;'><a class=\"av_gmaps_browser_disabled av_text_confirm_link av_text_confirm_link_visible\" href=\"https:\/\/www.google.com\/maps\/search\/?api=1&#038;query=Carrer%20Aribau%20171%2020124%20Barcelona%20Italia%20Spain\" target=\"_blank\">Maps were disabled by the visitor on this site. Click to open the map in a new window.<\/a><\/div><\/div><\/div>\n<div  class='flex_column av-28t6y7-aaeac80b09a9d30a137005fb05821349 av_one_half  avia-builder-el-7  el_after_av_two_third  el_before_av_one_half  first flex_column_div  column-top-margin'     ><p>\n<style type=\"text\/css\" data-created_by=\"avia_inline_auto\" id=\"style-css-av-22a8m7-0474f01ffe81c93edb38f9539a0bd1ee\">\n#top .av-special-heading.av-22a8m7-0474f01ffe81c93edb38f9539a0bd1ee{\npadding-bottom:10px;\ncolor:#e80d0fff;\n}\nbody .av-special-heading.av-22a8m7-0474f01ffe81c93edb38f9539a0bd1ee .av-special-heading-tag .heading-char{\nfont-size:25px;\n}\n.av-special-heading.av-22a8m7-0474f01ffe81c93edb38f9539a0bd1ee .special-heading-inner-border{\nborder-color:#e80d0fff;\n}\n.av-special-heading.av-22a8m7-0474f01ffe81c93edb38f9539a0bd1ee .av-subheading{\nfont-size:15px;\n}\n<\/style>\n<div  class='av-special-heading av-22a8m7-0474f01ffe81c93edb38f9539a0bd1ee av-special-heading-h3 custom-color-heading blockquote modern-quote  avia-builder-el-8  el_before_av_heading  avia-builder-el-first '><h3 class='av-special-heading-tag '  itemprop=\"headline\"  >Contacta con nosotros<\/h3><div class=\"special-heading-border\"><div class=\"special-heading-inner-border\"><\/div><\/div><\/div><br \/>\n\n<style type=\"text\/css\" data-created_by=\"avia_inline_auto\" id=\"style-css-av-1xo0tj-968061ab2c0bc22c661c725156aee574\">\n#top .av-special-heading.av-1xo0tj-968061ab2c0bc22c661c725156aee574{\npadding-bottom:10px;\ncolor:#e80d0fff;\n}\nbody .av-special-heading.av-1xo0tj-968061ab2c0bc22c661c725156aee574 .av-special-heading-tag .heading-char{\nfont-size:25px;\n}\n.av-special-heading.av-1xo0tj-968061ab2c0bc22c661c725156aee574 .special-heading-inner-border{\nborder-color:#e80d0fff;\n}\n.av-special-heading.av-1xo0tj-968061ab2c0bc22c661c725156aee574 .av-subheading{\nfont-size:15px;\n}\n<\/style>\n<div  class='av-special-heading av-1xo0tj-968061ab2c0bc22c661c725156aee574 av-special-heading-h2 custom-color-heading blockquote modern-quote  avia-builder-el-9  el_after_av_heading  el_before_av_font_icon '><h2 class='av-special-heading-tag '  itemprop=\"headline\"  >Rellena el formulario para recibir m\u00e1s informaci\u00f3n<\/h2><div class=\"special-heading-border\"><div class=\"special-heading-inner-border\"><\/div><\/div><\/div><br \/>\n\n<style type=\"text\/css\" data-created_by=\"avia_inline_auto\" id=\"style-css-av-1t4z7z-9a6a372a5c377f4eebd3448cc0454857\">\n.av_font_icon.av-1t4z7z-9a6a372a5c377f4eebd3448cc0454857{\ncolor:#e80d0f;\nborder-color:#e80d0f;\n}\n.avia-svg-icon.av-1t4z7z-9a6a372a5c377f4eebd3448cc0454857 svg:first-child{\nstroke:#e80d0f;\nfill:#e80d0f;\n}\n.av_font_icon.av-1t4z7z-9a6a372a5c377f4eebd3448cc0454857 .av-icon-char{\nfont-size:40px;\nline-height:40px;\n}\n<\/style>\n<span  class='av_font_icon av-1t4z7z-9a6a372a5c377f4eebd3448cc0454857 avia_animate_when_visible av-icon-style- avia-icon-pos-left avia-iconfont avia-font-entypo-fontello avia-icon-animate'><span class='av-icon-char' data-av_icon='\ue889' data-av_iconfont='entypo-fontello' aria-hidden=\"true\" ><\/span><\/span><\/p><\/div>\n<div  class='flex_column av-1l53sn-3b73f1214fd604df3da0b807d60cc27b av_one_half  avia-builder-el-11  el_after_av_one_half  avia-builder-el-last  flex_column_div  column-top-margin'     ><form action=\"https:\/\/www.manticeramicitalia.it\/es\/contactos\/\" method=\"post\" data-fields-with-error=\"Found errors in the following field(s):\" class=\"avia_ajax_form av-form-labels-hidden   avia-builder-el-12  avia-builder-el-no-sibling  av-show-form-errors  av-custom-form-color av-dark-form \" data-avia-form-id=\"1\" data-avia-redirect=''  aria-label='Modulo di contatto' ><h3 class=''>Env\u00edanos un correo electr\u00f3nico<\/h3><fieldset><p class='  first_form  form_element form_fullwidth' id='element_avia_1_1'><label for=\"avia_1_1\">Soy un... <abbr class=\"required\" title=\"requerido\">*<\/abbr><\/label><select  name=\"avia_1_1\" class=\"select is_empty\" id=\"avia_1_1\"><option class=\"av-placeholder\" disabled=\"disabled\" selected=\"selected\" value=''>Soy un...*<\/option><option   value='Privado'>Privado<\/option><option   value='Profesional'>Profesional<\/option><option   value='Empresa'>Empresa<\/option><\/select><\/p><p class='  first_form  form_element form_fullwidth' id='element_avia_2_1'><label for=\"avia_2_1\">Nombre del Negocio<\/label> <input name=\"avia_2_1\" class=\"text_input \" type=\"text\" id=\"avia_2_1\" value=\"\"  placeholder='Nombre del Negocio'\/><\/p><p class='  first_form  form_element form_element_half' id='element_avia_3_1'><label for=\"avia_3_1\">Nombre y apellidos <abbr class=\"required\" title=\"requerido\">*<\/abbr><\/label> <input name=\"avia_3_1\" class=\"text_input is_empty\" type=\"text\" id=\"avia_3_1\" value=\"\"  placeholder='Nombre y apellidos*'\/><\/p><p class='  form_element form_element_half' id='element_avia_4_1'><label for=\"avia_4_1\">Correo electr\u00f3nico <abbr class=\"required\" title=\"requerido\">*<\/abbr><\/label> <input name=\"avia_4_1\" class=\"text_input is_email\" type=\"text\" id=\"avia_4_1\" value=\"\"  placeholder='Correo electr\u00f3nico*'\/><\/p><p class='  first_form  form_element form_element_half' id='element_avia_5_1'><label for=\"avia_5_1\">Provincia <abbr class=\"required\" title=\"requerido\">*<\/abbr><\/label> <input name=\"avia_5_1\" class=\"text_input is_empty\" type=\"text\" id=\"avia_5_1\" value=\"\"  placeholder='Provincia*'\/><\/p><p class='  form_element form_element_half' id='element_avia_6_1'><label for=\"avia_6_1\">Tel\u00e9fono m\u00f3vil <abbr class=\"required\" title=\"requerido\">*<\/abbr><\/label> <input name=\"avia_6_1\" class=\"text_input is_phone\" type=\"text\" id=\"avia_6_1\" value=\"\"  placeholder='Tel\u00e9fono m\u00f3vil*'\/><\/p><p class='  first_form  form_element form_fullwidth' id='element_avia_7_1'><label for=\"avia_7_1\" class=\"textare_label hidden textare_label_avia_7_1\">Mensaje <abbr class=\"required\" title=\"requerido\">*<\/abbr><\/label><textarea  placeholder='Mensaje*' name=\"avia_7_1\" class=\"text_area is_empty\" cols=\"40\" rows=\"7\" id=\"avia_7_1\" ><\/textarea><\/p><p class='  first_form  form_element form_fullwidth' id='element_avia_8_1'><input  name=\"avia_8_1\" class=\"input_checkbox is_empty\" type=\"checkbox\" id=\"avia_8_1\" value=\"true\"\/><label class=\"input_checkbox_label\" for=\"avia_8_1\">Doy mi consentimiento para el procesamiento de datos personales para los fines indicados en la <a>informaci\u00f3n<\/a> <abbr class=\"required\" title=\"requerido\">*<\/abbr><\/label><\/p><h6 id='element_avia_9_1' class=' first_form  form_element form_fullwidth av-form-headline '>Demuestra que no eres un robot<\/h6><p class=\"hidden\"><input type=\"text\" name=\"avia_10_1\" class=\"hidden \" id=\"avia_10_1\" value=\"\" \/><\/p><p class='   form_element form_fullwidth' id='element_avia_11_1'><span class='value_verifier_label'>0 + 1 = ?<\/span><input name=\"avia_11_1_verifier\" type=\"hidden\" id=\"avia_11_1_verifier\" value=\"574418454\"\/><label for=\"avia_11_1\">Para mayor seguridad, responde la siguiente pregunta <abbr class=\"required\" title=\"requerido\">*<\/abbr><\/label><input name=\"avia_11_1\" class=\"text_input captcha\" type=\"text\" id=\"avia_11_1\" value=\"\"\/><\/p><p class=\"form_element \"><input type=\"hidden\" value=\"1\" name=\"avia_generated_form1\" \/><input type=\"submit\" value=\"ENVIAR\" class=\"button\"  data-sending-label=\"Enviando\"\/><\/p><\/fieldset><\/form><div id=\"ajaxresponse_1\" class=\"ajaxresponse ajaxresponse_1 hidden\"><\/div><\/div>\n","protected":false},"excerpt":{"rendered":"","protected":false},"author":1,"featured_media":0,"parent":0,"menu_order":0,"comment_status":"closed","ping_status":"closed","template":"","meta":{"two_page_speed":[],"footnotes":""},"class_list":["post-2186","page","type-page","status-publish","hentry"],"yoast_head":"<!-- This site is optimized with the Yoast SEO Premium plugin v27.6 (Yoast SEO v27.6) - https:\/\/yoast.com\/product\/yoast-seo-premium-wordpress\/ -->\n<title>Contacto - Manti Ceramic<\/title>\n<meta name=\"description\" content=\"Nuestros contactos: estamos en Carrer Aribau 171, 08036, Barcelona. Correo electr\u00f3nico contactos@manticeramic.es p\u00f3ngase en contacto con nosotros para cualquier necesidad o informaci\u00f3n.\" \/>\n<meta name=\"robots\" content=\"index, follow, max-snippet:-1, max-image-preview:large, max-video-preview:-1\" \/>\n<link rel=\"canonical\" href=\"https:\/\/www.manticeramicitalia.it\/es\/contactos\/\" \/>\n<meta property=\"og:locale\" content=\"es_ES\" \/>\n<meta property=\"og:type\" content=\"article\" \/>\n<meta property=\"og:title\" content=\"Contactos\" \/>\n<meta property=\"og:description\" content=\"Nuestros contactos: estamos en Carrer Aribau 171, 08036, Barcelona. Correo electr\u00f3nico contactos@manticeramic.es p\u00f3ngase en contacto con nosotros para cualquier necesidad o informaci\u00f3n.\" \/>\n<meta property=\"og:url\" content=\"https:\/\/www.manticeramicitalia.it\/es\/contactos\/\" \/>\n<meta property=\"og:site_name\" content=\"Manti Ceramic Italia\" \/>\n<meta property=\"article:modified_time\" content=\"2026-05-12T11:01:32+00:00\" \/>\n<meta name=\"twitter:card\" content=\"summary_large_image\" \/>\n<meta name=\"twitter:label1\" content=\"Tiempo de lectura\" \/>\n\t<meta name=\"twitter:data1\" content=\"1 minuto\" \/>\n<script type=\"application\/ld+json\" class=\"yoast-schema-graph\">{\"@context\":\"https:\\\/\\\/schema.org\",\"@graph\":[{\"@type\":\"WebPage\",\"@id\":\"https:\\\/\\\/www.manticeramicitalia.it\\\/es\\\/contactos\\\/\",\"url\":\"https:\\\/\\\/www.manticeramicitalia.it\\\/es\\\/contactos\\\/\",\"name\":\"Contacto - Manti Ceramic\",\"isPartOf\":{\"@id\":\"https:\\\/\\\/www.manticeramicitalia.it\\\/es\\\/#website\"},\"datePublished\":\"2021-11-04T10:22:20+00:00\",\"dateModified\":\"2026-05-12T11:01:32+00:00\",\"description\":\"Nuestros contactos: estamos en Carrer Aribau 171, 08036, Barcelona. Correo electr\u00f3nico contactos@manticeramic.es p\u00f3ngase en contacto con nosotros para cualquier necesidad o informaci\u00f3n.\",\"breadcrumb\":{\"@id\":\"https:\\\/\\\/www.manticeramicitalia.it\\\/es\\\/contactos\\\/#breadcrumb\"},\"inLanguage\":\"es\",\"potentialAction\":[{\"@type\":\"ReadAction\",\"target\":[\"https:\\\/\\\/www.manticeramicitalia.it\\\/es\\\/contactos\\\/\"]}]},{\"@type\":\"BreadcrumbList\",\"@id\":\"https:\\\/\\\/www.manticeramicitalia.it\\\/es\\\/contactos\\\/#breadcrumb\",\"itemListElement\":[{\"@type\":\"ListItem\",\"position\":1,\"name\":\"Home\",\"item\":\"https:\\\/\\\/www.manticeramicitalia.it\\\/es\\\/home\\\/\"},{\"@type\":\"ListItem\",\"position\":2,\"name\":\"Contactos\"}]},{\"@type\":\"WebSite\",\"@id\":\"https:\\\/\\\/www.manticeramicitalia.it\\\/es\\\/#website\",\"url\":\"https:\\\/\\\/www.manticeramicitalia.it\\\/es\\\/\",\"name\":\"Manti Ceramic Italia\",\"description\":\"\",\"publisher\":{\"@id\":\"https:\\\/\\\/www.manticeramicitalia.it\\\/es\\\/#organization\"},\"potentialAction\":[{\"@type\":\"SearchAction\",\"target\":{\"@type\":\"EntryPoint\",\"urlTemplate\":\"https:\\\/\\\/www.manticeramicitalia.it\\\/es\\\/?s={search_term_string}\"},\"query-input\":{\"@type\":\"PropertyValueSpecification\",\"valueRequired\":true,\"valueName\":\"search_term_string\"}}],\"inLanguage\":\"es\"},{\"@type\":\"Organization\",\"@id\":\"https:\\\/\\\/www.manticeramicitalia.it\\\/es\\\/#organization\",\"name\":\"Manti Ceramic Italia\",\"url\":\"https:\\\/\\\/www.manticeramicitalia.it\\\/es\\\/\",\"logo\":{\"@type\":\"ImageObject\",\"inLanguage\":\"es\",\"@id\":\"https:\\\/\\\/www.manticeramicitalia.it\\\/es\\\/#\\\/schema\\\/logo\\\/image\\\/\",\"url\":\"https:\\\/\\\/www.manticeramicitalia.it\\\/wp-content\\\/uploads\\\/2024\\\/03\\\/cropped-cropped-Logo-Web.png\",\"contentUrl\":\"https:\\\/\\\/www.manticeramicitalia.it\\\/wp-content\\\/uploads\\\/2024\\\/03\\\/cropped-cropped-Logo-Web.png\",\"width\":180,\"height\":60,\"caption\":\"Manti Ceramic Italia\"},\"image\":{\"@id\":\"https:\\\/\\\/www.manticeramicitalia.it\\\/es\\\/#\\\/schema\\\/logo\\\/image\\\/\"}}]}<\/script>\n<!-- \/ Yoast SEO Premium plugin. -->","yoast_head_json":{"title":"Contacto - Manti Ceramic","description":"Nuestros contactos: estamos en Carrer Aribau 171, 08036, Barcelona. Correo electr\u00f3nico contactos@manticeramic.es p\u00f3ngase en contacto con nosotros para cualquier necesidad o informaci\u00f3n.","robots":{"index":"index","follow":"follow","max-snippet":"max-snippet:-1","max-image-preview":"max-image-preview:large","max-video-preview":"max-video-preview:-1"},"canonical":"https:\/\/www.manticeramicitalia.it\/es\/contactos\/","og_locale":"es_ES","og_type":"article","og_title":"Contactos","og_description":"Nuestros contactos: estamos en Carrer Aribau 171, 08036, Barcelona. Correo electr\u00f3nico contactos@manticeramic.es p\u00f3ngase en contacto con nosotros para cualquier necesidad o informaci\u00f3n.","og_url":"https:\/\/www.manticeramicitalia.it\/es\/contactos\/","og_site_name":"Manti Ceramic Italia","article_modified_time":"2026-05-12T11:01:32+00:00","twitter_card":"summary_large_image","twitter_misc":{"Tiempo de lectura":"1 minuto"},"schema":{"@context":"https:\/\/schema.org","@graph":[{"@type":"WebPage","@id":"https:\/\/www.manticeramicitalia.it\/es\/contactos\/","url":"https:\/\/www.manticeramicitalia.it\/es\/contactos\/","name":"Contacto - Manti Ceramic","isPartOf":{"@id":"https:\/\/www.manticeramicitalia.it\/es\/#website"},"datePublished":"2021-11-04T10:22:20+00:00","dateModified":"2026-05-12T11:01:32+00:00","description":"Nuestros contactos: estamos en Carrer Aribau 171, 08036, Barcelona. Correo electr\u00f3nico contactos@manticeramic.es p\u00f3ngase en contacto con nosotros para cualquier necesidad o informaci\u00f3n.","breadcrumb":{"@id":"https:\/\/www.manticeramicitalia.it\/es\/contactos\/#breadcrumb"},"inLanguage":"es","potentialAction":[{"@type":"ReadAction","target":["https:\/\/www.manticeramicitalia.it\/es\/contactos\/"]}]},{"@type":"BreadcrumbList","@id":"https:\/\/www.manticeramicitalia.it\/es\/contactos\/#breadcrumb","itemListElement":[{"@type":"ListItem","position":1,"name":"Home","item":"https:\/\/www.manticeramicitalia.it\/es\/home\/"},{"@type":"ListItem","position":2,"name":"Contactos"}]},{"@type":"WebSite","@id":"https:\/\/www.manticeramicitalia.it\/es\/#website","url":"https:\/\/www.manticeramicitalia.it\/es\/","name":"Manti Ceramic Italia","description":"","publisher":{"@id":"https:\/\/www.manticeramicitalia.it\/es\/#organization"},"potentialAction":[{"@type":"SearchAction","target":{"@type":"EntryPoint","urlTemplate":"https:\/\/www.manticeramicitalia.it\/es\/?s={search_term_string}"},"query-input":{"@type":"PropertyValueSpecification","valueRequired":true,"valueName":"search_term_string"}}],"inLanguage":"es"},{"@type":"Organization","@id":"https:\/\/www.manticeramicitalia.it\/es\/#organization","name":"Manti Ceramic Italia","url":"https:\/\/www.manticeramicitalia.it\/es\/","logo":{"@type":"ImageObject","inLanguage":"es","@id":"https:\/\/www.manticeramicitalia.it\/es\/#\/schema\/logo\/image\/","url":"https:\/\/www.manticeramicitalia.it\/wp-content\/uploads\/2024\/03\/cropped-cropped-Logo-Web.png","contentUrl":"https:\/\/www.manticeramicitalia.it\/wp-content\/uploads\/2024\/03\/cropped-cropped-Logo-Web.png","width":180,"height":60,"caption":"Manti Ceramic Italia"},"image":{"@id":"https:\/\/www.manticeramicitalia.it\/es\/#\/schema\/logo\/image\/"}}]}},"_links":{"self":[{"href":"https:\/\/www.manticeramicitalia.it\/es\/wp-json\/wp\/v2\/pages\/2186","targetHints":{"allow":["GET"]}}],"collection":[{"href":"https:\/\/www.manticeramicitalia.it\/es\/wp-json\/wp\/v2\/pages"}],"about":[{"href":"https:\/\/www.manticeramicitalia.it\/es\/wp-json\/wp\/v2\/types\/page"}],"author":[{"embeddable":true,"href":"https:\/\/www.manticeramicitalia.it\/es\/wp-json\/wp\/v2\/users\/1"}],"replies":[{"embeddable":true,"href":"https:\/\/www.manticeramicitalia.it\/es\/wp-json\/wp\/v2\/comments?post=2186"}],"version-history":[{"count":5,"href":"https:\/\/www.manticeramicitalia.it\/es\/wp-json\/wp\/v2\/pages\/2186\/revisions"}],"predecessor-version":[{"id":9112,"href":"https:\/\/www.manticeramicitalia.it\/es\/wp-json\/wp\/v2\/pages\/2186\/revisions\/9112"}],"wp:attachment":[{"href":"https:\/\/www.manticeramicitalia.it\/es\/wp-json\/wp\/v2\/media?parent=2186"}],"curies":[{"name":"wp","href":"https:\/\/api.w.org\/{rel}","templated":true}]}}