{"id":2209,"date":"2024-04-23T16:25:27","date_gmt":"2024-04-23T16:25:27","guid":{"rendered":"https:\/\/www.manticeramicitalia.it\/manti-ceramic-alta-densidad\/"},"modified":"2026-04-01T08:48:39","modified_gmt":"2026-04-01T08:48:39","slug":"manti-ceramic-alta-densidad","status":"publish","type":"page","link":"https:\/\/www.manticeramicitalia.it\/es\/construccion\/manti-ceramic-alta-densidad\/","title":{"rendered":"Manti Ceramic Alta Densidad"},"content":{"rendered":"\n<style type=\"text\/css\" data-created_by=\"avia_inline_auto\" id=\"style-css-av-rytb3k-d9dbe531e7d7ab368936a1c170d811d5\">\n.avia-section.av-rytb3k-d9dbe531e7d7ab368936a1c170d811d5{\nbackground-color:#181a7c;\nbackground-image:unset;\n}\n<\/style>\n<div id='av_section_1'  class='avia-section av-rytb3k-d9dbe531e7d7ab368936a1c170d811d5 main_color avia-section-default avia-no-border-styling  avia-builder-el-0  el_before_av_section  avia-builder-el-first  avia-bg-style-scroll container_wrap sidebar_right'  ><div class='container av-section-cont-open' ><main  role=\"main\" itemprop=\"mainContentOfPage\"  class='template-page content  av-content-small alpha units'><div class='post-entry post-entry-type-page post-entry-2209'><div class='entry-content-wrapper clearfix'>\n\n<style type=\"text\/css\" data-created_by=\"avia_inline_auto\" id=\"style-css-av-m166wgit-8ab89f20948aec38824f49848681c52c\">\n#top .av_textblock_section.av-m166wgit-8ab89f20948aec38824f49848681c52c .avia_textblock{\ncolor:#ffffff;\n}\n<\/style>\n<section  class='av_textblock_section av-m166wgit-8ab89f20948aec38824f49848681c52c '   itemscope=\"itemscope\" itemtype=\"https:\/\/schema.org\/CreativeWork\" ><div class='avia_textblock av_inherit_color'  itemprop=\"text\" ><h1 style=\"text-align: center;\"><strong>MANTI CERAMIC ALTA DENSIDAD<\/strong><\/h1>\n<\/div><\/section>\n\n<\/div><\/div><\/main><!-- close content main element --><\/div><\/div><div id='av_section_2'  class='avia-section av-qflzw0-60826545dd573c0e711d5040fa1d9c64 main_color avia-section-default avia-no-border-styling  avia-builder-el-2  el_after_av_section  avia-builder-el-last  avia-bg-style-scroll container_wrap sidebar_right'  ><div class='container av-section-cont-open' ><div class='template-page content  av-content-small alpha units'><div class='post-entry post-entry-type-page post-entry-2209'><div class='entry-content-wrapper clearfix'>\n<div  class='flex_column av-orjsds-83fa452629324c8f1ca0dbe7ff8fed98 av_one_half  avia-builder-el-3  el_before_av_one_half  avia-builder-el-first  first flex_column_div  '     ><p>\n<style type=\"text\/css\" data-created_by=\"avia_inline_auto\" id=\"style-css-av-m166wz3v-3345f4b502acf14ed5133b33d7f5582b\">\n.avia-image-container.av-m166wz3v-3345f4b502acf14ed5133b33d7f5582b img.avia_image{\nbox-shadow:none;\n}\n.avia-image-container.av-m166wz3v-3345f4b502acf14ed5133b33d7f5582b .av-image-caption-overlay-center{\ncolor:#ffffff;\n}\n<\/style>\n<div  class='avia-image-container av-m166wz3v-3345f4b502acf14ed5133b33d7f5582b av-styling- avia-align-center  avia-builder-el-4  el_before_av_textblock  avia-builder-el-first '   itemprop=\"image\" itemscope=\"itemscope\" itemtype=\"https:\/\/schema.org\/ImageObject\" ><div class=\"avia-image-container-inner\"><div class=\"avia-image-overlay-wrap\"><img decoding=\"async\" fetchpriority=\"high\" class='wp-image-1743 avia-img-lazy-loading-not-1743 avia_image ' src=\"https:\/\/www.manticeramicitalia.it\/wp-content\/uploads\/2024\/03\/Manti-Alta-Densita.png\" alt='Manti Ceramic Alta Densidad' title='Manti Alt\u00e0 Densit\u00e0'  height=\"400\" width=\"400\"  itemprop=\"thumbnailUrl\" srcset=\"https:\/\/www.manticeramicitalia.it\/wp-content\/uploads\/2024\/03\/Manti-Alta-Densita.png 500w, https:\/\/www.manticeramicitalia.it\/wp-content\/uploads\/2024\/03\/Manti-Alta-Densita-300x300.png 300w, https:\/\/www.manticeramicitalia.it\/wp-content\/uploads\/2024\/03\/Manti-Alta-Densita-150x150.png 150w\" sizes=\"(max-width: 400px) 100vw, 400px\" \/><\/div><\/div><\/div><br \/>\n<section  class='av_textblock_section av-mnep5g0m-c42e4e04daaf5306917e87a45dec3b09 '   itemscope=\"itemscope\" itemtype=\"https:\/\/schema.org\/CreativeWork\" ><div class='avia_textblock'  itemprop=\"text\" ><h3><strong data-start=\"0\" data-end=\"73\">Prestaciones equivalentes a los sistemas de aislamiento tradicionales por Manti Ceramic Alta Densidad<\/strong><\/h3>\n<p>Las prestaciones aislantes del producto Manti Ceramic Alta Densidad son muy eficaces:<\/p>\n<p><strong>4 mm equivalen a 8 cent\u00edmetros de SATE <\/strong><\/p>\n<p><strong>6 mm equivalen a 12 cent\u00edmetros de SATE<\/strong><\/p>\n<p><strong>8 mil\u00edmetros a 16 cent\u00edmetros de SATE<\/strong><\/p>\n<p>A continuaci\u00f3n, debe acabarse con yeso civil transpirable y de color o con yeso ya coloreado u otro revestimiento protector.<\/p>\n<h3 data-css=\"tve-u-16d1bffc618\"><strong>El valor de conductividad t\u00e9rmica certificado es:\u00a0<\/strong><\/h3>\n<h3 data-css=\"tve-u-16d1bffc618\"><strong data-start=\"55\" data-end=\"109\">\u03bbd: 0,0010 W\/mK\u00a0<\/strong><\/h3>\n<h6>(Consultar los consejos t\u00e9cnicos para el c\u00e1lculo de la transmitancia en los distintos espesores, indicados en la segunda p\u00e1gina de la ficha t\u00e9cnica)<\/h6>\n<\/div><\/section><\/p><\/div><div  class='flex_column av-muhi7k-66de43a907776f361dd37472626deaea av_one_half  avia-builder-el-6  el_after_av_one_half  el_before_av_one_half  flex_column_div  '     ><p>\n<style type=\"text\/css\" data-created_by=\"avia_inline_auto\" id=\"style-css-av-km0zio-b9919696a29bebbe9a2c146007b42b1e\">\n#top .av-special-heading.av-km0zio-b9919696a29bebbe9a2c146007b42b1e{\npadding-bottom:10px;\ncolor:#181a7c;\n}\nbody .av-special-heading.av-km0zio-b9919696a29bebbe9a2c146007b42b1e .av-special-heading-tag .heading-char{\nfont-size:25px;\n}\n.av-special-heading.av-km0zio-b9919696a29bebbe9a2c146007b42b1e .special-heading-inner-border{\nborder-color:#181a7c;\n}\n.av-special-heading.av-km0zio-b9919696a29bebbe9a2c146007b42b1e .av-subheading{\nfont-size:15px;\n}\nbody .av-special-heading.av-km0zio-b9919696a29bebbe9a2c146007b42b1e .av-special-heading-tag .heading-wrap:before{\nborder-color:#181a7c;\n}\nbody .av-special-heading.av-km0zio-b9919696a29bebbe9a2c146007b42b1e .av-special-heading-tag .heading-wrap:after{\nborder-color:#181a7c;\n}\n<\/style>\n<div  class='av-special-heading av-km0zio-b9919696a29bebbe9a2c146007b42b1e av-special-heading-h2 custom-color-heading  avia-builder-el-7  el_before_av_textblock  avia-builder-el-first '><h2 class='av-special-heading-tag '  itemprop=\"headline\"  >Descripci\u00f3n del producto<\/h2><div class=\"special-heading-border\"><div class=\"special-heading-inner-border\"><\/div><\/div><\/div><br \/>\n<section  class='av_textblock_section av-m166ypd6-3df946c45f52a60dcc26c29833d63e51 '   itemscope=\"itemscope\" itemtype=\"https:\/\/schema.org\/CreativeWork\" ><div class='avia_textblock'  itemprop=\"text\" ><h3 data-start=\"0\" data-end=\"410\">Manti Ceramic Alta Densidad: el microrevestimiento nanotecnol\u00f3gico de bajo espesor<\/h3>\n<p data-start=\"0\" data-end=\"410\"><strong data-start=\"0\" data-end=\"31\">La version de Alta Densidad<\/strong> es un microrevestimiento aislante nanotecnol\u00f3gico dise\u00f1ado para garantizar altas prestaciones t\u00e9rmicas con espesores extremadamente reducidos, desde <strong data-start=\"181\" data-end=\"189\">2 mm<\/strong> hasta un m\u00e1ximo de <strong data-start=\"209\" data-end=\"218\">10 mm<\/strong>. Se trata de una resina aislante avanzada a base de microesferas cer\u00e1micas, ideal para intervenciones de rehabilitaci\u00f3n energ\u00e9tica donde el espacio es limitado o la est\u00e9tica debe preservarse. <a href=\"https:\/\/www.manticeramicitalia.it\/es\/microcapa-manti-ceramic\/\">Ofrece numerosas ventajas frente a un SATE tradicional.<\/a><\/p>\n<h3 data-start=\"412\" data-end=\"872\"><strong data-start=\"412\" data-end=\"446\">Un escudo t\u00e9rmico transpirable<\/strong><\/h3>\n<p data-start=\"412\" data-end=\"872\">El n\u00facleo tecnol\u00f3gico del producto <strong>Manti <\/strong><strong data-start=\"487\" data-end=\"504\">Alta Densidad<\/strong> es su <strong data-start=\"511\" data-end=\"533\" data-is-only-node=\"\">ret\u00edcula molecular<\/strong>, que dificulta el paso del calor a trav\u00e9s de las superficies murarias sin comprometer la transpirabilidad del soporte. Esto permite mantener los muros secos, reduciendo el riesgo de condensaci\u00f3n, moho y deterioro con el paso del tiempo.<br data-start=\"770\" data-end=\"773\" \/>Una vez aplicado, el sistema crea un verdadero <strong data-start=\"820\" data-end=\"840\">\u201cescudo t\u00e9rmico\u201d<\/strong> continuo, sin puentes t\u00e9rmicos.<\/p>\n<h3 data-start=\"874\" data-end=\"1237\"><strong data-start=\"874\" data-end=\"927\">Manti Ceramic Alta Densidad: aplicaci\u00f3n y acabado<\/strong><\/h3>\n<p data-start=\"874\" data-end=\"1237\">El producto se aplica como un enlucido, en <strong data-start=\"973\" data-end=\"1020\">tres manos con esp\u00e1tula y malla de refuerzo<\/strong>, garantizando continuidad y resistencia mec\u00e1nica. Tras la aplicaci\u00f3n, el producto debe acabarse con <strong data-start=\"1121\" data-end=\"1159\" data-is-only-node=\"\">revoco fino transpirable y pintura<\/strong>, o bien con <strong data-start=\"1172\" data-end=\"1200\">revoco fino ya coloreado<\/strong> u otro acabado protector compatible.<\/p>\n<h6><\/h6>\n<h3 data-css=\"tve-u-16d1bffc618\"><\/h3>\n<\/div><\/section><br \/>\n<div  class='avia-button-wrap av-m1670hgp-f480ac8faa718a7b82cd1cfedc14398f-wrap avia-button-center  avia-builder-el-9  el_after_av_textblock  el_before_av_textblock '>\n<style type=\"text\/css\" data-created_by=\"avia_inline_auto\" id=\"style-css-av-m1670hgp-f480ac8faa718a7b82cd1cfedc14398f\">\n#top #wrap_all .avia-button.av-m1670hgp-f480ac8faa718a7b82cd1cfedc14398f{\nbackground-color:#181a7c;\nborder-color:#181a7c;\ntransition:all 0.4s ease-in-out;\n}\n#top #wrap_all .avia-button.av-m1670hgp-f480ac8faa718a7b82cd1cfedc14398f:hover{\nbackground-color:#e80d0f;\ncolor:white;\ntransition:all 0.4s ease-in-out;\n}\n#top #wrap_all .avia-button.av-m1670hgp-f480ac8faa718a7b82cd1cfedc14398f:hover .avia-svg-icon svg:first-child{\nfill:white;\nstroke:white;\n}\n<\/style>\n<a href='https:\/\/www.manticeramicitalia.it\/wp-content\/uploads\/2026\/04\/Ficha-tecnica-Manti-Ceramic-Alta-Densidad.pdf'  class='avia-button av-m1670hgp-f480ac8faa718a7b82cd1cfedc14398f av-link-btn avia-icon_select-no avia-size-medium avia-position-center avia-font-color-theme-color'  target=\"_blank\"  rel=\"noopener noreferrer\"  aria-label=\"DESCARGAR FICHA T\u00c9CNICA\"><span class='avia_iconbox_title' >DESCARGAR FICHA T\u00c9CNICA<\/span><\/a><\/div><br \/>\n<section  class='av_textblock_section av-md787bit-87b3a5545faea5ce7e7d597614b61e64 '   itemscope=\"itemscope\" itemtype=\"https:\/\/schema.org\/CreativeWork\" ><div class='avia_textblock'  itemprop=\"text\" ><p><strong>Ver el video de aplicaci\u00f3n <\/strong>: <a href=\"https:\/\/www.youtube.com\/watch?v=1iZN2Mzmph0\">video<\/a><\/p>\n<\/div><\/section><\/p><\/div><div  class='flex_column av-j00q1s-97555eada71268b4374a5f7aef3b1d12 av_one_half  avia-builder-el-11  el_after_av_one_half  el_before_av_one_half  first flex_column_div  column-top-margin'     ><p>\n<style type=\"text\/css\" data-created_by=\"avia_inline_auto\" id=\"style-css-av-hozoz4-58444706ddc5c4a487d7dd8b144a81dd\">\n#top .av-special-heading.av-hozoz4-58444706ddc5c4a487d7dd8b144a81dd{\npadding-bottom:10px;\ncolor:#e80d0fff;\n}\nbody .av-special-heading.av-hozoz4-58444706ddc5c4a487d7dd8b144a81dd .av-special-heading-tag .heading-char{\nfont-size:25px;\n}\n.av-special-heading.av-hozoz4-58444706ddc5c4a487d7dd8b144a81dd .special-heading-inner-border{\nborder-color:#e80d0fff;\n}\n.av-special-heading.av-hozoz4-58444706ddc5c4a487d7dd8b144a81dd .av-subheading{\nfont-size:15px;\n}\n<\/style>\n<div  class='av-special-heading av-hozoz4-58444706ddc5c4a487d7dd8b144a81dd av-special-heading-h3 custom-color-heading blockquote modern-quote  avia-builder-el-12  el_before_av_heading  avia-builder-el-first '><h3 class='av-special-heading-tag '  itemprop=\"headline\"  >Cont\u00e1ctanos para tu proyecto con Manti Ceramic Alta Densidad<\/h3><div class=\"special-heading-border\"><div class=\"special-heading-inner-border\"><\/div><\/div><\/div><br \/>\n\n<style type=\"text\/css\" data-created_by=\"avia_inline_auto\" id=\"style-css-av-fnty5s-a585f520cd2a23eba9a9811b205fa2e6\">\n#top .av-special-heading.av-fnty5s-a585f520cd2a23eba9a9811b205fa2e6{\npadding-bottom:10px;\ncolor:#e80d0fff;\n}\nbody .av-special-heading.av-fnty5s-a585f520cd2a23eba9a9811b205fa2e6 .av-special-heading-tag .heading-char{\nfont-size:25px;\n}\n.av-special-heading.av-fnty5s-a585f520cd2a23eba9a9811b205fa2e6 .special-heading-inner-border{\nborder-color:#e80d0fff;\n}\n.av-special-heading.av-fnty5s-a585f520cd2a23eba9a9811b205fa2e6 .av-subheading{\nfont-size:15px;\n}\n<\/style>\n<div  class='av-special-heading av-fnty5s-a585f520cd2a23eba9a9811b205fa2e6 av-special-heading-h2 custom-color-heading blockquote modern-quote  avia-builder-el-13  el_after_av_heading  el_before_av_font_icon '><h2 class='av-special-heading-tag '  itemprop=\"headline\"  >Rellena el formulario para recibir m\u00e1s informaci\u00f3n<\/h2><div class=\"special-heading-border\"><div class=\"special-heading-inner-border\"><\/div><\/div><\/div><br \/>\n\n<style type=\"text\/css\" data-created_by=\"avia_inline_auto\" id=\"style-css-av-eef04w-574412c6c609f738cea56452dbcfaf8b\">\n.av_font_icon.av-eef04w-574412c6c609f738cea56452dbcfaf8b{\ncolor:#e80d0f;\nborder-color:#e80d0f;\n}\n.avia-svg-icon.av-eef04w-574412c6c609f738cea56452dbcfaf8b svg:first-child{\nstroke:#e80d0f;\nfill:#e80d0f;\n}\n.av_font_icon.av-eef04w-574412c6c609f738cea56452dbcfaf8b .av-icon-char{\nfont-size:40px;\nline-height:40px;\n}\n<\/style>\n<span  class='av_font_icon av-eef04w-574412c6c609f738cea56452dbcfaf8b avia_animate_when_visible av-icon-style- avia-icon-pos-left avia-iconfont avia-font-entypo-fontello avia-icon-animate'><span class='av-icon-char' data-av_icon='\ue889' data-av_iconfont='entypo-fontello' aria-hidden=\"true\" ><\/span><\/span><\/p><\/div><div  class='flex_column av-c7nkio-d91f31f80ba793d16016feea16c8c61d av_one_half  avia-builder-el-15  el_after_av_one_half  avia-builder-el-last  flex_column_div  column-top-margin'     ><form action=\"https:\/\/www.manticeramicitalia.it\/es\/construccion\/manti-ceramic-alta-densidad\/\" method=\"post\" data-fields-with-error=\"Found errors in the following field(s):\" class=\"avia_ajax_form av-form-labels-hidden   avia-builder-el-16  avia-builder-el-no-sibling  av-show-form-errors  av-custom-form-color av-dark-form \" data-avia-form-id=\"1\" data-avia-redirect=''  aria-label='Modulo di contatto' ><h3 class=''>Env\u00edanos un correo electr\u00f3nico<\/h3><fieldset><p class='  first_form  form_element form_element_half' id='element_avia_1_1'><label for=\"avia_1_1\">Nombre y apellidos <abbr class=\"required\" title=\"requerido\">*<\/abbr><\/label> <input name=\"avia_1_1\" class=\"text_input is_empty\" type=\"text\" id=\"avia_1_1\" value=\"\"  placeholder='Nombre y apellidos*'\/><\/p><p class='  form_element form_element_half' id='element_avia_2_1'><label for=\"avia_2_1\">Correo electr\u00f3nico <abbr class=\"required\" title=\"requerido\">*<\/abbr><\/label> <input name=\"avia_2_1\" class=\"text_input is_email\" type=\"text\" id=\"avia_2_1\" value=\"\"  placeholder='Correo electr\u00f3nico*'\/><\/p><p class='  first_form  form_element form_element_half' id='element_avia_3_1'><label for=\"avia_3_1\">Provincia <abbr class=\"required\" title=\"requerido\">*<\/abbr><\/label> <input name=\"avia_3_1\" class=\"text_input is_empty\" type=\"text\" id=\"avia_3_1\" value=\"\"  placeholder='Provincia*'\/><\/p><p class='  form_element form_element_half' id='element_avia_4_1'><label for=\"avia_4_1\">Tel\u00e9fono m\u00f3vil <abbr class=\"required\" title=\"requerido\">*<\/abbr><\/label> <input name=\"avia_4_1\" class=\"text_input is_phone\" type=\"text\" id=\"avia_4_1\" value=\"\"  placeholder='Tel\u00e9fono m\u00f3vil*'\/><\/p><p class='  first_form  form_element form_fullwidth' id='element_avia_5_1'><label for=\"avia_5_1\" class=\"textare_label hidden textare_label_avia_5_1\">Mensaje <abbr class=\"required\" title=\"requerido\">*<\/abbr><\/label><textarea  placeholder='Mensaje*' name=\"avia_5_1\" class=\"text_area is_empty\" cols=\"40\" rows=\"7\" id=\"avia_5_1\" ><\/textarea><\/p><p class='  first_form  form_element form_fullwidth' id='element_avia_6_1'><input  name=\"avia_6_1\" class=\"input_checkbox is_empty\" type=\"checkbox\" id=\"avia_6_1\" value=\"true\"\/><label class=\"input_checkbox_label\" for=\"avia_6_1\">Doy mi consentimiento para el procesamiento de datos personales para los fines indicados en la <a>informaci\u00f3n<\/a> <abbr class=\"required\" title=\"requerido\">*<\/abbr><\/label><\/p><h6 id='element_avia_7_1' class=' first_form  form_element form_fullwidth av-form-headline '>Demuestra que no eres un robot<\/h6><p class=\"hidden\"><input type=\"text\" name=\"avia_8_1\" class=\"hidden \" id=\"avia_8_1\" value=\"\" \/><\/p><p class='   form_element form_fullwidth' id='element_avia_9_1'><span class='value_verifier_label'>1 + 0 = ?<\/span><input name=\"avia_9_1_verifier\" type=\"hidden\" id=\"avia_9_1_verifier\" value=\"718536221\"\/><label for=\"avia_9_1\">Para mayor seguridad, responde la siguiente pregunta <abbr class=\"required\" title=\"requerido\">*<\/abbr><\/label><input name=\"avia_9_1\" class=\"text_input captcha\" type=\"text\" id=\"avia_9_1\" value=\"\"\/><\/p><p class=\"form_element \"><input type=\"hidden\" value=\"1\" name=\"avia_generated_form1\" \/><input type=\"submit\" value=\"ENVIAR\" class=\"button\"  data-sending-label=\"Enviando\"\/><\/p><\/fieldset><\/form><div id=\"ajaxresponse_1\" class=\"ajaxresponse ajaxresponse_1 hidden\"><\/div><\/div><\/div><\/div><\/div><!-- close content main div --><\/div><\/div><div id='after_section_2'  class='main_color av_default_container_wrap container_wrap sidebar_right'  ><div class='container av-section-cont-open' ><div class='template-page content  av-content-small alpha units'><div class='post-entry post-entry-type-page post-entry-2209'><div class='entry-content-wrapper clearfix'>\n","protected":false},"excerpt":{"rendered":"","protected":false},"author":1,"featured_media":0,"parent":2193,"menu_order":0,"comment_status":"closed","ping_status":"closed","template":"","meta":{"two_page_speed":[],"footnotes":""},"class_list":["post-2209","page","type-page","status-publish","hentry"],"yoast_head":"<!-- This site is optimized with the Yoast SEO Premium plugin v27.6 (Yoast SEO v27.6) - https:\/\/yoast.com\/product\/yoast-seo-premium-wordpress\/ -->\n<title>Manti Ceramic Alta Densidad: aislante de muy bajo espesor<\/title>\n<meta name=\"description\" content=\"Manti Ceramic Alta Densidad es una pasta aislante de bajo espesor, altamente eficaz, aplicada con llana, con microesferas cer\u00e1micas.\" \/>\n<meta name=\"robots\" content=\"index, follow, max-snippet:-1, max-image-preview:large, max-video-preview:-1\" \/>\n<link rel=\"canonical\" href=\"https:\/\/www.manticeramicitalia.it\/es\/construccion\/manti-ceramic-alta-densidad\/\" \/>\n<meta property=\"og:locale\" content=\"es_ES\" \/>\n<meta property=\"og:type\" content=\"article\" \/>\n<meta property=\"og:title\" content=\"Manti Ceramic Alta Densidad\" \/>\n<meta property=\"og:description\" content=\"Manti Ceramic Alta Densidad es una pasta aislante de bajo espesor, altamente eficaz, aplicada con llana, con microesferas cer\u00e1micas.\" \/>\n<meta property=\"og:url\" content=\"https:\/\/www.manticeramicitalia.it\/es\/construccion\/manti-ceramic-alta-densidad\/\" \/>\n<meta property=\"og:site_name\" content=\"Manti Ceramic Italia\" \/>\n<meta property=\"article:modified_time\" content=\"2026-04-01T08:48:39+00:00\" \/>\n<meta name=\"twitter:card\" content=\"summary_large_image\" \/>\n<meta name=\"twitter:label1\" content=\"Tiempo de lectura\" \/>\n\t<meta name=\"twitter:data1\" content=\"3 minutos\" \/>\n<script type=\"application\/ld+json\" class=\"yoast-schema-graph\">{\"@context\":\"https:\\\/\\\/schema.org\",\"@graph\":[{\"@type\":\"WebPage\",\"@id\":\"https:\\\/\\\/www.manticeramicitalia.it\\\/es\\\/construccion\\\/manti-ceramic-alta-densidad\\\/\",\"url\":\"https:\\\/\\\/www.manticeramicitalia.it\\\/es\\\/construccion\\\/manti-ceramic-alta-densidad\\\/\",\"name\":\"Manti Ceramic Alta Densidad: aislante de muy bajo espesor\",\"isPartOf\":{\"@id\":\"https:\\\/\\\/www.manticeramicitalia.it\\\/es\\\/#website\"},\"datePublished\":\"2024-04-23T16:25:27+00:00\",\"dateModified\":\"2026-04-01T08:48:39+00:00\",\"description\":\"Manti Ceramic Alta Densidad es una pasta aislante de bajo espesor, altamente eficaz, aplicada con llana, con microesferas cer\u00e1micas.\",\"breadcrumb\":{\"@id\":\"https:\\\/\\\/www.manticeramicitalia.it\\\/es\\\/construccion\\\/manti-ceramic-alta-densidad\\\/#breadcrumb\"},\"inLanguage\":\"es\",\"potentialAction\":[{\"@type\":\"ReadAction\",\"target\":[\"https:\\\/\\\/www.manticeramicitalia.it\\\/es\\\/construccion\\\/manti-ceramic-alta-densidad\\\/\"]}]},{\"@type\":\"BreadcrumbList\",\"@id\":\"https:\\\/\\\/www.manticeramicitalia.it\\\/es\\\/construccion\\\/manti-ceramic-alta-densidad\\\/#breadcrumb\",\"itemListElement\":[{\"@type\":\"ListItem\",\"position\":1,\"name\":\"Home\",\"item\":\"https:\\\/\\\/www.manticeramicitalia.it\\\/es\\\/home\\\/\"},{\"@type\":\"ListItem\",\"position\":2,\"name\":\"Construcci\u00f3n\",\"item\":\"https:\\\/\\\/www.manticeramicitalia.it\\\/es\\\/construccion\\\/\"},{\"@type\":\"ListItem\",\"position\":3,\"name\":\"Manti Ceramic Alta Densidad\"}]},{\"@type\":\"WebSite\",\"@id\":\"https:\\\/\\\/www.manticeramicitalia.it\\\/es\\\/#website\",\"url\":\"https:\\\/\\\/www.manticeramicitalia.it\\\/es\\\/\",\"name\":\"Manti Ceramic Italia\",\"description\":\"\",\"publisher\":{\"@id\":\"https:\\\/\\\/www.manticeramicitalia.it\\\/es\\\/#organization\"},\"potentialAction\":[{\"@type\":\"SearchAction\",\"target\":{\"@type\":\"EntryPoint\",\"urlTemplate\":\"https:\\\/\\\/www.manticeramicitalia.it\\\/es\\\/?s={search_term_string}\"},\"query-input\":{\"@type\":\"PropertyValueSpecification\",\"valueRequired\":true,\"valueName\":\"search_term_string\"}}],\"inLanguage\":\"es\"},{\"@type\":\"Organization\",\"@id\":\"https:\\\/\\\/www.manticeramicitalia.it\\\/es\\\/#organization\",\"name\":\"Manti Ceramic Italia\",\"url\":\"https:\\\/\\\/www.manticeramicitalia.it\\\/es\\\/\",\"logo\":{\"@type\":\"ImageObject\",\"inLanguage\":\"es\",\"@id\":\"https:\\\/\\\/www.manticeramicitalia.it\\\/es\\\/#\\\/schema\\\/logo\\\/image\\\/\",\"url\":\"https:\\\/\\\/www.manticeramicitalia.it\\\/wp-content\\\/uploads\\\/2024\\\/03\\\/cropped-cropped-Logo-Web.png\",\"contentUrl\":\"https:\\\/\\\/www.manticeramicitalia.it\\\/wp-content\\\/uploads\\\/2024\\\/03\\\/cropped-cropped-Logo-Web.png\",\"width\":180,\"height\":60,\"caption\":\"Manti Ceramic Italia\"},\"image\":{\"@id\":\"https:\\\/\\\/www.manticeramicitalia.it\\\/es\\\/#\\\/schema\\\/logo\\\/image\\\/\"}}]}<\/script>\n<!-- \/ Yoast SEO Premium plugin. -->","yoast_head_json":{"title":"Manti Ceramic Alta Densidad: aislante de muy bajo espesor","description":"Manti Ceramic Alta Densidad es una pasta aislante de bajo espesor, altamente eficaz, aplicada con llana, con microesferas cer\u00e1micas.","robots":{"index":"index","follow":"follow","max-snippet":"max-snippet:-1","max-image-preview":"max-image-preview:large","max-video-preview":"max-video-preview:-1"},"canonical":"https:\/\/www.manticeramicitalia.it\/es\/construccion\/manti-ceramic-alta-densidad\/","og_locale":"es_ES","og_type":"article","og_title":"Manti Ceramic Alta Densidad","og_description":"Manti Ceramic Alta Densidad es una pasta aislante de bajo espesor, altamente eficaz, aplicada con llana, con microesferas cer\u00e1micas.","og_url":"https:\/\/www.manticeramicitalia.it\/es\/construccion\/manti-ceramic-alta-densidad\/","og_site_name":"Manti Ceramic Italia","article_modified_time":"2026-04-01T08:48:39+00:00","twitter_card":"summary_large_image","twitter_misc":{"Tiempo de lectura":"3 minutos"},"schema":{"@context":"https:\/\/schema.org","@graph":[{"@type":"WebPage","@id":"https:\/\/www.manticeramicitalia.it\/es\/construccion\/manti-ceramic-alta-densidad\/","url":"https:\/\/www.manticeramicitalia.it\/es\/construccion\/manti-ceramic-alta-densidad\/","name":"Manti Ceramic Alta Densidad: aislante de muy bajo espesor","isPartOf":{"@id":"https:\/\/www.manticeramicitalia.it\/es\/#website"},"datePublished":"2024-04-23T16:25:27+00:00","dateModified":"2026-04-01T08:48:39+00:00","description":"Manti Ceramic Alta Densidad es una pasta aislante de bajo espesor, altamente eficaz, aplicada con llana, con microesferas cer\u00e1micas.","breadcrumb":{"@id":"https:\/\/www.manticeramicitalia.it\/es\/construccion\/manti-ceramic-alta-densidad\/#breadcrumb"},"inLanguage":"es","potentialAction":[{"@type":"ReadAction","target":["https:\/\/www.manticeramicitalia.it\/es\/construccion\/manti-ceramic-alta-densidad\/"]}]},{"@type":"BreadcrumbList","@id":"https:\/\/www.manticeramicitalia.it\/es\/construccion\/manti-ceramic-alta-densidad\/#breadcrumb","itemListElement":[{"@type":"ListItem","position":1,"name":"Home","item":"https:\/\/www.manticeramicitalia.it\/es\/home\/"},{"@type":"ListItem","position":2,"name":"Construcci\u00f3n","item":"https:\/\/www.manticeramicitalia.it\/es\/construccion\/"},{"@type":"ListItem","position":3,"name":"Manti Ceramic Alta Densidad"}]},{"@type":"WebSite","@id":"https:\/\/www.manticeramicitalia.it\/es\/#website","url":"https:\/\/www.manticeramicitalia.it\/es\/","name":"Manti Ceramic Italia","description":"","publisher":{"@id":"https:\/\/www.manticeramicitalia.it\/es\/#organization"},"potentialAction":[{"@type":"SearchAction","target":{"@type":"EntryPoint","urlTemplate":"https:\/\/www.manticeramicitalia.it\/es\/?s={search_term_string}"},"query-input":{"@type":"PropertyValueSpecification","valueRequired":true,"valueName":"search_term_string"}}],"inLanguage":"es"},{"@type":"Organization","@id":"https:\/\/www.manticeramicitalia.it\/es\/#organization","name":"Manti Ceramic Italia","url":"https:\/\/www.manticeramicitalia.it\/es\/","logo":{"@type":"ImageObject","inLanguage":"es","@id":"https:\/\/www.manticeramicitalia.it\/es\/#\/schema\/logo\/image\/","url":"https:\/\/www.manticeramicitalia.it\/wp-content\/uploads\/2024\/03\/cropped-cropped-Logo-Web.png","contentUrl":"https:\/\/www.manticeramicitalia.it\/wp-content\/uploads\/2024\/03\/cropped-cropped-Logo-Web.png","width":180,"height":60,"caption":"Manti Ceramic Italia"},"image":{"@id":"https:\/\/www.manticeramicitalia.it\/es\/#\/schema\/logo\/image\/"}}]}},"_links":{"self":[{"href":"https:\/\/www.manticeramicitalia.it\/es\/wp-json\/wp\/v2\/pages\/2209","targetHints":{"allow":["GET"]}}],"collection":[{"href":"https:\/\/www.manticeramicitalia.it\/es\/wp-json\/wp\/v2\/pages"}],"about":[{"href":"https:\/\/www.manticeramicitalia.it\/es\/wp-json\/wp\/v2\/types\/page"}],"author":[{"embeddable":true,"href":"https:\/\/www.manticeramicitalia.it\/es\/wp-json\/wp\/v2\/users\/1"}],"replies":[{"embeddable":true,"href":"https:\/\/www.manticeramicitalia.it\/es\/wp-json\/wp\/v2\/comments?post=2209"}],"version-history":[{"count":5,"href":"https:\/\/www.manticeramicitalia.it\/es\/wp-json\/wp\/v2\/pages\/2209\/revisions"}],"predecessor-version":[{"id":8647,"href":"https:\/\/www.manticeramicitalia.it\/es\/wp-json\/wp\/v2\/pages\/2209\/revisions\/8647"}],"up":[{"embeddable":true,"href":"https:\/\/www.manticeramicitalia.it\/es\/wp-json\/wp\/v2\/pages\/2193"}],"wp:attachment":[{"href":"https:\/\/www.manticeramicitalia.it\/es\/wp-json\/wp\/v2\/media?parent=2209"}],"curies":[{"name":"wp","href":"https:\/\/api.w.org\/{rel}","templated":true}]}}