{"id":2221,"date":"2024-04-24T07:04:50","date_gmt":"2024-04-24T07:04:50","guid":{"rendered":"https:\/\/www.manticeramicitalia.it\/manti-technological-m\/"},"modified":"2025-11-28T09:51:12","modified_gmt":"2025-11-28T09:51:12","slug":"manti-technological-m","status":"publish","type":"page","link":"https:\/\/www.manticeramicitalia.it\/es\/industria\/manti-technological-m\/","title":{"rendered":"Manti Technological M"},"content":{"rendered":"\n<style type=\"text\/css\" data-created_by=\"avia_inline_auto\" id=\"style-css-av-m16dsg7z-f6afce870da6b5a013a37c625f579483\">\n.avia-section.av-m16dsg7z-f6afce870da6b5a013a37c625f579483{\nbackground-color:#850d76;\nbackground-image:unset;\n}\n<\/style>\n<div id='av_section_1'  class='avia-section av-m16dsg7z-f6afce870da6b5a013a37c625f579483 main_color avia-section-default avia-no-border-styling  avia-builder-el-0  el_before_av_section  avia-builder-el-first  avia-bg-style-scroll container_wrap sidebar_right'  ><div class='container av-section-cont-open' ><main  role=\"main\" itemprop=\"mainContentOfPage\"  class='template-page content  av-content-small alpha units'><div class='post-entry post-entry-type-page post-entry-2221'><div class='entry-content-wrapper clearfix'>\n\n<style type=\"text\/css\" data-created_by=\"avia_inline_auto\" id=\"style-css-av-m16dsauv-cea942a3808203e6ef88479f56dbadf2\">\n#top .av_textblock_section.av-m16dsauv-cea942a3808203e6ef88479f56dbadf2 .avia_textblock{\ncolor:#ffffff;\n}\n<\/style>\n<section  class='av_textblock_section av-m16dsauv-cea942a3808203e6ef88479f56dbadf2 '   itemscope=\"itemscope\" itemtype=\"https:\/\/schema.org\/CreativeWork\" ><div class='avia_textblock av_inherit_color'  itemprop=\"text\" ><h1 style=\"text-align: center;\"><strong>MANTI CERAMIC TECNOL\u00d3GICOS M<\/strong><\/h1>\n<\/div><\/section>\n\n<\/div><\/div><\/main><!-- close content main element --><\/div><\/div><div id='av_section_2'  class='avia-section av-ptsobn-4dedc10840be9193967e410ecbc1c2cd main_color avia-section-default avia-no-border-styling  avia-builder-el-2  el_after_av_section  avia-builder-el-last  avia-bg-style-scroll container_wrap sidebar_right'  ><div class='container av-section-cont-open' ><div class='template-page content  av-content-small alpha units'><div class='post-entry post-entry-type-page post-entry-2221'><div class='entry-content-wrapper clearfix'>\n<div  class='flex_column av-nsjac3-252bf5341370ddcb5a1b80381a659011 av_one_half  avia-builder-el-3  el_before_av_one_half  avia-builder-el-first  first flex_column_div  '     ><style type=\"text\/css\" data-created_by=\"avia_inline_auto\" id=\"style-css-av-m16dsr5q-c3890ff49a3648467be44d1498c0efaa\">\n.avia-image-container.av-m16dsr5q-c3890ff49a3648467be44d1498c0efaa img.avia_image{\nbox-shadow:none;\n}\n.avia-image-container.av-m16dsr5q-c3890ff49a3648467be44d1498c0efaa .av-image-caption-overlay-center{\ncolor:#ffffff;\n}\n<\/style>\n<div  class='avia-image-container av-m16dsr5q-c3890ff49a3648467be44d1498c0efaa av-styling- avia-align-center  avia-builder-el-4  avia-builder-el-no-sibling '   itemprop=\"image\" itemscope=\"itemscope\" itemtype=\"https:\/\/schema.org\/ImageObject\" ><div class=\"avia-image-container-inner\"><div class=\"avia-image-overlay-wrap\"><img decoding=\"async\" fetchpriority=\"high\" class='wp-image-1747 avia-img-lazy-loading-not-1747 avia_image ' src=\"https:\/\/www.manticeramicitalia.it\/wp-content\/uploads\/2024\/03\/Technological-M.png\" alt='Industria' title='Technological M'  height=\"400\" width=\"400\"  itemprop=\"thumbnailUrl\" srcset=\"https:\/\/www.manticeramicitalia.it\/wp-content\/uploads\/2024\/03\/Technological-M.png 500w, https:\/\/www.manticeramicitalia.it\/wp-content\/uploads\/2024\/03\/Technological-M-300x300.png 300w, https:\/\/www.manticeramicitalia.it\/wp-content\/uploads\/2024\/03\/Technological-M-150x150.png 150w\" sizes=\"(max-width: 400px) 100vw, 400px\" \/><\/div><\/div><\/div><\/div><div  class='flex_column av-lt2ub7-89ac4757ea9cdf3710803630fb0a2d71 av_one_half  avia-builder-el-5  el_after_av_one_half  el_before_av_one_half  flex_column_div  '     ><p>\n<style type=\"text\/css\" data-created_by=\"avia_inline_auto\" id=\"style-css-av-22rn1f-bf7213e9effea5956523c9bfcca69ae8\">\n#top .av-special-heading.av-22rn1f-bf7213e9effea5956523c9bfcca69ae8{\npadding-bottom:10px;\ncolor:#181a7c;\n}\nbody .av-special-heading.av-22rn1f-bf7213e9effea5956523c9bfcca69ae8 .av-special-heading-tag .heading-char{\nfont-size:25px;\n}\n.av-special-heading.av-22rn1f-bf7213e9effea5956523c9bfcca69ae8 .special-heading-inner-border{\nborder-color:#181a7c;\n}\n.av-special-heading.av-22rn1f-bf7213e9effea5956523c9bfcca69ae8 .av-subheading{\nfont-size:15px;\n}\nbody .av-special-heading.av-22rn1f-bf7213e9effea5956523c9bfcca69ae8 .av-special-heading-tag .heading-wrap:before{\nborder-color:#181a7c;\n}\nbody .av-special-heading.av-22rn1f-bf7213e9effea5956523c9bfcca69ae8 .av-special-heading-tag .heading-wrap:after{\nborder-color:#181a7c;\n}\n<\/style>\n<div  class='av-special-heading av-22rn1f-bf7213e9effea5956523c9bfcca69ae8 av-special-heading-h2 custom-color-heading  avia-builder-el-6  el_before_av_textblock  avia-builder-el-first '><h2 class='av-special-heading-tag '  itemprop=\"headline\"  >Descripci\u00f3n del producto<\/h2><div class=\"special-heading-border\"><div class=\"special-heading-inner-border\"><\/div><\/div><\/div><br \/>\n<section  class='av_textblock_section av-m16dsuh9-e882ec0ad598929ba857e91155f41d9b '   itemscope=\"itemscope\" itemtype=\"https:\/\/schema.org\/CreativeWork\" ><div class='avia_textblock'  itemprop=\"text\" ><p>El revestimiento <strong>protector<\/strong> t\u00e9rmico impermeabilizante es <strong>de base acuosa<\/strong>, sin disolventes, similar a la pintura, de capa fina y estable, y contiene microesferas cer\u00e1micas con vac\u00edo en su interior. Reduce significativamente la carga t\u00e9rmica, principalmente debido a sus <strong>capacidades termoreflectantes.<\/strong> Tiene un efecto impermeabilizante, es un revestimiento est\u00e9tico decorativo uniforme, proporciona una excelente adherencia a diversas superficies, y modera los puentes t\u00e9rmicos, lo que reduce la posibilidad de formaci\u00f3n de moho y algas. Garantiza un <strong>ahorro dr\u00e1stico<\/strong> en costes de <strong>climatizaci\u00f3n en verano y calefacci\u00f3n en invierno,<\/strong> mayor confort y una perfecta impermeabilizaci\u00f3n. Es un producto <strong>respetuoso con el medio ambiente<\/strong> y no genera residuos peligrosos. <strong>Manti Technological M<\/strong> puede utilizarse en metal, piedra natural, hormig\u00f3n, amianto, superficies de madera, PVC, EPDM, pl\u00e1stico y chapa sinterizada. Tambi\u00e9n es adecuado para c\u00e1maras frigor\u00edficas y silos.<br \/>\nProducto para aplicaciones industriales.<\/p>\n<\/div><\/section><br \/>\n<div  class='avia-button-wrap av-m16dtb0l-d85bab733fcc51e15f42de1b92965e7f-wrap avia-button-center  avia-builder-el-8  el_after_av_textblock  avia-builder-el-last '>\n<style type=\"text\/css\" data-created_by=\"avia_inline_auto\" id=\"style-css-av-m16dtb0l-d85bab733fcc51e15f42de1b92965e7f\">\n#top #wrap_all .avia-button.av-m16dtb0l-d85bab733fcc51e15f42de1b92965e7f{\nbackground-color:#181a7c;\nborder-color:#181a7c;\ntransition:all 0.4s ease-in-out;\n}\n#top #wrap_all .avia-button.av-m16dtb0l-d85bab733fcc51e15f42de1b92965e7f:hover{\nbackground-color:#e80d0f;\ncolor:white;\ntransition:all 0.4s ease-in-out;\n}\n#top #wrap_all .avia-button.av-m16dtb0l-d85bab733fcc51e15f42de1b92965e7f:hover .avia-svg-icon svg:first-child{\nfill:white;\nstroke:white;\n}\n<\/style>\n<a href='https:\/\/www.manticeramicitalia.it\/wp-content\/uploads\/2025\/11\/Ficha-tecnica-Manti-Ceramic-Technological-M.pdf'  class='avia-button av-m16dtb0l-d85bab733fcc51e15f42de1b92965e7f av-link-btn avia-icon_select-no avia-size-medium avia-position-center avia-font-color-theme-color'   aria-label=\"DESCARGAR FICHA T\u00c9CNICA\"><span class='avia_iconbox_title' >DESCARGAR FICHA T\u00c9CNICA<\/span><\/a><\/div><\/p><\/div><div  class='flex_column av-jbg16r-3a7daef80f4a3f55eb4a146c9756fc6a av_one_half  avia-builder-el-9  el_after_av_one_half  el_before_av_one_half  first flex_column_div  column-top-margin'     ><p>\n<style type=\"text\/css\" data-created_by=\"avia_inline_auto\" id=\"style-css-av-hb6fs3-5c637a53f1ff4bcae0e6d26c6d2bba97\">\n#top .av-special-heading.av-hb6fs3-5c637a53f1ff4bcae0e6d26c6d2bba97{\npadding-bottom:10px;\ncolor:#e80d0fff;\n}\nbody .av-special-heading.av-hb6fs3-5c637a53f1ff4bcae0e6d26c6d2bba97 .av-special-heading-tag .heading-char{\nfont-size:25px;\n}\n.av-special-heading.av-hb6fs3-5c637a53f1ff4bcae0e6d26c6d2bba97 .special-heading-inner-border{\nborder-color:#e80d0fff;\n}\n.av-special-heading.av-hb6fs3-5c637a53f1ff4bcae0e6d26c6d2bba97 .av-subheading{\nfont-size:15px;\n}\n<\/style>\n<div  class='av-special-heading av-hb6fs3-5c637a53f1ff4bcae0e6d26c6d2bba97 av-special-heading-h3 custom-color-heading blockquote modern-quote  avia-builder-el-10  el_before_av_heading  avia-builder-el-first '><h3 class='av-special-heading-tag '  itemprop=\"headline\"  >Contacta con nosotros<\/h3><div class=\"special-heading-border\"><div class=\"special-heading-inner-border\"><\/div><\/div><\/div><br \/>\n\n<style type=\"text\/css\" data-created_by=\"avia_inline_auto\" id=\"style-css-av-fvcnkj-0e7177d2b613876c848257e9e43678e5\">\n#top .av-special-heading.av-fvcnkj-0e7177d2b613876c848257e9e43678e5{\npadding-bottom:10px;\ncolor:#e80d0fff;\n}\nbody .av-special-heading.av-fvcnkj-0e7177d2b613876c848257e9e43678e5 .av-special-heading-tag .heading-char{\nfont-size:25px;\n}\n.av-special-heading.av-fvcnkj-0e7177d2b613876c848257e9e43678e5 .special-heading-inner-border{\nborder-color:#e80d0fff;\n}\n.av-special-heading.av-fvcnkj-0e7177d2b613876c848257e9e43678e5 .av-subheading{\nfont-size:15px;\n}\n<\/style>\n<div  class='av-special-heading av-fvcnkj-0e7177d2b613876c848257e9e43678e5 av-special-heading-h2 custom-color-heading blockquote modern-quote  avia-builder-el-11  el_after_av_heading  el_before_av_font_icon '><h2 class='av-special-heading-tag '  itemprop=\"headline\"  >Rellena el formulario para recibir m\u00e1s informaci\u00f3n<\/h2><div class=\"special-heading-border\"><div class=\"special-heading-inner-border\"><\/div><\/div><\/div><br \/>\n\n<style type=\"text\/css\" data-created_by=\"avia_inline_auto\" id=\"style-css-av-e0vtlf-59831613dee48d1c3d8e21f7cf155c57\">\n.av_font_icon.av-e0vtlf-59831613dee48d1c3d8e21f7cf155c57{\ncolor:#e80d0f;\nborder-color:#e80d0f;\n}\n.avia-svg-icon.av-e0vtlf-59831613dee48d1c3d8e21f7cf155c57 svg:first-child{\nstroke:#e80d0f;\nfill:#e80d0f;\n}\n.av_font_icon.av-e0vtlf-59831613dee48d1c3d8e21f7cf155c57 .av-icon-char{\nfont-size:40px;\nline-height:40px;\n}\n<\/style>\n<span  class='av_font_icon av-e0vtlf-59831613dee48d1c3d8e21f7cf155c57 avia_animate_when_visible av-icon-style- avia-icon-pos-left avia-iconfont avia-font-entypo-fontello avia-icon-animate'><span class='av-icon-char' data-av_icon='\ue889' data-av_iconfont='entypo-fontello' aria-hidden=\"true\" ><\/span><\/span><\/p><\/div><div  class='flex_column av-c22iwj-b9b3a2d73800267803d4387534bdf94a av_one_half  avia-builder-el-13  el_after_av_one_half  avia-builder-el-last  flex_column_div  column-top-margin'     ><form action=\"https:\/\/www.manticeramicitalia.it\/es\/industria\/manti-technological-m\/\" method=\"post\" data-fields-with-error=\"Found errors in the following field(s):\" class=\"avia_ajax_form av-form-labels-hidden   avia-builder-el-14  avia-builder-el-no-sibling  av-show-form-errors  av-custom-form-color av-dark-form \" data-avia-form-id=\"1\" data-avia-redirect=''  aria-label='Modulo di contatto' ><h3 class=''>Env\u00edanos un correo electr\u00f3nico<\/h3><fieldset><p class='  first_form  form_element form_element_half' id='element_avia_1_1'><label for=\"avia_1_1\">Nombre y apellidos <abbr class=\"required\" title=\"requerido\">*<\/abbr><\/label> <input name=\"avia_1_1\" class=\"text_input is_empty\" type=\"text\" id=\"avia_1_1\" value=\"\"  placeholder='Nombre y apellidos*'\/><\/p><p class='  form_element form_element_half' id='element_avia_2_1'><label for=\"avia_2_1\">Correo electr\u00f3nico <abbr class=\"required\" title=\"requerido\">*<\/abbr><\/label> <input name=\"avia_2_1\" class=\"text_input is_email\" type=\"text\" id=\"avia_2_1\" value=\"\"  placeholder='Correo electr\u00f3nico*'\/><\/p><p class='  first_form  form_element form_element_half' id='element_avia_3_1'><label for=\"avia_3_1\">Provincia <abbr class=\"required\" title=\"requerido\">*<\/abbr><\/label> <input name=\"avia_3_1\" class=\"text_input is_empty\" type=\"text\" id=\"avia_3_1\" value=\"\"  placeholder='Provincia*'\/><\/p><p class='  form_element form_element_half' id='element_avia_4_1'><label for=\"avia_4_1\">Tel\u00e9fono m\u00f3vil <abbr class=\"required\" title=\"requerido\">*<\/abbr><\/label> <input name=\"avia_4_1\" class=\"text_input is_phone\" type=\"text\" id=\"avia_4_1\" value=\"\"  placeholder='Tel\u00e9fono m\u00f3vil*'\/><\/p><p class='  first_form  form_element form_fullwidth' id='element_avia_5_1'><label for=\"avia_5_1\" class=\"textare_label hidden textare_label_avia_5_1\">Mensaje <abbr class=\"required\" title=\"requerido\">*<\/abbr><\/label><textarea  placeholder='Mensaje*' name=\"avia_5_1\" class=\"text_area is_empty\" cols=\"40\" rows=\"7\" id=\"avia_5_1\" ><\/textarea><\/p><p class='  first_form  form_element form_fullwidth' id='element_avia_6_1'><input  name=\"avia_6_1\" class=\"input_checkbox is_empty\" type=\"checkbox\" id=\"avia_6_1\" value=\"true\"\/><label class=\"input_checkbox_label\" for=\"avia_6_1\">Doy mi consentimiento para el procesamiento de datos personales para los fines indicados en la <a>informaci\u00f3n<\/a> <abbr class=\"required\" title=\"requerido\">*<\/abbr><\/label><\/p><h6 id='element_avia_7_1' class=' first_form  form_element form_fullwidth av-form-headline '>Demuestra que no eres un robot<\/h6><p class=\"hidden\"><input type=\"text\" name=\"avia_8_1\" class=\"hidden \" id=\"avia_8_1\" value=\"\" \/><\/p><p class='   form_element form_fullwidth' id='element_avia_9_1'><span class='value_verifier_label'>2 + 6 = ?<\/span><input name=\"avia_9_1_verifier\" type=\"hidden\" id=\"avia_9_1_verifier\" value=\"143654228\"\/><label for=\"avia_9_1\">Para mayor seguridad, responde la siguiente pregunta <abbr class=\"required\" title=\"requerido\">*<\/abbr><\/label><input name=\"avia_9_1\" class=\"text_input captcha\" type=\"text\" id=\"avia_9_1\" value=\"\"\/><\/p><p class=\"form_element \"><input type=\"hidden\" value=\"1\" name=\"avia_generated_form1\" \/><input type=\"submit\" value=\"ENVIAR\" class=\"button\"  data-sending-label=\"Enviando\"\/><\/p><\/fieldset><\/form><div id=\"ajaxresponse_1\" class=\"ajaxresponse ajaxresponse_1 hidden\"><\/div><\/div><\/div><\/div><\/div><!-- close content main div --><\/div><\/div><div id='after_section_2'  class='main_color av_default_container_wrap container_wrap sidebar_right'  ><div class='container av-section-cont-open' ><div class='template-page content  av-content-small alpha units'><div class='post-entry post-entry-type-page post-entry-2221'><div class='entry-content-wrapper clearfix'>\n","protected":false},"excerpt":{"rendered":"","protected":false},"author":1,"featured_media":0,"parent":2168,"menu_order":0,"comment_status":"closed","ping_status":"closed","template":"","meta":{"two_page_speed":[],"footnotes":""},"class_list":["post-2221","page","type-page","status-publish","hentry"],"yoast_head":"<!-- This site is optimized with the Yoast SEO Premium plugin v27.4 (Yoast SEO v27.4) - https:\/\/yoast.com\/product\/yoast-seo-premium-wordpress\/ -->\n<title>Manti Tecnol\u00f3gico M - Manti Cer\u00e1mica Italia<\/title>\n<meta name=\"description\" content=\"Manti Technological M, el revestimiento impermeabilizante t\u00e9rmico al agua con microesferas cer\u00e1micas. Adecuado para diversas superficies\" \/>\n<meta name=\"robots\" content=\"index, follow, max-snippet:-1, max-image-preview:large, max-video-preview:-1\" \/>\n<link rel=\"canonical\" href=\"https:\/\/www.manticeramicitalia.it\/es\/industria\/manti-technological-m\/\" \/>\n<meta property=\"og:locale\" content=\"es_ES\" \/>\n<meta property=\"og:type\" content=\"article\" \/>\n<meta property=\"og:title\" content=\"Manti Technological M\" \/>\n<meta property=\"og:description\" content=\"Manti Technological M, el revestimiento impermeabilizante t\u00e9rmico al agua con microesferas cer\u00e1micas. Adecuado para diversas superficies\" \/>\n<meta property=\"og:url\" content=\"https:\/\/www.manticeramicitalia.it\/es\/industria\/manti-technological-m\/\" \/>\n<meta property=\"og:site_name\" content=\"Manti Ceramic Italia\" \/>\n<meta property=\"article:modified_time\" content=\"2025-11-28T09:51:12+00:00\" \/>\n<meta name=\"twitter:card\" content=\"summary_large_image\" \/>\n<meta name=\"twitter:label1\" content=\"Tiempo de lectura\" \/>\n\t<meta name=\"twitter:data1\" content=\"2 minutos\" \/>\n<script type=\"application\/ld+json\" class=\"yoast-schema-graph\">{\"@context\":\"https:\\\/\\\/schema.org\",\"@graph\":[{\"@type\":\"WebPage\",\"@id\":\"https:\\\/\\\/www.manticeramicitalia.it\\\/es\\\/industria\\\/manti-technological-m\\\/\",\"url\":\"https:\\\/\\\/www.manticeramicitalia.it\\\/es\\\/industria\\\/manti-technological-m\\\/\",\"name\":\"Manti Tecnol\u00f3gico M - Manti Cer\u00e1mica Italia\",\"isPartOf\":{\"@id\":\"https:\\\/\\\/www.manticeramicitalia.it\\\/es\\\/#website\"},\"datePublished\":\"2024-04-24T07:04:50+00:00\",\"dateModified\":\"2025-11-28T09:51:12+00:00\",\"description\":\"Manti Technological M, el revestimiento impermeabilizante t\u00e9rmico al agua con microesferas cer\u00e1micas. Adecuado para diversas superficies\",\"breadcrumb\":{\"@id\":\"https:\\\/\\\/www.manticeramicitalia.it\\\/es\\\/industria\\\/manti-technological-m\\\/#breadcrumb\"},\"inLanguage\":\"es\",\"potentialAction\":[{\"@type\":\"ReadAction\",\"target\":[\"https:\\\/\\\/www.manticeramicitalia.it\\\/es\\\/industria\\\/manti-technological-m\\\/\"]}]},{\"@type\":\"BreadcrumbList\",\"@id\":\"https:\\\/\\\/www.manticeramicitalia.it\\\/es\\\/industria\\\/manti-technological-m\\\/#breadcrumb\",\"itemListElement\":[{\"@type\":\"ListItem\",\"position\":1,\"name\":\"Home\",\"item\":\"https:\\\/\\\/www.manticeramicitalia.it\\\/es\\\/home\\\/\"},{\"@type\":\"ListItem\",\"position\":2,\"name\":\"Industria\",\"item\":\"https:\\\/\\\/www.manticeramicitalia.it\\\/es\\\/industria\\\/\"},{\"@type\":\"ListItem\",\"position\":3,\"name\":\"Manti Technological M\"}]},{\"@type\":\"WebSite\",\"@id\":\"https:\\\/\\\/www.manticeramicitalia.it\\\/es\\\/#website\",\"url\":\"https:\\\/\\\/www.manticeramicitalia.it\\\/es\\\/\",\"name\":\"Manti Ceramic Italia\",\"description\":\"\",\"publisher\":{\"@id\":\"https:\\\/\\\/www.manticeramicitalia.it\\\/es\\\/#organization\"},\"potentialAction\":[{\"@type\":\"SearchAction\",\"target\":{\"@type\":\"EntryPoint\",\"urlTemplate\":\"https:\\\/\\\/www.manticeramicitalia.it\\\/es\\\/?s={search_term_string}\"},\"query-input\":{\"@type\":\"PropertyValueSpecification\",\"valueRequired\":true,\"valueName\":\"search_term_string\"}}],\"inLanguage\":\"es\"},{\"@type\":\"Organization\",\"@id\":\"https:\\\/\\\/www.manticeramicitalia.it\\\/es\\\/#organization\",\"name\":\"Manti Ceramic Italia\",\"url\":\"https:\\\/\\\/www.manticeramicitalia.it\\\/es\\\/\",\"logo\":{\"@type\":\"ImageObject\",\"inLanguage\":\"es\",\"@id\":\"https:\\\/\\\/www.manticeramicitalia.it\\\/es\\\/#\\\/schema\\\/logo\\\/image\\\/\",\"url\":\"https:\\\/\\\/www.manticeramicitalia.it\\\/wp-content\\\/uploads\\\/2024\\\/03\\\/cropped-cropped-Logo-Web.png\",\"contentUrl\":\"https:\\\/\\\/www.manticeramicitalia.it\\\/wp-content\\\/uploads\\\/2024\\\/03\\\/cropped-cropped-Logo-Web.png\",\"width\":180,\"height\":60,\"caption\":\"Manti Ceramic Italia\"},\"image\":{\"@id\":\"https:\\\/\\\/www.manticeramicitalia.it\\\/es\\\/#\\\/schema\\\/logo\\\/image\\\/\"}}]}<\/script>\n<!-- \/ Yoast SEO Premium plugin. -->","yoast_head_json":{"title":"Manti Tecnol\u00f3gico M - Manti Cer\u00e1mica Italia","description":"Manti Technological M, el revestimiento impermeabilizante t\u00e9rmico al agua con microesferas cer\u00e1micas. Adecuado para diversas superficies","robots":{"index":"index","follow":"follow","max-snippet":"max-snippet:-1","max-image-preview":"max-image-preview:large","max-video-preview":"max-video-preview:-1"},"canonical":"https:\/\/www.manticeramicitalia.it\/es\/industria\/manti-technological-m\/","og_locale":"es_ES","og_type":"article","og_title":"Manti Technological M","og_description":"Manti Technological M, el revestimiento impermeabilizante t\u00e9rmico al agua con microesferas cer\u00e1micas. Adecuado para diversas superficies","og_url":"https:\/\/www.manticeramicitalia.it\/es\/industria\/manti-technological-m\/","og_site_name":"Manti Ceramic Italia","article_modified_time":"2025-11-28T09:51:12+00:00","twitter_card":"summary_large_image","twitter_misc":{"Tiempo de lectura":"2 minutos"},"schema":{"@context":"https:\/\/schema.org","@graph":[{"@type":"WebPage","@id":"https:\/\/www.manticeramicitalia.it\/es\/industria\/manti-technological-m\/","url":"https:\/\/www.manticeramicitalia.it\/es\/industria\/manti-technological-m\/","name":"Manti Tecnol\u00f3gico M - Manti Cer\u00e1mica Italia","isPartOf":{"@id":"https:\/\/www.manticeramicitalia.it\/es\/#website"},"datePublished":"2024-04-24T07:04:50+00:00","dateModified":"2025-11-28T09:51:12+00:00","description":"Manti Technological M, el revestimiento impermeabilizante t\u00e9rmico al agua con microesferas cer\u00e1micas. Adecuado para diversas superficies","breadcrumb":{"@id":"https:\/\/www.manticeramicitalia.it\/es\/industria\/manti-technological-m\/#breadcrumb"},"inLanguage":"es","potentialAction":[{"@type":"ReadAction","target":["https:\/\/www.manticeramicitalia.it\/es\/industria\/manti-technological-m\/"]}]},{"@type":"BreadcrumbList","@id":"https:\/\/www.manticeramicitalia.it\/es\/industria\/manti-technological-m\/#breadcrumb","itemListElement":[{"@type":"ListItem","position":1,"name":"Home","item":"https:\/\/www.manticeramicitalia.it\/es\/home\/"},{"@type":"ListItem","position":2,"name":"Industria","item":"https:\/\/www.manticeramicitalia.it\/es\/industria\/"},{"@type":"ListItem","position":3,"name":"Manti Technological M"}]},{"@type":"WebSite","@id":"https:\/\/www.manticeramicitalia.it\/es\/#website","url":"https:\/\/www.manticeramicitalia.it\/es\/","name":"Manti Ceramic Italia","description":"","publisher":{"@id":"https:\/\/www.manticeramicitalia.it\/es\/#organization"},"potentialAction":[{"@type":"SearchAction","target":{"@type":"EntryPoint","urlTemplate":"https:\/\/www.manticeramicitalia.it\/es\/?s={search_term_string}"},"query-input":{"@type":"PropertyValueSpecification","valueRequired":true,"valueName":"search_term_string"}}],"inLanguage":"es"},{"@type":"Organization","@id":"https:\/\/www.manticeramicitalia.it\/es\/#organization","name":"Manti Ceramic Italia","url":"https:\/\/www.manticeramicitalia.it\/es\/","logo":{"@type":"ImageObject","inLanguage":"es","@id":"https:\/\/www.manticeramicitalia.it\/es\/#\/schema\/logo\/image\/","url":"https:\/\/www.manticeramicitalia.it\/wp-content\/uploads\/2024\/03\/cropped-cropped-Logo-Web.png","contentUrl":"https:\/\/www.manticeramicitalia.it\/wp-content\/uploads\/2024\/03\/cropped-cropped-Logo-Web.png","width":180,"height":60,"caption":"Manti Ceramic Italia"},"image":{"@id":"https:\/\/www.manticeramicitalia.it\/es\/#\/schema\/logo\/image\/"}}]}},"_links":{"self":[{"href":"https:\/\/www.manticeramicitalia.it\/es\/wp-json\/wp\/v2\/pages\/2221","targetHints":{"allow":["GET"]}}],"collection":[{"href":"https:\/\/www.manticeramicitalia.it\/es\/wp-json\/wp\/v2\/pages"}],"about":[{"href":"https:\/\/www.manticeramicitalia.it\/es\/wp-json\/wp\/v2\/types\/page"}],"author":[{"embeddable":true,"href":"https:\/\/www.manticeramicitalia.it\/es\/wp-json\/wp\/v2\/users\/1"}],"replies":[{"embeddable":true,"href":"https:\/\/www.manticeramicitalia.it\/es\/wp-json\/wp\/v2\/comments?post=2221"}],"version-history":[{"count":5,"href":"https:\/\/www.manticeramicitalia.it\/es\/wp-json\/wp\/v2\/pages\/2221\/revisions"}],"predecessor-version":[{"id":7571,"href":"https:\/\/www.manticeramicitalia.it\/es\/wp-json\/wp\/v2\/pages\/2221\/revisions\/7571"}],"up":[{"embeddable":true,"href":"https:\/\/www.manticeramicitalia.it\/es\/wp-json\/wp\/v2\/pages\/2168"}],"wp:attachment":[{"href":"https:\/\/www.manticeramicitalia.it\/es\/wp-json\/wp\/v2\/media?parent=2221"}],"curies":[{"name":"wp","href":"https:\/\/api.w.org\/{rel}","templated":true}]}}