{"id":2232,"date":"2024-02-28T11:43:54","date_gmt":"2024-02-28T11:43:54","guid":{"rendered":"https:\/\/www.manticeramicitalia.it\/privacy-policy\/"},"modified":"2024-09-18T14:45:17","modified_gmt":"2024-09-18T14:45:17","slug":"privacy-policy","status":"publish","type":"page","link":"https:\/\/www.manticeramicitalia.it\/es\/privacy-policy\/","title":{"rendered":"Privacy Policy"},"content":{"rendered":"<h2>Privacy Policy<\/h2>\n<\/p>\n<p>Savenergy.it Srl, como propietario del nombre de dominio que incluye los de la direcci\u00f3n https:\/\/www.savenergy.it (en adelante, el \u00abSitio\u00bb), utiliza el Sitio como medio de informaci\u00f3n sobre las actividades y\/o productos. perteneciente a la empresa, tambi\u00e9n como herramienta de recogida de datos personales<\/p>\n<\/p>\n<p>Por lo tanto, de conformidad con las disposiciones del C\u00f3digo de Privacidad, Savenergy.it Srl, como Responsable del tratamiento (en adelante, el \u00abResponsable del tratamiento\u00bb) proporciona la siguiente informaci\u00f3n relativa al tratamiento de los datos personales de los usuarios que simplemente consultan el Sitio (datos relacionados a la navegaci\u00f3n) y aquellos que env\u00edan espont\u00e1neamente sus datos a trav\u00e9s de mensajes de correo electr\u00f3nico y\/o completando formatos espec\u00edficos para poder acceder a secciones reservadas dentro del Sitio o ser destinatarios del newsletter del Titular.<\/p>\n<\/p>\n<p>Sin embargo, esta informaci\u00f3n se proporciona \u00fanicamente para el Sitio y para las actividades realizadas por Savenergy.it Srl tambi\u00e9n a trav\u00e9s de sus responsables del tratamiento y no para otros sitios web que pueden ser consultados por el usuario a trav\u00e9s de enlaces y\/o actividades realizadas por terceros.<\/p>\n<\/p>\n<ol>\n<li style=\"list-style-type: none;\">\n<ol><\/ol>\n<\/li>\n<\/ol>\n<ol>\n<li style=\"list-style-type: none;\">\n<ol>\n<li><strong>Tipos de datos procesados<\/strong><\/li>\n<\/ol>\n<\/li>\n<\/ol>\n<p>1.1 Datos de navegaci\u00f3n<\/p>\n<\/p>\n<p>Los sistemas inform\u00e1ticos y los programas inform\u00e1ticos necesarios para el funcionamiento del Sitio registran, durante su funcionamiento normal, algunos datos, cuya adquisici\u00f3n se produce de forma autom\u00e1tica e inevitable (si se utilizan protocolos de comunicaci\u00f3n de Internet) que podr\u00edan, en asociaci\u00f3n con otros datos, permitir la identificaci\u00f3n. de usuarios.<\/p>\n<\/p>\n<p>Dichos datos podr\u00e1n utilizarse con el \u00fanico fin de obtener informaci\u00f3n estad\u00edstica sobre el uso del Sitio y verificar su correcto funcionamiento.<\/p>\n<\/p>\n<p>Cuando se solicite expresamente, dichos datos podr\u00e1n ser utilizados por la Autoridad P\u00fablica para determinar la responsabilidad en caso de comisi\u00f3n de delitos inform\u00e1ticos en perjuicio del Sitio y\/o de terceros, de acuerdo con los procedimientos vigentes ante las autoridades competentes.<\/p>\n<\/p>\n<p>1.2 Datos proporcionados voluntariamente por usuarios individuales<\/p>\n<\/p>\n<p>Los datos personales proporcionados voluntariamente por usuarios individuales, mediante el env\u00edo de correos electr\u00f3nicos, la interacci\u00f3n del usuario con las funciones del Sitio, la solicitud de servicios ofrecidos por el Sitio, la compilaci\u00f3n de formatos espec\u00edficos para acceder a secciones reservadas del Sitio.<\/p>\n<\/p>\n<p>El tratamiento se limitar\u00e1 en todo caso, para ambos casos considerados, \u00fanicamente a datos comunes.<\/p>\n<\/p>\n<ol start=\"2\">\n<li style=\"list-style-type: none;\">\n<ol start=\"2\"><\/ol>\n<\/li>\n<\/ol>\n<ol start=\"2\">\n<li style=\"list-style-type: none;\">\n<ol start=\"2\">\n<li><strong>M\u00e9todos y finalidades del tratamiento.<\/strong><\/li>\n<\/ol>\n<\/li>\n<\/ol>\n<p>Los datos ser\u00e1n tratados tanto manualmente como con la ayuda de herramientas electr\u00f3nicas para las siguientes finalidades,<\/p>\n<\/p>\n<p>\u2013 gesti\u00f3n operativa de la navegaci\u00f3n en el Sitio y de los datos de acceso relacionados;<\/p>\n<\/p>\n<p>\u2013 gesti\u00f3n de datos y seguridad del Sitio;<\/p>\n<\/p>\n<p>\u2013 investigaci\u00f3n de mercado y procesamiento estad\u00edstico<\/p>\n<\/p>\n<p>\u2013 b\u00fasqueda y selecci\u00f3n de personal<\/p>\n<\/p>\n<p>Adem\u00e1s, con el consentimiento libre y opcional del usuario, el Responsable del tratamiento podr\u00e1 procesar los datos con el fin de definir perfiles individuales y grupales (profiling), as\u00ed como con fines de marketing, como comunicaci\u00f3n, a trav\u00e9s de newsletter, correo electr\u00f3nico, mensajes de texto, de informaci\u00f3n y\/o actualizaciones sobre las actividades, productos del Propietario as\u00ed como iniciativas o eventos organizados por el Propietario y por las dem\u00e1s empresas pertenecientes al grupo Savenergy.it Srl o en los que estos sujetos participar\u00e1n, incluidas invitaciones a dichas iniciativas. o eventos. El usuario tendr\u00e1 la posibilidad de oponerse en cualquier momento a este \u00faltimo prop\u00f3sito de procesamiento y dejar de recibir materiales e informaci\u00f3n promocionales y\/comerciales.<\/p>\n<\/p>\n<ol start=\"3\">\n<li style=\"list-style-type: none;\">\n<ol start=\"3\"><\/ol>\n<\/li>\n<\/ol>\n<ol start=\"3\">\n<li style=\"list-style-type: none;\">\n<ol start=\"3\">\n<li><strong>Retenci\u00f3n de datos<\/strong><\/li>\n<\/ol>\n<\/li>\n<\/ol>\n<p>Los datos personales recogidos ser\u00e1n almacenados y tratados a trav\u00e9s de un sistema electr\u00f3nico gestionado por Savenergy.it Srl que se encuentra en la sede de Savenergy.it Srl. Las dem\u00e1s empresas del grupo Savenergy.it Srl, debidamente designadas como Responsables del tratamiento, pueden y de hecho participan en el tratamiento de datos personales en relaci\u00f3n con la gesti\u00f3n del Sitio y los servicios y funciones relacionados.<\/p>\n<\/p>\n<ol start=\"4\">\n<li style=\"list-style-type: none;\">\n<ol start=\"4\"><\/ol>\n<\/li>\n<\/ol>\n<ol start=\"4\">\n<li style=\"list-style-type: none;\">\n<ol start=\"4\">\n<li><strong>Comunicaci\u00f3n de datos<\/strong><\/li>\n<\/ol>\n<\/li>\n<\/ol>\n<p>Los datos ser\u00e1n comunicados a otras empresas del grupo Savenergy.it Srl o a profesionales, colaboradores independientes, empresas de servicios y\/o terceros que colaboren con el Responsable del tratamiento para la consecuci\u00f3n de las finalidades antes mencionadas.<\/p>\n<\/p>\n<p>Los sujetos que reciban los datos personales del usuario podr\u00e1n tratarlos como Responsables del tratamiento, Encargados y\/o Encargados del tratamiento seg\u00fan corresponda.<\/p>\n<\/p>\n<p>La lista completa y actualizada de los Responsables del tratamiento se puede encontrar previa solicitud a Savenergy.it Srl.<\/p>\n<\/p>\n<p>Los datos en ning\u00fan caso ser\u00e1n objeto de difusi\u00f3n.<\/p>\n<\/p>\n<ol start=\"5\">\n<li style=\"list-style-type: none;\">\n<ol start=\"5\"><\/ol>\n<\/li>\n<\/ol>\n<ol start=\"5\">\n<li style=\"list-style-type: none;\">\n<ol start=\"5\">\n<li><strong>Mecanismos autom\u00e1ticos de recogida de datos.<\/strong><\/li>\n<\/ol>\n<\/li>\n<\/ol>\n<p>En el Sitio se utilizan cookies de sesi\u00f3n y cookies permanentes.<\/p>\n<\/p>\n<p>Las cookies de sesi\u00f3n son temporales y se eliminan autom\u00e1ticamente cada vez que abandona la navegaci\u00f3n en el Sitio.<\/p>\n<\/p>\n<p>Las cookies \u201cpermanentes\u201d, en cambio, permanecen en el disco duro del usuario hasta que sean eliminadas. Las cookies se utilizan para permitir el uso completo del Sitio y\/o para realizar un seguimiento de las visitas a las diferentes p\u00e1ginas\/secciones del Sitio.<\/p>\n<\/p>\n<p>En cualquier caso, las cookies no son ni ser\u00e1n utilizadas para recoger datos personales ni para detectar informaci\u00f3n relativa a la navegaci\u00f3n del usuario en otros sitios.<\/p>\n<\/p>\n<p>La informaci\u00f3n recogida a trav\u00e9s de las cookies se utilizar\u00e1 con fines meramente estad\u00edsticos.<\/p>\n<\/p>\n<p>El usuario puede en cualquier momento desactivar el funcionamiento de las cookies seleccionando la configuraci\u00f3n adecuada en su navegador, sin perjuicio de que esta decisi\u00f3n pueda impedir el uso de algunas funciones del Sitio o la posibilidad de interactuar con el Sitio mismo.<\/p>\n<\/p>\n<ol start=\"6\">\n<li style=\"list-style-type: none;\">\n<ol start=\"6\"><\/ol>\n<\/li>\n<\/ol>\n<ol start=\"6\">\n<li style=\"list-style-type: none;\">\n<ol start=\"6\">\n<li><strong>Suministro de datos<\/strong><\/li>\n<\/ol>\n<\/li>\n<\/ol>\n<p>A excepci\u00f3n de los datos relacionados con la navegaci\u00f3n (recopilados autom\u00e1ticamente por el sistema), el suministro de datos por parte del usuario es necesario para registrarse en el Sitio y acceder a los servicios y funciones ofrecidos por el Sitio y las \u00e1reas reservadas. La no facilitaci\u00f3n de datos imposibilitar\u00e1 al usuario el acceso y utilizaci\u00f3n de dichos servicios y funcionalidades.<\/p>\n<\/p>\n<p>La facilitaci\u00f3n de datos para la realizaci\u00f3n de actividades de marketing es siempre gratuita y opcional. Cualquier falta de suministro de datos para esta actividad no tendr\u00e1 consecuencias sobre la capacidad del usuario para utilizar los servicios y funciones ofrecidos por el Sitio.<\/p>\n<\/p>\n<ol start=\"7\">\n<li style=\"list-style-type: none;\">\n<ol start=\"7\"><\/ol>\n<\/li>\n<\/ol>\n<ol start=\"7\">\n<li style=\"list-style-type: none;\">\n<ol start=\"7\">\n<li><strong>Derechos del interesado<\/strong><\/li>\n<\/ol>\n<\/li>\n<\/ol>\n<p>El interesado podr\u00e1 ejercitar los derechos reconocidos por el art. 7 del C\u00f3digo de Privacidad, incluido, a modo de ejemplo, el derecho a obtener una copia de los datos tratados, su actualizaci\u00f3n, rectificaci\u00f3n, integraci\u00f3n y, en casos extremos, cancelaci\u00f3n y bloqueo. Solicitudes de acceso a datos de conformidad con el art. 7 del C\u00f3digo de Privacidad podr\u00e1 dirigirse a Savenergy.it Srl, Via Don Bosco 2, 29014 Castell&#8217;Arquato (PC), o a la direcci\u00f3n de correo electr\u00f3nico info@savenergy.it. En particular, el interesado podr\u00e1 en cualquier momento revocar el consentimiento previamente prestado para el env\u00edo de materiales promocionales e informativos incluido el newsletter.<\/p>\n<\/p>\n<ol start=\"8\">\n<li style=\"list-style-type: none;\">\n<ol start=\"8\"><\/ol>\n<\/li>\n<\/ol>\n<ol start=\"8\">\n<li style=\"list-style-type: none;\">\n<ol start=\"8\">\n<li><strong>Controlador de datos<\/strong><\/li>\n<\/ol>\n<\/li>\n<\/ol>\n<p>El responsable del tratamiento es Savenergy.it Srl, Via Andrea Doria 56, 20124 Mil\u00e1n (MI). Cualquier comunicaci\u00f3n deber\u00e1 dirigirse a la siguiente direcci\u00f3n de correo electr\u00f3nico: info@savenergy.it.<\/p><\/p>\n","protected":false},"excerpt":{"rendered":"<p>Privacy Policy Savenergy.it Srl, como propietario del nombre de dominio que incluye los de la direcci\u00f3n https:\/\/www.savenergy.it (en adelante, el \u00abSitio\u00bb), utiliza el Sitio como medio de informaci\u00f3n sobre las actividades y\/o productos. perteneciente a la empresa, tambi\u00e9n como herramienta de recogida de datos personales Por lo tanto, de conformidad con las disposiciones del C\u00f3digo [&hellip;]<\/p>\n","protected":false},"author":1,"featured_media":0,"parent":0,"menu_order":0,"comment_status":"closed","ping_status":"closed","template":"","meta":{"two_page_speed":[],"footnotes":""},"class_list":["post-2232","page","type-page","status-publish","hentry"],"yoast_head":"<!-- This site is optimized with the Yoast SEO Premium plugin v27.6 (Yoast SEO v27.6) - https:\/\/yoast.com\/product\/yoast-seo-premium-wordpress\/ -->\n<title>Pol\u00edtica de privacidad - Manti Ceramic Italia<\/title>\n<meta name=\"robots\" content=\"index, follow, max-snippet:-1, max-image-preview:large, max-video-preview:-1\" \/>\n<link rel=\"canonical\" href=\"https:\/\/www.manticeramicitalia.it\/es\/privacy-policy\/\" \/>\n<meta property=\"og:locale\" content=\"es_ES\" \/>\n<meta property=\"og:type\" content=\"article\" \/>\n<meta property=\"og:title\" content=\"Privacy Policy\" \/>\n<meta property=\"og:description\" content=\"Privacy Policy Savenergy.it Srl, como propietario del nombre de dominio que incluye los de la direcci\u00f3n https:\/\/www.savenergy.it (en adelante, el \u00abSitio\u00bb), utiliza el Sitio como medio de informaci\u00f3n sobre las actividades y\/o productos. perteneciente a la empresa, tambi\u00e9n como herramienta de recogida de datos personales Por lo tanto, de conformidad con las disposiciones del C\u00f3digo [&hellip;]\" \/>\n<meta property=\"og:url\" content=\"https:\/\/www.manticeramicitalia.it\/es\/privacy-policy\/\" \/>\n<meta property=\"og:site_name\" content=\"Manti Ceramic Italia\" \/>\n<meta property=\"article:modified_time\" content=\"2024-09-18T14:45:17+00:00\" \/>\n<meta name=\"twitter:card\" content=\"summary_large_image\" \/>\n<meta name=\"twitter:label1\" content=\"Tiempo de lectura\" \/>\n\t<meta name=\"twitter:data1\" content=\"6 minutos\" \/>\n<script type=\"application\/ld+json\" class=\"yoast-schema-graph\">{\"@context\":\"https:\\\/\\\/schema.org\",\"@graph\":[{\"@type\":\"WebPage\",\"@id\":\"https:\\\/\\\/www.manticeramicitalia.it\\\/es\\\/privacy-policy\\\/\",\"url\":\"https:\\\/\\\/www.manticeramicitalia.it\\\/es\\\/privacy-policy\\\/\",\"name\":\"Pol\u00edtica de privacidad - Manti Ceramic Italia\",\"isPartOf\":{\"@id\":\"https:\\\/\\\/www.manticeramicitalia.it\\\/es\\\/#website\"},\"datePublished\":\"2024-02-28T11:43:54+00:00\",\"dateModified\":\"2024-09-18T14:45:17+00:00\",\"breadcrumb\":{\"@id\":\"https:\\\/\\\/www.manticeramicitalia.it\\\/es\\\/privacy-policy\\\/#breadcrumb\"},\"inLanguage\":\"es\",\"potentialAction\":[{\"@type\":\"ReadAction\",\"target\":[\"https:\\\/\\\/www.manticeramicitalia.it\\\/es\\\/privacy-policy\\\/\"]}]},{\"@type\":\"BreadcrumbList\",\"@id\":\"https:\\\/\\\/www.manticeramicitalia.it\\\/es\\\/privacy-policy\\\/#breadcrumb\",\"itemListElement\":[{\"@type\":\"ListItem\",\"position\":1,\"name\":\"Home\",\"item\":\"https:\\\/\\\/www.manticeramicitalia.it\\\/es\\\/home\\\/\"},{\"@type\":\"ListItem\",\"position\":2,\"name\":\"Privacy Policy\"}]},{\"@type\":\"WebSite\",\"@id\":\"https:\\\/\\\/www.manticeramicitalia.it\\\/es\\\/#website\",\"url\":\"https:\\\/\\\/www.manticeramicitalia.it\\\/es\\\/\",\"name\":\"Manti Ceramic Italia\",\"description\":\"\",\"publisher\":{\"@id\":\"https:\\\/\\\/www.manticeramicitalia.it\\\/es\\\/#organization\"},\"potentialAction\":[{\"@type\":\"SearchAction\",\"target\":{\"@type\":\"EntryPoint\",\"urlTemplate\":\"https:\\\/\\\/www.manticeramicitalia.it\\\/es\\\/?s={search_term_string}\"},\"query-input\":{\"@type\":\"PropertyValueSpecification\",\"valueRequired\":true,\"valueName\":\"search_term_string\"}}],\"inLanguage\":\"es\"},{\"@type\":\"Organization\",\"@id\":\"https:\\\/\\\/www.manticeramicitalia.it\\\/es\\\/#organization\",\"name\":\"Manti Ceramic Italia\",\"url\":\"https:\\\/\\\/www.manticeramicitalia.it\\\/es\\\/\",\"logo\":{\"@type\":\"ImageObject\",\"inLanguage\":\"es\",\"@id\":\"https:\\\/\\\/www.manticeramicitalia.it\\\/es\\\/#\\\/schema\\\/logo\\\/image\\\/\",\"url\":\"https:\\\/\\\/www.manticeramicitalia.it\\\/wp-content\\\/uploads\\\/2024\\\/03\\\/cropped-cropped-Logo-Web.png\",\"contentUrl\":\"https:\\\/\\\/www.manticeramicitalia.it\\\/wp-content\\\/uploads\\\/2024\\\/03\\\/cropped-cropped-Logo-Web.png\",\"width\":180,\"height\":60,\"caption\":\"Manti Ceramic Italia\"},\"image\":{\"@id\":\"https:\\\/\\\/www.manticeramicitalia.it\\\/es\\\/#\\\/schema\\\/logo\\\/image\\\/\"}}]}<\/script>\n<!-- \/ Yoast SEO Premium plugin. -->","yoast_head_json":{"title":"Pol\u00edtica de privacidad - Manti Ceramic Italia","robots":{"index":"index","follow":"follow","max-snippet":"max-snippet:-1","max-image-preview":"max-image-preview:large","max-video-preview":"max-video-preview:-1"},"canonical":"https:\/\/www.manticeramicitalia.it\/es\/privacy-policy\/","og_locale":"es_ES","og_type":"article","og_title":"Privacy Policy","og_description":"Privacy Policy Savenergy.it Srl, como propietario del nombre de dominio que incluye los de la direcci\u00f3n https:\/\/www.savenergy.it (en adelante, el \u00abSitio\u00bb), utiliza el Sitio como medio de informaci\u00f3n sobre las actividades y\/o productos. perteneciente a la empresa, tambi\u00e9n como herramienta de recogida de datos personales Por lo tanto, de conformidad con las disposiciones del C\u00f3digo [&hellip;]","og_url":"https:\/\/www.manticeramicitalia.it\/es\/privacy-policy\/","og_site_name":"Manti Ceramic Italia","article_modified_time":"2024-09-18T14:45:17+00:00","twitter_card":"summary_large_image","twitter_misc":{"Tiempo de lectura":"6 minutos"},"schema":{"@context":"https:\/\/schema.org","@graph":[{"@type":"WebPage","@id":"https:\/\/www.manticeramicitalia.it\/es\/privacy-policy\/","url":"https:\/\/www.manticeramicitalia.it\/es\/privacy-policy\/","name":"Pol\u00edtica de privacidad - Manti Ceramic Italia","isPartOf":{"@id":"https:\/\/www.manticeramicitalia.it\/es\/#website"},"datePublished":"2024-02-28T11:43:54+00:00","dateModified":"2024-09-18T14:45:17+00:00","breadcrumb":{"@id":"https:\/\/www.manticeramicitalia.it\/es\/privacy-policy\/#breadcrumb"},"inLanguage":"es","potentialAction":[{"@type":"ReadAction","target":["https:\/\/www.manticeramicitalia.it\/es\/privacy-policy\/"]}]},{"@type":"BreadcrumbList","@id":"https:\/\/www.manticeramicitalia.it\/es\/privacy-policy\/#breadcrumb","itemListElement":[{"@type":"ListItem","position":1,"name":"Home","item":"https:\/\/www.manticeramicitalia.it\/es\/home\/"},{"@type":"ListItem","position":2,"name":"Privacy Policy"}]},{"@type":"WebSite","@id":"https:\/\/www.manticeramicitalia.it\/es\/#website","url":"https:\/\/www.manticeramicitalia.it\/es\/","name":"Manti Ceramic Italia","description":"","publisher":{"@id":"https:\/\/www.manticeramicitalia.it\/es\/#organization"},"potentialAction":[{"@type":"SearchAction","target":{"@type":"EntryPoint","urlTemplate":"https:\/\/www.manticeramicitalia.it\/es\/?s={search_term_string}"},"query-input":{"@type":"PropertyValueSpecification","valueRequired":true,"valueName":"search_term_string"}}],"inLanguage":"es"},{"@type":"Organization","@id":"https:\/\/www.manticeramicitalia.it\/es\/#organization","name":"Manti Ceramic Italia","url":"https:\/\/www.manticeramicitalia.it\/es\/","logo":{"@type":"ImageObject","inLanguage":"es","@id":"https:\/\/www.manticeramicitalia.it\/es\/#\/schema\/logo\/image\/","url":"https:\/\/www.manticeramicitalia.it\/wp-content\/uploads\/2024\/03\/cropped-cropped-Logo-Web.png","contentUrl":"https:\/\/www.manticeramicitalia.it\/wp-content\/uploads\/2024\/03\/cropped-cropped-Logo-Web.png","width":180,"height":60,"caption":"Manti Ceramic Italia"},"image":{"@id":"https:\/\/www.manticeramicitalia.it\/es\/#\/schema\/logo\/image\/"}}]}},"_links":{"self":[{"href":"https:\/\/www.manticeramicitalia.it\/es\/wp-json\/wp\/v2\/pages\/2232","targetHints":{"allow":["GET"]}}],"collection":[{"href":"https:\/\/www.manticeramicitalia.it\/es\/wp-json\/wp\/v2\/pages"}],"about":[{"href":"https:\/\/www.manticeramicitalia.it\/es\/wp-json\/wp\/v2\/types\/page"}],"author":[{"embeddable":true,"href":"https:\/\/www.manticeramicitalia.it\/es\/wp-json\/wp\/v2\/users\/1"}],"replies":[{"embeddable":true,"href":"https:\/\/www.manticeramicitalia.it\/es\/wp-json\/wp\/v2\/comments?post=2232"}],"version-history":[{"count":3,"href":"https:\/\/www.manticeramicitalia.it\/es\/wp-json\/wp\/v2\/pages\/2232\/revisions"}],"predecessor-version":[{"id":5009,"href":"https:\/\/www.manticeramicitalia.it\/es\/wp-json\/wp\/v2\/pages\/2232\/revisions\/5009"}],"wp:attachment":[{"href":"https:\/\/www.manticeramicitalia.it\/es\/wp-json\/wp\/v2\/media?parent=2232"}],"curies":[{"name":"wp","href":"https:\/\/api.w.org\/{rel}","templated":true}]}}