{"id":4466,"date":"2024-10-02T14:38:38","date_gmt":"2024-10-02T14:38:38","guid":{"rendered":"https:\/\/www.manticeramicitalia.it\/silox-plaster\/"},"modified":"2025-01-28T14:03:13","modified_gmt":"2025-01-28T14:03:13","slug":"silox-plaster","status":"publish","type":"page","link":"https:\/\/www.manticeramicitalia.it\/es\/construccion\/silox-plaster\/","title":{"rendered":"Silox Plaster"},"content":{"rendered":"\n<style type=\"text\/css\" data-created_by=\"avia_inline_auto\" id=\"style-css-av-rxgvav-4306a1857ddd5c59285f549d31e2b435\">\n.avia-section.av-rxgvav-4306a1857ddd5c59285f549d31e2b435{\nbackground-color:#181a7c;\nbackground-image:unset;\n}\n<\/style>\n<div id='av_section_1'  class='avia-section av-rxgvav-4306a1857ddd5c59285f549d31e2b435 main_color avia-section-default avia-no-border-styling  avia-builder-el-0  el_before_av_section  avia-builder-el-first  avia-bg-style-scroll container_wrap sidebar_right'  ><div class='container av-section-cont-open' ><main  role=\"main\" itemprop=\"mainContentOfPage\"  class='template-page content  av-content-small alpha units'><div class='post-entry post-entry-type-page post-entry-4466'><div class='entry-content-wrapper clearfix'>\n\n<style type=\"text\/css\" data-created_by=\"avia_inline_auto\" id=\"style-css-av-m16725he-05678e8b79e502e0d09d50ecc2fefd48\">\n#top .av_textblock_section.av-m16725he-05678e8b79e502e0d09d50ecc2fefd48 .avia_textblock{\ncolor:#ffffff;\n}\n<\/style>\n<section  class='av_textblock_section av-m16725he-05678e8b79e502e0d09d50ecc2fefd48 '   itemscope=\"itemscope\" itemtype=\"https:\/\/schema.org\/CreativeWork\" ><div class='avia_textblock av_inherit_color'  itemprop=\"text\" ><h1 style=\"text-align: center;\"><strong>SILOX PLASTER<\/strong><\/h1>\n<\/div><\/section>\n\n<\/div><\/div><\/main><!-- close content main element --><\/div><\/div><div id='av_section_2'  class='avia-section av-p52r9z-147b9be75863fd3ba8350c7dc8c3d6bc main_color avia-section-default avia-no-border-styling  avia-builder-el-2  el_after_av_section  avia-builder-el-last  avia-bg-style-scroll container_wrap sidebar_right'  ><div class='container av-section-cont-open' ><div class='template-page content  av-content-small alpha units'><div class='post-entry post-entry-type-page post-entry-4466'><div class='entry-content-wrapper clearfix'>\n<div  class='flex_column av-nypzav-6d942fc57f8ae5c6837d32585dc5627f av_one_half  avia-builder-el-3  el_before_av_one_half  avia-builder-el-first  first flex_column_div  '     ><style type=\"text\/css\" data-created_by=\"avia_inline_auto\" id=\"style-css-av-m1672nhg-213fe41cd34870769feba70a2e743934\">\n.avia-image-container.av-m1672nhg-213fe41cd34870769feba70a2e743934 img.avia_image{\nbox-shadow:none;\n}\n.avia-image-container.av-m1672nhg-213fe41cd34870769feba70a2e743934 .av-image-caption-overlay-center{\ncolor:#ffffff;\n}\n<\/style>\n<div  class='avia-image-container av-m1672nhg-213fe41cd34870769feba70a2e743934 av-styling- avia-align-center  avia-builder-el-4  avia-builder-el-no-sibling '   itemprop=\"image\" itemscope=\"itemscope\" itemtype=\"https:\/\/schema.org\/ImageObject\" ><div class=\"avia-image-container-inner\"><div class=\"avia-image-overlay-wrap\"><img decoding=\"async\" fetchpriority=\"high\" class='wp-image-1897 avia-img-lazy-loading-not-1897 avia_image ' src=\"https:\/\/www.manticeramicitalia.it\/wp-content\/uploads\/2024\/05\/8.mock-up-Silox-Plaster.jpg\" alt='' title='mock up secchio'  height=\"400\" width=\"400\"  itemprop=\"thumbnailUrl\" srcset=\"https:\/\/www.manticeramicitalia.it\/wp-content\/uploads\/2024\/05\/8.mock-up-Silox-Plaster.jpg 900w, https:\/\/www.manticeramicitalia.it\/wp-content\/uploads\/2024\/05\/8.mock-up-Silox-Plaster-300x300.jpg 300w, https:\/\/www.manticeramicitalia.it\/wp-content\/uploads\/2024\/05\/8.mock-up-Silox-Plaster-150x150.jpg 150w, https:\/\/www.manticeramicitalia.it\/wp-content\/uploads\/2024\/05\/8.mock-up-Silox-Plaster-768x768.jpg 768w\" sizes=\"(max-width: 400px) 100vw, 400px\" \/><\/div><\/div><\/div><\/div><div  class='flex_column av-m1r4l3-6b8601dacc83cbea5a6c67aad7c00ec3 av_one_half  avia-builder-el-5  el_after_av_one_half  el_before_av_one_half  flex_column_div  '     ><p>\n<style type=\"text\/css\" data-created_by=\"avia_inline_auto\" id=\"style-css-av-l5502f-0a906e0f9f2b6a8c065797f00ab2f850\">\n#top .av-special-heading.av-l5502f-0a906e0f9f2b6a8c065797f00ab2f850{\npadding-bottom:10px;\ncolor:#181a7c;\n}\nbody .av-special-heading.av-l5502f-0a906e0f9f2b6a8c065797f00ab2f850 .av-special-heading-tag .heading-char{\nfont-size:25px;\n}\n.av-special-heading.av-l5502f-0a906e0f9f2b6a8c065797f00ab2f850 .special-heading-inner-border{\nborder-color:#181a7c;\n}\n.av-special-heading.av-l5502f-0a906e0f9f2b6a8c065797f00ab2f850 .av-subheading{\nfont-size:15px;\n}\nbody .av-special-heading.av-l5502f-0a906e0f9f2b6a8c065797f00ab2f850 .av-special-heading-tag .heading-wrap:before{\nborder-color:#181a7c;\n}\nbody .av-special-heading.av-l5502f-0a906e0f9f2b6a8c065797f00ab2f850 .av-special-heading-tag .heading-wrap:after{\nborder-color:#181a7c;\n}\n<\/style>\n<div  class='av-special-heading av-l5502f-0a906e0f9f2b6a8c065797f00ab2f850 av-special-heading-h2 custom-color-heading blockquote modern-quote  avia-builder-el-6  el_before_av_textblock  avia-builder-el-first '><h2 class='av-special-heading-tag '  itemprop=\"headline\"  >Descripci\u00f3n del producto<\/h2><div class=\"special-heading-border\"><div class=\"special-heading-inner-border\"><\/div><\/div><\/div><br \/>\n<section  class='av_textblock_section av-m1672bzg-7dcacee62f39044c70d0525b1ab44966 '   itemscope=\"itemscope\" itemtype=\"https:\/\/schema.org\/CreativeWork\" ><div class='avia_textblock'  itemprop=\"text\" ><p>Revestimiento civil reforzado con fibra, destinado principalmente para la realizaci\u00f3n de superficies exteriores y para el acabado de rasantes nanotecnol\u00f3gicos. Puede aplicarse sobre yesos civiles o sobre pinturas antiguas existentes, siguiendo las instrucciones de colocaci\u00f3n para la preparaci\u00f3n del fondo.<br \/>\nEs un producto a base de s\u00edloxano.<br \/>\nAspecto mate. El producto forma parte del Ciclo Certificado de Aislamiento Manti Ceramic.<br \/>\nPuede ser coloreado a petici\u00f3n.<\/p>\n<\/div><\/section><br \/>\n<div  class='avia-button-wrap av-m16738si-c111de29c21e2102ccc84728bd1b31c7-wrap avia-button-center  avia-builder-el-8  el_after_av_textblock  avia-builder-el-last '>\n<style type=\"text\/css\" data-created_by=\"avia_inline_auto\" id=\"style-css-av-m16738si-c111de29c21e2102ccc84728bd1b31c7\">\n#top #wrap_all .avia-button.av-m16738si-c111de29c21e2102ccc84728bd1b31c7{\nbackground-color:#181a7c;\nborder-color:#181a7c;\ntransition:all 0.4s ease-in-out;\n}\n#top #wrap_all .avia-button.av-m16738si-c111de29c21e2102ccc84728bd1b31c7:hover{\nbackground-color:#e80d0f;\ncolor:white;\ntransition:all 0.4s ease-in-out;\n}\n#top #wrap_all .avia-button.av-m16738si-c111de29c21e2102ccc84728bd1b31c7:hover .avia-svg-icon svg:first-child{\nfill:white;\nstroke:white;\n}\n<\/style>\n<a href='https:\/\/www.manticeramicitalia.it\/wp-content\/uploads\/2024\/11\/Ficha-tecnica-SILOX-PLASTER.pdf'  class='avia-button av-m16738si-c111de29c21e2102ccc84728bd1b31c7 av-link-btn avia-icon_select-no avia-size-medium avia-position-center avia-font-color-theme-color'   aria-label=\"DESCARGAR FICHA T\u00c9CNICA\"><span class='avia_iconbox_title' >DESCARGAR FICHA T\u00c9CNICA<\/span><\/a><\/div><\/p><\/div><div  class='flex_column av-ige29j-b5aa6131639f91f146ed7f2ef2577901 av_one_half  avia-builder-el-9  el_after_av_one_half  el_before_av_one_half  first flex_column_div  column-top-margin'     ><p>\n<style type=\"text\/css\" data-created_by=\"avia_inline_auto\" id=\"style-css-av-gznp7r-8c4c61988b8e85c410f5ed0ed4d01f0d\">\n#top .av-special-heading.av-gznp7r-8c4c61988b8e85c410f5ed0ed4d01f0d{\npadding-bottom:10px;\ncolor:#e80d0fff;\n}\nbody .av-special-heading.av-gznp7r-8c4c61988b8e85c410f5ed0ed4d01f0d .av-special-heading-tag .heading-char{\nfont-size:25px;\n}\n.av-special-heading.av-gznp7r-8c4c61988b8e85c410f5ed0ed4d01f0d .special-heading-inner-border{\nborder-color:#e80d0fff;\n}\n.av-special-heading.av-gznp7r-8c4c61988b8e85c410f5ed0ed4d01f0d .av-subheading{\nfont-size:15px;\n}\n<\/style>\n<div  class='av-special-heading av-gznp7r-8c4c61988b8e85c410f5ed0ed4d01f0d av-special-heading-h3 custom-color-heading blockquote modern-quote  avia-builder-el-10  el_before_av_heading  avia-builder-el-first '><h3 class='av-special-heading-tag '  itemprop=\"headline\"  >Contacta con nosotros<\/h3><div class=\"special-heading-border\"><div class=\"special-heading-inner-border\"><\/div><\/div><\/div><br \/>\n\n<style type=\"text\/css\" data-created_by=\"avia_inline_auto\" id=\"style-css-av-fft0yf-9b8451d81ebcecf180f8a27bd6a086a0\">\n#top .av-special-heading.av-fft0yf-9b8451d81ebcecf180f8a27bd6a086a0{\npadding-bottom:10px;\ncolor:#e80d0fff;\n}\nbody .av-special-heading.av-fft0yf-9b8451d81ebcecf180f8a27bd6a086a0 .av-special-heading-tag .heading-char{\nfont-size:25px;\n}\n.av-special-heading.av-fft0yf-9b8451d81ebcecf180f8a27bd6a086a0 .special-heading-inner-border{\nborder-color:#e80d0fff;\n}\n.av-special-heading.av-fft0yf-9b8451d81ebcecf180f8a27bd6a086a0 .av-subheading{\nfont-size:15px;\n}\n<\/style>\n<div  class='av-special-heading av-fft0yf-9b8451d81ebcecf180f8a27bd6a086a0 av-special-heading-h2 custom-color-heading blockquote modern-quote  avia-builder-el-11  el_after_av_heading  el_before_av_font_icon '><h2 class='av-special-heading-tag '  itemprop=\"headline\"  >Rellena el formulario para recibir m\u00e1s informaci\u00f3n<\/h2><div class=\"special-heading-border\"><div class=\"special-heading-inner-border\"><\/div><\/div><\/div><br \/>\n\n<style type=\"text\/css\" data-created_by=\"avia_inline_auto\" id=\"style-css-av-ds61af-eee807fe678435d79e764f077c81eb14\">\n.av_font_icon.av-ds61af-eee807fe678435d79e764f077c81eb14{\ncolor:#e80d0f;\nborder-color:#e80d0f;\n}\n.avia-svg-icon.av-ds61af-eee807fe678435d79e764f077c81eb14 svg:first-child{\nstroke:#e80d0f;\nfill:#e80d0f;\n}\n.av_font_icon.av-ds61af-eee807fe678435d79e764f077c81eb14 .av-icon-char{\nfont-size:40px;\nline-height:40px;\n}\n<\/style>\n<span  class='av_font_icon av-ds61af-eee807fe678435d79e764f077c81eb14 avia_animate_when_visible av-icon-style- avia-icon-pos-left avia-iconfont avia-font-entypo-fontello avia-icon-animate'><span class='av-icon-char' data-av_icon='\ue889' data-av_iconfont='entypo-fontello' aria-hidden=\"true\" ><\/span><\/span><\/p><\/div><div  class='flex_column av-d7pd87-a8ab976cbb2dc265897491f40e851e2f av_one_half  avia-builder-el-13  el_after_av_one_half  avia-builder-el-last  flex_column_div  column-top-margin'     ><form action=\"https:\/\/www.manticeramicitalia.it\/es\/construccion\/silox-plaster\/\" method=\"post\" data-fields-with-error=\"Found errors in the following field(s):\" class=\"avia_ajax_form av-form-labels-hidden   avia-builder-el-14  avia-builder-el-no-sibling  av-show-form-errors  av-custom-form-color av-dark-form \" data-avia-form-id=\"1\" data-avia-redirect=''  aria-label='Modulo di contatto' ><h3 class=''>Env\u00edanos un correo electr\u00f3nico<\/h3><fieldset><p class='  first_form  form_element form_element_half' id='element_avia_1_1'><label for=\"avia_1_1\">Nombre y apellidos <abbr class=\"required\" title=\"requerido\">*<\/abbr><\/label> <input name=\"avia_1_1\" class=\"text_input is_empty\" type=\"text\" id=\"avia_1_1\" value=\"\"  placeholder='Nombre y apellidos*'\/><\/p><p class='  form_element form_element_half' id='element_avia_2_1'><label for=\"avia_2_1\">Correo electr\u00f3nico <abbr class=\"required\" title=\"requerido\">*<\/abbr><\/label> <input name=\"avia_2_1\" class=\"text_input is_email\" type=\"text\" id=\"avia_2_1\" value=\"\"  placeholder='Correo electr\u00f3nico*'\/><\/p><p class='  first_form  form_element form_element_half' id='element_avia_3_1'><label for=\"avia_3_1\">Provincia <abbr class=\"required\" title=\"requerido\">*<\/abbr><\/label> <input name=\"avia_3_1\" class=\"text_input is_empty\" type=\"text\" id=\"avia_3_1\" value=\"\"  placeholder='Provincia*'\/><\/p><p class='  form_element form_element_half' id='element_avia_4_1'><label for=\"avia_4_1\">Tel\u00e9fono m\u00f3vil <abbr class=\"required\" title=\"requerido\">*<\/abbr><\/label> <input name=\"avia_4_1\" class=\"text_input is_phone\" type=\"text\" id=\"avia_4_1\" value=\"\"  placeholder='Tel\u00e9fono m\u00f3vil*'\/><\/p><p class='  first_form  form_element form_fullwidth' id='element_avia_5_1'><label for=\"avia_5_1\" class=\"textare_label hidden textare_label_avia_5_1\">Mensaje <abbr class=\"required\" title=\"requerido\">*<\/abbr><\/label><textarea  placeholder='Mensaje*' name=\"avia_5_1\" class=\"text_area is_empty\" cols=\"40\" rows=\"7\" id=\"avia_5_1\" ><\/textarea><\/p><p class='  first_form  form_element form_fullwidth' id='element_avia_6_1'><input  name=\"avia_6_1\" class=\"input_checkbox is_empty\" type=\"checkbox\" id=\"avia_6_1\" value=\"true\"\/><label class=\"input_checkbox_label\" for=\"avia_6_1\">Doy mi consentimiento para el procesamiento de datos personales para los fines indicados en la <a href=\"\"https:\/\/www.manticeramicitalia.it\/es\/privacy-policy\/\">informaci\u00f3n<\/a> <abbr class=\"required\" title=\"requerido\">*<\/abbr><\/label><\/p><h6 id='element_avia_7_1' class=' first_form  form_element form_fullwidth av-form-headline '>Demuestra que no eres un robot<\/h6><p class=\"hidden\"><input type=\"text\" name=\"avia_8_1\" class=\"hidden \" id=\"avia_8_1\" value=\"\" \/><\/p><p class='   form_element form_fullwidth' id='element_avia_9_1'><span class='value_verifier_label'>0 + 8 = ?<\/span><input name=\"avia_9_1_verifier\" type=\"hidden\" id=\"avia_9_1_verifier\" value=\"151453458\"\/><label for=\"avia_9_1\">Para mayor seguridad, responde la siguiente pregunta <abbr class=\"required\" title=\"requerido\">*<\/abbr><\/label><input name=\"avia_9_1\" class=\"text_input captcha\" type=\"text\" id=\"avia_9_1\" value=\"\"\/><\/p><p class=\"form_element \"><input type=\"hidden\" value=\"1\" name=\"avia_generated_form1\" \/><input type=\"submit\" value=\"ENVIAR\" class=\"button\"  data-sending-label=\"Enviando\"\/><\/p><\/fieldset><\/form><div id=\"ajaxresponse_1\" class=\"ajaxresponse ajaxresponse_1 hidden\"><\/div><\/div><\/div><\/div><\/div><!-- close content main div --><\/div><\/div><div id='after_section_2'  class='main_color av_default_container_wrap container_wrap sidebar_right'  ><div class='container av-section-cont-open' ><div class='template-page content  av-content-small alpha units'><div class='post-entry post-entry-type-page post-entry-4466'><div class='entry-content-wrapper clearfix'>\n","protected":false},"excerpt":{"rendered":"","protected":false},"author":1,"featured_media":1897,"parent":2193,"menu_order":0,"comment_status":"closed","ping_status":"closed","template":"","meta":{"two_page_speed":[],"footnotes":""},"class_list":["post-4466","page","type-page","status-publish","has-post-thumbnail","hentry"],"yoast_head":"<!-- This site is optimized with the Yoast SEO Premium plugin v27.6 (Yoast SEO v27.6) - https:\/\/yoast.com\/product\/yoast-seo-premium-wordpress\/ -->\n<title>Silox Plaster - Manti Ceramic<\/title>\n<meta name=\"description\" content=\"Enlucido mate Silox Plaster Reforzado con fibras, para uso exterior y acabado de enlucidos nanotecnol\u00f3gicos. Acr\u00edlico-siloxano y coloreable.\" \/>\n<meta name=\"robots\" content=\"index, follow, max-snippet:-1, max-image-preview:large, max-video-preview:-1\" \/>\n<link rel=\"canonical\" href=\"https:\/\/www.manticeramicitalia.it\/es\/construccion\/silox-plaster\/\" \/>\n<meta property=\"og:locale\" content=\"es_ES\" \/>\n<meta property=\"og:type\" content=\"article\" \/>\n<meta property=\"og:title\" content=\"Silox Plaster\" \/>\n<meta property=\"og:description\" content=\"Enlucido mate Silox Plaster Reforzado con fibras, para uso exterior y acabado de enlucidos nanotecnol\u00f3gicos. Acr\u00edlico-siloxano y coloreable.\" \/>\n<meta property=\"og:url\" content=\"https:\/\/www.manticeramicitalia.it\/es\/construccion\/silox-plaster\/\" \/>\n<meta property=\"og:site_name\" content=\"Manti Ceramic Italia\" \/>\n<meta property=\"article:modified_time\" content=\"2025-01-28T14:03:13+00:00\" \/>\n<meta property=\"og:image\" content=\"https:\/\/www.manticeramicitalia.it\/wp-content\/uploads\/2024\/05\/8.mock-up-Silox-Plaster.jpg\" \/>\n\t<meta property=\"og:image:width\" content=\"900\" \/>\n\t<meta property=\"og:image:height\" content=\"900\" \/>\n\t<meta property=\"og:image:type\" content=\"image\/jpeg\" \/>\n<meta name=\"twitter:card\" content=\"summary_large_image\" \/>\n<meta name=\"twitter:label1\" content=\"Tiempo de lectura\" \/>\n\t<meta name=\"twitter:data1\" content=\"1 minuto\" \/>\n<script type=\"application\/ld+json\" class=\"yoast-schema-graph\">{\"@context\":\"https:\\\/\\\/schema.org\",\"@graph\":[{\"@type\":\"WebPage\",\"@id\":\"https:\\\/\\\/www.manticeramicitalia.it\\\/es\\\/construccion\\\/silox-plaster\\\/\",\"url\":\"https:\\\/\\\/www.manticeramicitalia.it\\\/es\\\/construccion\\\/silox-plaster\\\/\",\"name\":\"Silox Plaster - Manti Ceramic\",\"isPartOf\":{\"@id\":\"https:\\\/\\\/www.manticeramicitalia.it\\\/es\\\/#website\"},\"primaryImageOfPage\":{\"@id\":\"https:\\\/\\\/www.manticeramicitalia.it\\\/es\\\/construccion\\\/silox-plaster\\\/#primaryimage\"},\"image\":{\"@id\":\"https:\\\/\\\/www.manticeramicitalia.it\\\/es\\\/construccion\\\/silox-plaster\\\/#primaryimage\"},\"thumbnailUrl\":\"https:\\\/\\\/www.manticeramicitalia.it\\\/wp-content\\\/uploads\\\/2024\\\/05\\\/8.mock-up-Silox-Plaster.jpg\",\"datePublished\":\"2024-10-02T14:38:38+00:00\",\"dateModified\":\"2025-01-28T14:03:13+00:00\",\"description\":\"Enlucido mate Silox Plaster Reforzado con fibras, para uso exterior y acabado de enlucidos nanotecnol\u00f3gicos. Acr\u00edlico-siloxano y coloreable.\",\"breadcrumb\":{\"@id\":\"https:\\\/\\\/www.manticeramicitalia.it\\\/es\\\/construccion\\\/silox-plaster\\\/#breadcrumb\"},\"inLanguage\":\"es\",\"potentialAction\":[{\"@type\":\"ReadAction\",\"target\":[\"https:\\\/\\\/www.manticeramicitalia.it\\\/es\\\/construccion\\\/silox-plaster\\\/\"]}]},{\"@type\":\"ImageObject\",\"inLanguage\":\"es\",\"@id\":\"https:\\\/\\\/www.manticeramicitalia.it\\\/es\\\/construccion\\\/silox-plaster\\\/#primaryimage\",\"url\":\"https:\\\/\\\/www.manticeramicitalia.it\\\/wp-content\\\/uploads\\\/2024\\\/05\\\/8.mock-up-Silox-Plaster.jpg\",\"contentUrl\":\"https:\\\/\\\/www.manticeramicitalia.it\\\/wp-content\\\/uploads\\\/2024\\\/05\\\/8.mock-up-Silox-Plaster.jpg\",\"width\":900,\"height\":900},{\"@type\":\"BreadcrumbList\",\"@id\":\"https:\\\/\\\/www.manticeramicitalia.it\\\/es\\\/construccion\\\/silox-plaster\\\/#breadcrumb\",\"itemListElement\":[{\"@type\":\"ListItem\",\"position\":1,\"name\":\"Home\",\"item\":\"https:\\\/\\\/www.manticeramicitalia.it\\\/es\\\/home\\\/\"},{\"@type\":\"ListItem\",\"position\":2,\"name\":\"Construcci\u00f3n\",\"item\":\"https:\\\/\\\/www.manticeramicitalia.it\\\/es\\\/construccion\\\/\"},{\"@type\":\"ListItem\",\"position\":3,\"name\":\"Silox Plaster\"}]},{\"@type\":\"WebSite\",\"@id\":\"https:\\\/\\\/www.manticeramicitalia.it\\\/es\\\/#website\",\"url\":\"https:\\\/\\\/www.manticeramicitalia.it\\\/es\\\/\",\"name\":\"Manti Ceramic Italia\",\"description\":\"\",\"publisher\":{\"@id\":\"https:\\\/\\\/www.manticeramicitalia.it\\\/es\\\/#organization\"},\"potentialAction\":[{\"@type\":\"SearchAction\",\"target\":{\"@type\":\"EntryPoint\",\"urlTemplate\":\"https:\\\/\\\/www.manticeramicitalia.it\\\/es\\\/?s={search_term_string}\"},\"query-input\":{\"@type\":\"PropertyValueSpecification\",\"valueRequired\":true,\"valueName\":\"search_term_string\"}}],\"inLanguage\":\"es\"},{\"@type\":\"Organization\",\"@id\":\"https:\\\/\\\/www.manticeramicitalia.it\\\/es\\\/#organization\",\"name\":\"Manti Ceramic Italia\",\"url\":\"https:\\\/\\\/www.manticeramicitalia.it\\\/es\\\/\",\"logo\":{\"@type\":\"ImageObject\",\"inLanguage\":\"es\",\"@id\":\"https:\\\/\\\/www.manticeramicitalia.it\\\/es\\\/#\\\/schema\\\/logo\\\/image\\\/\",\"url\":\"https:\\\/\\\/www.manticeramicitalia.it\\\/wp-content\\\/uploads\\\/2024\\\/03\\\/cropped-cropped-Logo-Web.png\",\"contentUrl\":\"https:\\\/\\\/www.manticeramicitalia.it\\\/wp-content\\\/uploads\\\/2024\\\/03\\\/cropped-cropped-Logo-Web.png\",\"width\":180,\"height\":60,\"caption\":\"Manti Ceramic Italia\"},\"image\":{\"@id\":\"https:\\\/\\\/www.manticeramicitalia.it\\\/es\\\/#\\\/schema\\\/logo\\\/image\\\/\"}}]}<\/script>\n<!-- \/ Yoast SEO Premium plugin. -->","yoast_head_json":{"title":"Silox Plaster - Manti Ceramic","description":"Enlucido mate Silox Plaster Reforzado con fibras, para uso exterior y acabado de enlucidos nanotecnol\u00f3gicos. Acr\u00edlico-siloxano y coloreable.","robots":{"index":"index","follow":"follow","max-snippet":"max-snippet:-1","max-image-preview":"max-image-preview:large","max-video-preview":"max-video-preview:-1"},"canonical":"https:\/\/www.manticeramicitalia.it\/es\/construccion\/silox-plaster\/","og_locale":"es_ES","og_type":"article","og_title":"Silox Plaster","og_description":"Enlucido mate Silox Plaster Reforzado con fibras, para uso exterior y acabado de enlucidos nanotecnol\u00f3gicos. Acr\u00edlico-siloxano y coloreable.","og_url":"https:\/\/www.manticeramicitalia.it\/es\/construccion\/silox-plaster\/","og_site_name":"Manti Ceramic Italia","article_modified_time":"2025-01-28T14:03:13+00:00","og_image":[{"width":900,"height":900,"url":"https:\/\/www.manticeramicitalia.it\/wp-content\/uploads\/2024\/05\/8.mock-up-Silox-Plaster.jpg","type":"image\/jpeg"}],"twitter_card":"summary_large_image","twitter_misc":{"Tiempo de lectura":"1 minuto"},"schema":{"@context":"https:\/\/schema.org","@graph":[{"@type":"WebPage","@id":"https:\/\/www.manticeramicitalia.it\/es\/construccion\/silox-plaster\/","url":"https:\/\/www.manticeramicitalia.it\/es\/construccion\/silox-plaster\/","name":"Silox Plaster - Manti Ceramic","isPartOf":{"@id":"https:\/\/www.manticeramicitalia.it\/es\/#website"},"primaryImageOfPage":{"@id":"https:\/\/www.manticeramicitalia.it\/es\/construccion\/silox-plaster\/#primaryimage"},"image":{"@id":"https:\/\/www.manticeramicitalia.it\/es\/construccion\/silox-plaster\/#primaryimage"},"thumbnailUrl":"https:\/\/www.manticeramicitalia.it\/wp-content\/uploads\/2024\/05\/8.mock-up-Silox-Plaster.jpg","datePublished":"2024-10-02T14:38:38+00:00","dateModified":"2025-01-28T14:03:13+00:00","description":"Enlucido mate Silox Plaster Reforzado con fibras, para uso exterior y acabado de enlucidos nanotecnol\u00f3gicos. Acr\u00edlico-siloxano y coloreable.","breadcrumb":{"@id":"https:\/\/www.manticeramicitalia.it\/es\/construccion\/silox-plaster\/#breadcrumb"},"inLanguage":"es","potentialAction":[{"@type":"ReadAction","target":["https:\/\/www.manticeramicitalia.it\/es\/construccion\/silox-plaster\/"]}]},{"@type":"ImageObject","inLanguage":"es","@id":"https:\/\/www.manticeramicitalia.it\/es\/construccion\/silox-plaster\/#primaryimage","url":"https:\/\/www.manticeramicitalia.it\/wp-content\/uploads\/2024\/05\/8.mock-up-Silox-Plaster.jpg","contentUrl":"https:\/\/www.manticeramicitalia.it\/wp-content\/uploads\/2024\/05\/8.mock-up-Silox-Plaster.jpg","width":900,"height":900},{"@type":"BreadcrumbList","@id":"https:\/\/www.manticeramicitalia.it\/es\/construccion\/silox-plaster\/#breadcrumb","itemListElement":[{"@type":"ListItem","position":1,"name":"Home","item":"https:\/\/www.manticeramicitalia.it\/es\/home\/"},{"@type":"ListItem","position":2,"name":"Construcci\u00f3n","item":"https:\/\/www.manticeramicitalia.it\/es\/construccion\/"},{"@type":"ListItem","position":3,"name":"Silox Plaster"}]},{"@type":"WebSite","@id":"https:\/\/www.manticeramicitalia.it\/es\/#website","url":"https:\/\/www.manticeramicitalia.it\/es\/","name":"Manti Ceramic Italia","description":"","publisher":{"@id":"https:\/\/www.manticeramicitalia.it\/es\/#organization"},"potentialAction":[{"@type":"SearchAction","target":{"@type":"EntryPoint","urlTemplate":"https:\/\/www.manticeramicitalia.it\/es\/?s={search_term_string}"},"query-input":{"@type":"PropertyValueSpecification","valueRequired":true,"valueName":"search_term_string"}}],"inLanguage":"es"},{"@type":"Organization","@id":"https:\/\/www.manticeramicitalia.it\/es\/#organization","name":"Manti Ceramic Italia","url":"https:\/\/www.manticeramicitalia.it\/es\/","logo":{"@type":"ImageObject","inLanguage":"es","@id":"https:\/\/www.manticeramicitalia.it\/es\/#\/schema\/logo\/image\/","url":"https:\/\/www.manticeramicitalia.it\/wp-content\/uploads\/2024\/03\/cropped-cropped-Logo-Web.png","contentUrl":"https:\/\/www.manticeramicitalia.it\/wp-content\/uploads\/2024\/03\/cropped-cropped-Logo-Web.png","width":180,"height":60,"caption":"Manti Ceramic Italia"},"image":{"@id":"https:\/\/www.manticeramicitalia.it\/es\/#\/schema\/logo\/image\/"}}]}},"_links":{"self":[{"href":"https:\/\/www.manticeramicitalia.it\/es\/wp-json\/wp\/v2\/pages\/4466","targetHints":{"allow":["GET"]}}],"collection":[{"href":"https:\/\/www.manticeramicitalia.it\/es\/wp-json\/wp\/v2\/pages"}],"about":[{"href":"https:\/\/www.manticeramicitalia.it\/es\/wp-json\/wp\/v2\/types\/page"}],"author":[{"embeddable":true,"href":"https:\/\/www.manticeramicitalia.it\/es\/wp-json\/wp\/v2\/users\/1"}],"replies":[{"embeddable":true,"href":"https:\/\/www.manticeramicitalia.it\/es\/wp-json\/wp\/v2\/comments?post=4466"}],"version-history":[{"count":5,"href":"https:\/\/www.manticeramicitalia.it\/es\/wp-json\/wp\/v2\/pages\/4466\/revisions"}],"predecessor-version":[{"id":6222,"href":"https:\/\/www.manticeramicitalia.it\/es\/wp-json\/wp\/v2\/pages\/4466\/revisions\/6222"}],"up":[{"embeddable":true,"href":"https:\/\/www.manticeramicitalia.it\/es\/wp-json\/wp\/v2\/pages\/2193"}],"wp:featuredmedia":[{"embeddable":true,"href":"https:\/\/www.manticeramicitalia.it\/es\/wp-json\/wp\/v2\/media\/1897"}],"wp:attachment":[{"href":"https:\/\/www.manticeramicitalia.it\/es\/wp-json\/wp\/v2\/media?parent=4466"}],"curies":[{"name":"wp","href":"https:\/\/api.w.org\/{rel}","templated":true}]}}